{"id":1566,"date":"2023-09-26T10:38:11","date_gmt":"2023-09-26T14:38:11","guid":{"rendered":"https:\/\/multifemmes.com\/vyolans-domestik\/vyolans-apre-separezon\/"},"modified":"2023-09-26T10:47:06","modified_gmt":"2023-09-26T14:47:06","slug":"vyolans-apre-separezon","status":"publish","type":"page","link":"https:\/\/multifemmes.com\/ht\/vyolans-domestik\/vyolans-apre-separezon\/","title":{"rendered":"Vyolans apre separezon"},"content":{"rendered":"<p style=\"text-align: left;\"><a href=\"https:\/\/multifemmes.com\/ht\/vyolans-domestik\/\">Vyolans domestik<\/a> se premye ak premye yon pouvwa pwan pa agres\u00e8 a sou viktim li. Kidonk, l\u00e8 mari\/madanm nan fini relasyon an, abiz\u00e8 a santi l p\u00e8di pouvwa sa a. Sa a se l\u00e8 vyolans la p\u00e8siste, epi li ka menm ogmante paske abiz\u00e8 a pa dak\u00f2 p\u00e8di kontw\u00f2l sou mari oswa madanm li.<\/p>\n<p style=\"text-align: left;\">Vyolans sa a souvan konsiste de as\u00e8lman, men yo ka <a href=\"http:\/\/multifemmes.com\/quest-ce-que-la-violence-conjugale\/\">nan diferan kalite<\/a>. <a href=\"http:\/\/multifemmes.com\/quest-ce-que-la-violence-conjugale\/\">Sik vyolans<\/a> ka kontinye menm jan fanm nan ap eseye re\u00f2ganize lavi li. Kanta pou timoun, apre pery\u00f2d separasyon an, yo ka f\u00e8 eksperyans tout kalite santiman ki gen rap\u00f2 ak konfli fidelite oswa etranje paran yo pa egzanp. <a href=\"http:\/\/multifemmes.com\/sur-les-femmes-2\/\"> Konsekans vyolans<\/a> yo toujou tr\u00e8 prezan, si sosyal, fizik, sikolojik oswa ekonomik.<\/p>\n<p style=\"text-align: left;\">Fanm ki gen sitiyasyon sa a ka kontakte youn nan travay\u00e8 <a href=\"https:\/\/multifemmes.com\/ht\/sevis\/\">s\u00e8vis ekst\u00e8n<\/a> nou yo, pou yo koute, referans oswa pou pran yon randevou pou vini epi rankontre nou si yo vle. (514 523-2645)<!--more--><\/p>\n","protected":false},"excerpt":{"rendered":"<p>Vyolans domestik se premye ak premye yon pouvwa pwan pa agres\u00e8 a sou viktim li. Kidonk, l\u00e8 mari\/madanm nan fini relasyon an, abiz\u00e8 a santi l p\u00e8di pouvwa sa a. Sa a se l\u00e8 vyolans la p\u00e8siste, epi li ka menm ogmante paske abiz\u00e8 a pa dak\u00f2 p\u00e8di kontw\u00f2l sou mari oswa madanm li. Vyolans [&hellip;]<\/p>\n","protected":false},"author":2,"featured_media":0,"parent":1533,"menu_order":0,"comment_status":"closed","ping_status":"closed","template":"","meta":{"footnotes":""},"class_list":["post-1566","page","type-page","status-publish","hentry"],"yoast_head":"<!-- This site is optimized with the Yoast SEO plugin v27.2 - https:\/\/yoast.com\/product\/yoast-seo-wordpress\/ -->\n<title>Vyolans apre separezon | Multi-Femmes<\/title>\n<meta name=\"robots\" content=\"index, follow, max-snippet:-1, max-image-preview:large, max-video-preview:-1\" \/>\n<link rel=\"canonical\" href=\"https:\/\/multifemmes.com\/ht\/vyolans-domestik\/vyolans-apre-separezon\/\" \/>\n<meta property=\"og:locale\" content=\"ht_HT\" \/>\n<meta property=\"og:type\" content=\"article\" \/>\n<meta property=\"og:title\" content=\"Vyolans apre separezon | Multi-Femmes\" \/>\n<meta property=\"og:description\" content=\"Vyolans domestik se premye ak premye yon pouvwa pwan pa agres\u00e8 a sou viktim li. Kidonk, l\u00e8 mari\/madanm nan fini relasyon an, abiz\u00e8 a santi l p\u00e8di pouvwa sa a. Sa a se l\u00e8 vyolans la p\u00e8siste, epi li ka menm ogmante paske abiz\u00e8 a pa dak\u00f2 p\u00e8di kontw\u00f2l sou mari oswa madanm li. Vyolans [&hellip;]\" \/>\n<meta property=\"og:url\" content=\"https:\/\/multifemmes.com\/ht\/vyolans-domestik\/vyolans-apre-separezon\/\" \/>\n<meta property=\"og:site_name\" content=\"Multi-Femmes\" \/>\n<meta property=\"article:publisher\" content=\"https:\/\/www.facebook.com\/multifemmesviolenceconjugale\/\" \/>\n<meta property=\"article:modified_time\" content=\"2023-09-26T14:47:06+00:00\" \/>\n<meta name=\"twitter:card\" content=\"summary_large_image\" \/>\n<meta name=\"twitter:label1\" content=\"Est. reading time\" \/>\n\t<meta name=\"twitter:data1\" content=\"1 minute\" \/>\n<script type=\"application\/ld+json\" class=\"yoast-schema-graph\">{\"@context\":\"https:\/\/schema.org\",\"@graph\":[{\"@type\":\"WebPage\",\"@id\":\"https:\/\/multifemmes.com\/ht\/vyolans-domestik\/vyolans-apre-separezon\/\",\"url\":\"https:\/\/multifemmes.com\/ht\/vyolans-domestik\/vyolans-apre-separezon\/\",\"name\":\"Vyolans apre separezon | Multi-Femmes\",\"isPartOf\":{\"@id\":\"https:\/\/multifemmes.com\/ht\/#website\"},\"datePublished\":\"2023-09-26T14:38:11+00:00\",\"dateModified\":\"2023-09-26T14:47:06+00:00\",\"breadcrumb\":{\"@id\":\"https:\/\/multifemmes.com\/ht\/vyolans-domestik\/vyolans-apre-separezon\/#breadcrumb\"},\"inLanguage\":\"ht\",\"potentialAction\":[{\"@type\":\"ReadAction\",\"target\":[\"https:\/\/multifemmes.com\/ht\/vyolans-domestik\/vyolans-apre-separezon\/\"]}]},{\"@type\":\"BreadcrumbList\",\"@id\":\"https:\/\/multifemmes.com\/ht\/vyolans-domestik\/vyolans-apre-separezon\/#breadcrumb\",\"itemListElement\":[{\"@type\":\"ListItem\",\"position\":1,\"name\":\"Accueil\",\"item\":\"https:\/\/multifemmes.com\/ht\/\"},{\"@type\":\"ListItem\",\"position\":2,\"name\":\"Vyolans domestik\",\"item\":\"https:\/\/multifemmes.com\/ht\/vyolans-domestik\/\"},{\"@type\":\"ListItem\",\"position\":3,\"name\":\"Vyolans apre separezon\"}]},{\"@type\":\"WebSite\",\"@id\":\"https:\/\/multifemmes.com\/ht\/#website\",\"url\":\"https:\/\/multifemmes.com\/ht\/\",\"name\":\"Multi-Femmes\",\"description\":\"H\u00e9bergement pour femmes victimes de violence conjugale\",\"publisher\":{\"@id\":\"https:\/\/multifemmes.com\/ht\/#organization\"},\"potentialAction\":[{\"@type\":\"SearchAction\",\"target\":{\"@type\":\"EntryPoint\",\"urlTemplate\":\"https:\/\/multifemmes.com\/ht\/?s={search_term_string}\"},\"query-input\":{\"@type\":\"PropertyValueSpecification\",\"valueRequired\":true,\"valueName\":\"search_term_string\"}}],\"inLanguage\":\"ht\"},{\"@type\":\"Organization\",\"@id\":\"https:\/\/multifemmes.com\/ht\/#organization\",\"name\":\"multi-femmes\",\"url\":\"https:\/\/multifemmes.com\/ht\/\",\"logo\":{\"@type\":\"ImageObject\",\"inLanguage\":\"ht\",\"@id\":\"https:\/\/multifemmes.com\/ht\/#\/schema\/logo\/image\/\",\"url\":\"http:\/\/multifemmes.com\/wp-content\/uploads\/2016\/06\/banner-1.jpg\",\"contentUrl\":\"http:\/\/multifemmes.com\/wp-content\/uploads\/2016\/06\/banner-1.jpg\",\"width\":309,\"height\":125,\"caption\":\"multi-femmes\"},\"image\":{\"@id\":\"https:\/\/multifemmes.com\/ht\/#\/schema\/logo\/image\/\"},\"sameAs\":[\"https:\/\/www.facebook.com\/multifemmesviolenceconjugale\/\"]}]}<\/script>\n<!-- \/ Yoast SEO plugin. -->","yoast_head_json":{"title":"Vyolans apre separezon | Multi-Femmes","robots":{"index":"index","follow":"follow","max-snippet":"max-snippet:-1","max-image-preview":"max-image-preview:large","max-video-preview":"max-video-preview:-1"},"canonical":"https:\/\/multifemmes.com\/ht\/vyolans-domestik\/vyolans-apre-separezon\/","og_locale":"ht_HT","og_type":"article","og_title":"Vyolans apre separezon | Multi-Femmes","og_description":"Vyolans domestik se premye ak premye yon pouvwa pwan pa agres\u00e8 a sou viktim li. Kidonk, l\u00e8 mari\/madanm nan fini relasyon an, abiz\u00e8 a santi l p\u00e8di pouvwa sa a. Sa a se l\u00e8 vyolans la p\u00e8siste, epi li ka menm ogmante paske abiz\u00e8 a pa dak\u00f2 p\u00e8di kontw\u00f2l sou mari oswa madanm li. Vyolans [&hellip;]","og_url":"https:\/\/multifemmes.com\/ht\/vyolans-domestik\/vyolans-apre-separezon\/","og_site_name":"Multi-Femmes","article_publisher":"https:\/\/www.facebook.com\/multifemmesviolenceconjugale\/","article_modified_time":"2023-09-26T14:47:06+00:00","twitter_card":"summary_large_image","twitter_misc":{"Est. reading time":"1 minute"},"schema":{"@context":"https:\/\/schema.org","@graph":[{"@type":"WebPage","@id":"https:\/\/multifemmes.com\/ht\/vyolans-domestik\/vyolans-apre-separezon\/","url":"https:\/\/multifemmes.com\/ht\/vyolans-domestik\/vyolans-apre-separezon\/","name":"Vyolans apre separezon | Multi-Femmes","isPartOf":{"@id":"https:\/\/multifemmes.com\/ht\/#website"},"datePublished":"2023-09-26T14:38:11+00:00","dateModified":"2023-09-26T14:47:06+00:00","breadcrumb":{"@id":"https:\/\/multifemmes.com\/ht\/vyolans-domestik\/vyolans-apre-separezon\/#breadcrumb"},"inLanguage":"ht","potentialAction":[{"@type":"ReadAction","target":["https:\/\/multifemmes.com\/ht\/vyolans-domestik\/vyolans-apre-separezon\/"]}]},{"@type":"BreadcrumbList","@id":"https:\/\/multifemmes.com\/ht\/vyolans-domestik\/vyolans-apre-separezon\/#breadcrumb","itemListElement":[{"@type":"ListItem","position":1,"name":"Accueil","item":"https:\/\/multifemmes.com\/ht\/"},{"@type":"ListItem","position":2,"name":"Vyolans domestik","item":"https:\/\/multifemmes.com\/ht\/vyolans-domestik\/"},{"@type":"ListItem","position":3,"name":"Vyolans apre separezon"}]},{"@type":"WebSite","@id":"https:\/\/multifemmes.com\/ht\/#website","url":"https:\/\/multifemmes.com\/ht\/","name":"Multi-Femmes","description":"H\u00e9bergement pour femmes victimes de violence conjugale","publisher":{"@id":"https:\/\/multifemmes.com\/ht\/#organization"},"potentialAction":[{"@type":"SearchAction","target":{"@type":"EntryPoint","urlTemplate":"https:\/\/multifemmes.com\/ht\/?s={search_term_string}"},"query-input":{"@type":"PropertyValueSpecification","valueRequired":true,"valueName":"search_term_string"}}],"inLanguage":"ht"},{"@type":"Organization","@id":"https:\/\/multifemmes.com\/ht\/#organization","name":"multi-femmes","url":"https:\/\/multifemmes.com\/ht\/","logo":{"@type":"ImageObject","inLanguage":"ht","@id":"https:\/\/multifemmes.com\/ht\/#\/schema\/logo\/image\/","url":"http:\/\/multifemmes.com\/wp-content\/uploads\/2016\/06\/banner-1.jpg","contentUrl":"http:\/\/multifemmes.com\/wp-content\/uploads\/2016\/06\/banner-1.jpg","width":309,"height":125,"caption":"multi-femmes"},"image":{"@id":"https:\/\/multifemmes.com\/ht\/#\/schema\/logo\/image\/"},"sameAs":["https:\/\/www.facebook.com\/multifemmesviolenceconjugale\/"]}]}},"_links":{"self":[{"href":"https:\/\/multifemmes.com\/ht\/wp-json\/wp\/v2\/pages\/1566","targetHints":{"allow":["GET"]}}],"collection":[{"href":"https:\/\/multifemmes.com\/ht\/wp-json\/wp\/v2\/pages"}],"about":[{"href":"https:\/\/multifemmes.com\/ht\/wp-json\/wp\/v2\/types\/page"}],"author":[{"embeddable":true,"href":"https:\/\/multifemmes.com\/ht\/wp-json\/wp\/v2\/users\/2"}],"replies":[{"embeddable":true,"href":"https:\/\/multifemmes.com\/ht\/wp-json\/wp\/v2\/comments?post=1566"}],"version-history":[{"count":0,"href":"https:\/\/multifemmes.com\/ht\/wp-json\/wp\/v2\/pages\/1566\/revisions"}],"up":[{"embeddable":true,"href":"https:\/\/multifemmes.com\/ht\/wp-json\/wp\/v2\/pages\/1533"}],"wp:attachment":[{"href":"https:\/\/multifemmes.com\/ht\/wp-json\/wp\/v2\/media?parent=1566"}],"curies":[{"name":"wp","href":"https:\/\/api.w.org\/{rel}","templated":true}]}}