{"id":1525,"date":"2023-09-26T08:50:16","date_gmt":"2023-09-26T12:50:16","guid":{"rendered":"https:\/\/multifemmes.com\/prepare-pou-depa-ou\/"},"modified":"2023-09-26T08:51:42","modified_gmt":"2023-09-26T12:51:42","slug":"prepare-pou-depa-ou","status":"publish","type":"page","link":"https:\/\/multifemmes.com\/ht\/vyolans-domestik\/prepare-pou-depa-ou\/","title":{"rendered":"Prepare pou depa ou"},"content":{"rendered":"<h2 style=\"text-align: justify;\">Senaryo pwoteksyon<\/h2>\n<p style=\"text-align: justify;\">Pandan yon epiz\u00f2d vyolans, ou bezwen panse epi aji byen vit kenbe t\u00e8t ou ak pitit ou yo an sekirite. Isit la yo se yon kantite etap pou pran davans ki ka ede kenbe ou an sekirite:<\/p>\n<ul style=\"text-align: justify;\">\n<li>Notifye vwazen yo nan ka ou dwe voye yo pitit ou; Mande yo pou yo rele lapolis l\u00e8 yo tande k\u00f2mansman yon s\u00e8n vyolan;<\/li>\n<\/ul>\n<ul style=\"text-align: justify;\">\n<li>Pale ak moun ou f\u00e8 konfyans sou sitiyasyon ou. Dak\u00f2 ak yo sou yon modpas ke ou pral itilize av\u00e8ti yo ke ou an danje e ke ou ta dwe rele lapolis imedyatman. Ou ka chwazi tou yon modpas av\u00e8k pitit ou pou pwoteje t\u00e8t yo pandan yon Episode nan vyolans.<\/li>\n<\/ul>\n<ul style=\"text-align: justify;\">\n<li>Asire w ou ke ou ka pran rad ou ak byen ou yo ansanm ak sa pitit ou yo byen vit. Si mari\/madanm ou mande ou sa w ap f\u00e8, bay yon rezon, tankou: &#8220;M ap netwaye&#8221; oswa &#8220;M ap prepare rad timoun yo pou demen maten.&#8221;<\/li>\n<\/ul>\n<ul style=\"text-align: justify;\">\n<li>Epitou, evite z\u00f2n kote kouto oubyen zam afe yo estoke.<\/li>\n<\/ul>\n<ul style=\"text-align: justify;\">\n<li>Ale nan chak chanm lakay ou ak imajine ki jan ou ka chape. F\u00e8 tout bagay pou evite py\u00e8s monnen mouri-fini nan prezans mari\/madanm ou.<\/li>\n<\/ul>\n<ul style=\"text-align: justify;\">\n<li>Tach pi bon kote yo sove nan etaj la t\u00e8, dezy\u00e8m etaj ak sous\u00f2l.<\/li>\n<\/ul>\n<ul style=\"text-align: justify;\">\n<li>Ou ka ede pitit ou sove t\u00e8t yo l\u00e8 w montre yo yon kote ou ka rankontre. Anseye yo pou yo rele 9-1-1 nan ev\u00e8nman an nan yon ijans (aksidan, atak ak batri nan t\u00e8t yo oswa moun ou oswa si yo santi yo an sekirite).<\/li>\n<\/ul>\n<ul style=\"text-align: justify;\">\n<li>Toujou konte sou jijman ou ak \u00e9tuition ou. Si sitiyasyon an vin tr\u00e8 danjere, ou bezwen reflechi devan tan sou fason pou w kalme abiz\u00e8 w la.<\/li>\n<\/ul>\n<ul style=\"text-align: justify;\">\n<li>Revize epi tcheke plan sekirite ou regily\u00e8man.<\/li>\n<\/ul>\n<ul style=\"text-align: justify;\">\n<li><strong>Toujou sonje priyorite w se sekirite w ak sekirite pitit ou.<\/strong><\/li>\n<\/ul>\n<p style=\"text-align: left;\"><span style=\"font-size: 8pt;\">Sous: <a href=\"http:\/\/www.scf.gouv.qc.ca\/index.php?id=61\">Gouv\u00e8nman Quebec, <em>Senaryo Pwoteksyon<\/em><\/a><\/span><\/p>\n<h2 style=\"text-align: justify;\">K\u00f2man ou kapab jwenn \u00f2ganize? Ki sa ki pote?<\/h2>\n<p style=\"text-align: justify;\">Nan yon kont\u00e8ks vyolans domestik, li enp\u00f2tan pou planifye aksyon yo dwe pran pou asire sekirite ou. Si w ap panse a kite kay la, menm tanpor\u00e8man, gen yon kantite bagay ou ka f\u00e8 davans:<\/p>\n<ul>\n<li>Kenbe yon mal\u00e8t, bwat oswa sak kote ou ka gen aks\u00e8 a li byen vit ak byen fasil. Otank posib, ou ta dwe mete atik sa yo nan li:\n<ul>\n<li>Yon kopi kle apatman an oswa kay la k\u00f2m byen ke machin nan.<\/li>\n<li>Lajan kach, kidonk, ou ka pran yon taksi oswa f\u00e8 yon ap\u00e8l nan telef\u00f2n.<\/li>\n<li>Dokiman idantite ou: pasp\u00f2, kat asirans sosyal, batist\u00e8 (ou ak sa yo ki nan timoun yo), s\u00e8tifika maryaj, dosye imigrasyon, kat sitway\u00e8nte, kat estati aborij\u00e8n, dokiman legal nan tout kalite kons\u00e8nan ou, koup ou ak pitit ou, elatriye.<\/li>\n<li>Lisans chof\u00e8 ou ak pr\u00e8v enskripsyon an.<\/li>\n<li>Kat sante pitit ou ak dosye vaksinasyon pitit ou.<\/li>\n<li>Liv labank ou, ch\u00e8k, kat kredi ak dokiman kons\u00e8nan ipot\u00e8k la oswa l\u00f2t pr\u00e8 labank.<\/li>\n<li>Kontra-lwaye ou, aksyon, patenarya oswa ak\u00f2 biznis, lwaye oswa resi peman ipot\u00e8k, oswa kopi dokiman sa yo.<\/li>\n<li>Rap\u00f2te kan\u00e8 ak dipl\u00f2m.<\/li>\n<li>Liv adr\u00e8s ou.<\/li>\n<li>Valab ak resi pou pwopriyete pw\u00f2p ou yo.<\/li>\n<li>Yon foto mari\/madanm ou oswa mari\/madanm ou pou ede idantifye yo.<\/li>\n<li>Yon lis l\u00f2t atik ke ou ka tounen pou pita.<\/li>\n<\/ul>\n<\/li>\n<\/ul>\n<ul>\n<li>Asire w ke ou bous ou, bous, ID, kle ak l\u00f2t atik ijans yo nan yon kote ke ou konnen e ke se byen vit ak fasil pou ou pou w jwenn aks\u00e8 nan ka ou bezwen kite kay la byen vit.<\/li>\n<\/ul>\n<ul>\n<li style=\"text-align: justify;\">Louvri yon kont labank separe nan non ou epi yo gen deklarasyon labank yo voye nan yon l\u00f2t adr\u00e8s (yon zanmi oswa yon manm fanmi) pou mari oswa madanm ou pa w\u00e8 yo.<\/li>\n<\/ul>\n<ul>\n<li style=\"text-align: justify;\">Tcheke konbyen lajan se nan kont jwenti ou, nan ka ou bezwen retire mwatye nan li byen vit.<\/li>\n<\/ul>\n<h6 style=\"text-align: left;\"><span style=\"font-size: 8pt;\">Sous: <a href=\"http:\/\/www.scf.gouv.qc.ca\/index.php?id=61\">Gouv\u00e8nman Quebec, <em>Senaryo Pwoteksyon<\/em><\/a><\/span><\/h6>\n","protected":false},"excerpt":{"rendered":"<p>Senaryo pwoteksyon Pandan yon epiz\u00f2d vyolans, ou bezwen panse epi aji byen vit kenbe t\u00e8t ou ak pitit ou yo an sekirite. Isit la yo se yon kantite etap pou pran davans ki ka ede kenbe ou an sekirite: Notifye vwazen yo nan ka ou dwe voye yo pitit ou; Mande yo pou yo rele [&hellip;]<\/p>\n","protected":false},"author":2,"featured_media":0,"parent":1533,"menu_order":0,"comment_status":"closed","ping_status":"closed","template":"","meta":{"footnotes":""},"class_list":["post-1525","page","type-page","status-publish","hentry"],"yoast_head":"<!-- This site is optimized with the Yoast SEO plugin v27.2 - https:\/\/yoast.com\/product\/yoast-seo-wordpress\/ -->\n<title>Prepare pou depa ou | Multi-Femmes<\/title>\n<meta name=\"robots\" content=\"index, follow, max-snippet:-1, max-image-preview:large, max-video-preview:-1\" \/>\n<link rel=\"canonical\" href=\"https:\/\/multifemmes.com\/ht\/vyolans-domestik\/prepare-pou-depa-ou\/\" \/>\n<meta property=\"og:locale\" content=\"ht_HT\" \/>\n<meta property=\"og:type\" content=\"article\" \/>\n<meta property=\"og:title\" content=\"Prepare pou depa ou | Multi-Femmes\" \/>\n<meta property=\"og:description\" content=\"Senaryo pwoteksyon Pandan yon epiz\u00f2d vyolans, ou bezwen panse epi aji byen vit kenbe t\u00e8t ou ak pitit ou yo an sekirite. Isit la yo se yon kantite etap pou pran davans ki ka ede kenbe ou an sekirite: Notifye vwazen yo nan ka ou dwe voye yo pitit ou; Mande yo pou yo rele [&hellip;]\" \/>\n<meta property=\"og:url\" content=\"https:\/\/multifemmes.com\/ht\/vyolans-domestik\/prepare-pou-depa-ou\/\" \/>\n<meta property=\"og:site_name\" content=\"Multi-Femmes\" \/>\n<meta property=\"article:publisher\" content=\"https:\/\/www.facebook.com\/multifemmesviolenceconjugale\/\" \/>\n<meta property=\"article:modified_time\" content=\"2023-09-26T12:51:42+00:00\" \/>\n<meta name=\"twitter:card\" content=\"summary_large_image\" \/>\n<meta name=\"twitter:label1\" content=\"Est. reading time\" \/>\n\t<meta name=\"twitter:data1\" content=\"3 minutes\" \/>\n<script type=\"application\/ld+json\" class=\"yoast-schema-graph\">{\"@context\":\"https:\/\/schema.org\",\"@graph\":[{\"@type\":\"WebPage\",\"@id\":\"https:\/\/multifemmes.com\/ht\/vyolans-domestik\/prepare-pou-depa-ou\/\",\"url\":\"https:\/\/multifemmes.com\/ht\/vyolans-domestik\/prepare-pou-depa-ou\/\",\"name\":\"Prepare pou depa ou | Multi-Femmes\",\"isPartOf\":{\"@id\":\"https:\/\/multifemmes.com\/ht\/#website\"},\"datePublished\":\"2023-09-26T12:50:16+00:00\",\"dateModified\":\"2023-09-26T12:51:42+00:00\",\"breadcrumb\":{\"@id\":\"https:\/\/multifemmes.com\/ht\/vyolans-domestik\/prepare-pou-depa-ou\/#breadcrumb\"},\"inLanguage\":\"ht\",\"potentialAction\":[{\"@type\":\"ReadAction\",\"target\":[\"https:\/\/multifemmes.com\/ht\/vyolans-domestik\/prepare-pou-depa-ou\/\"]}]},{\"@type\":\"BreadcrumbList\",\"@id\":\"https:\/\/multifemmes.com\/ht\/vyolans-domestik\/prepare-pou-depa-ou\/#breadcrumb\",\"itemListElement\":[{\"@type\":\"ListItem\",\"position\":1,\"name\":\"Accueil\",\"item\":\"https:\/\/multifemmes.com\/ht\/\"},{\"@type\":\"ListItem\",\"position\":2,\"name\":\"Prepare pou depa ou\"}]},{\"@type\":\"WebSite\",\"@id\":\"https:\/\/multifemmes.com\/ht\/#website\",\"url\":\"https:\/\/multifemmes.com\/ht\/\",\"name\":\"Multi-Femmes\",\"description\":\"H\u00e9bergement pour femmes victimes de violence conjugale\",\"publisher\":{\"@id\":\"https:\/\/multifemmes.com\/ht\/#organization\"},\"potentialAction\":[{\"@type\":\"SearchAction\",\"target\":{\"@type\":\"EntryPoint\",\"urlTemplate\":\"https:\/\/multifemmes.com\/ht\/?s={search_term_string}\"},\"query-input\":{\"@type\":\"PropertyValueSpecification\",\"valueRequired\":true,\"valueName\":\"search_term_string\"}}],\"inLanguage\":\"ht\"},{\"@type\":\"Organization\",\"@id\":\"https:\/\/multifemmes.com\/ht\/#organization\",\"name\":\"multi-femmes\",\"url\":\"https:\/\/multifemmes.com\/ht\/\",\"logo\":{\"@type\":\"ImageObject\",\"inLanguage\":\"ht\",\"@id\":\"https:\/\/multifemmes.com\/ht\/#\/schema\/logo\/image\/\",\"url\":\"http:\/\/multifemmes.com\/wp-content\/uploads\/2016\/06\/banner-1.jpg\",\"contentUrl\":\"http:\/\/multifemmes.com\/wp-content\/uploads\/2016\/06\/banner-1.jpg\",\"width\":309,\"height\":125,\"caption\":\"multi-femmes\"},\"image\":{\"@id\":\"https:\/\/multifemmes.com\/ht\/#\/schema\/logo\/image\/\"},\"sameAs\":[\"https:\/\/www.facebook.com\/multifemmesviolenceconjugale\/\"]}]}<\/script>\n<!-- \/ Yoast SEO plugin. -->","yoast_head_json":{"title":"Prepare pou depa ou | Multi-Femmes","robots":{"index":"index","follow":"follow","max-snippet":"max-snippet:-1","max-image-preview":"max-image-preview:large","max-video-preview":"max-video-preview:-1"},"canonical":"https:\/\/multifemmes.com\/ht\/vyolans-domestik\/prepare-pou-depa-ou\/","og_locale":"ht_HT","og_type":"article","og_title":"Prepare pou depa ou | Multi-Femmes","og_description":"Senaryo pwoteksyon Pandan yon epiz\u00f2d vyolans, ou bezwen panse epi aji byen vit kenbe t\u00e8t ou ak pitit ou yo an sekirite. Isit la yo se yon kantite etap pou pran davans ki ka ede kenbe ou an sekirite: Notifye vwazen yo nan ka ou dwe voye yo pitit ou; Mande yo pou yo rele [&hellip;]","og_url":"https:\/\/multifemmes.com\/ht\/vyolans-domestik\/prepare-pou-depa-ou\/","og_site_name":"Multi-Femmes","article_publisher":"https:\/\/www.facebook.com\/multifemmesviolenceconjugale\/","article_modified_time":"2023-09-26T12:51:42+00:00","twitter_card":"summary_large_image","twitter_misc":{"Est. reading time":"3 minutes"},"schema":{"@context":"https:\/\/schema.org","@graph":[{"@type":"WebPage","@id":"https:\/\/multifemmes.com\/ht\/vyolans-domestik\/prepare-pou-depa-ou\/","url":"https:\/\/multifemmes.com\/ht\/vyolans-domestik\/prepare-pou-depa-ou\/","name":"Prepare pou depa ou | Multi-Femmes","isPartOf":{"@id":"https:\/\/multifemmes.com\/ht\/#website"},"datePublished":"2023-09-26T12:50:16+00:00","dateModified":"2023-09-26T12:51:42+00:00","breadcrumb":{"@id":"https:\/\/multifemmes.com\/ht\/vyolans-domestik\/prepare-pou-depa-ou\/#breadcrumb"},"inLanguage":"ht","potentialAction":[{"@type":"ReadAction","target":["https:\/\/multifemmes.com\/ht\/vyolans-domestik\/prepare-pou-depa-ou\/"]}]},{"@type":"BreadcrumbList","@id":"https:\/\/multifemmes.com\/ht\/vyolans-domestik\/prepare-pou-depa-ou\/#breadcrumb","itemListElement":[{"@type":"ListItem","position":1,"name":"Accueil","item":"https:\/\/multifemmes.com\/ht\/"},{"@type":"ListItem","position":2,"name":"Prepare pou depa ou"}]},{"@type":"WebSite","@id":"https:\/\/multifemmes.com\/ht\/#website","url":"https:\/\/multifemmes.com\/ht\/","name":"Multi-Femmes","description":"H\u00e9bergement pour femmes victimes de violence conjugale","publisher":{"@id":"https:\/\/multifemmes.com\/ht\/#organization"},"potentialAction":[{"@type":"SearchAction","target":{"@type":"EntryPoint","urlTemplate":"https:\/\/multifemmes.com\/ht\/?s={search_term_string}"},"query-input":{"@type":"PropertyValueSpecification","valueRequired":true,"valueName":"search_term_string"}}],"inLanguage":"ht"},{"@type":"Organization","@id":"https:\/\/multifemmes.com\/ht\/#organization","name":"multi-femmes","url":"https:\/\/multifemmes.com\/ht\/","logo":{"@type":"ImageObject","inLanguage":"ht","@id":"https:\/\/multifemmes.com\/ht\/#\/schema\/logo\/image\/","url":"http:\/\/multifemmes.com\/wp-content\/uploads\/2016\/06\/banner-1.jpg","contentUrl":"http:\/\/multifemmes.com\/wp-content\/uploads\/2016\/06\/banner-1.jpg","width":309,"height":125,"caption":"multi-femmes"},"image":{"@id":"https:\/\/multifemmes.com\/ht\/#\/schema\/logo\/image\/"},"sameAs":["https:\/\/www.facebook.com\/multifemmesviolenceconjugale\/"]}]}},"_links":{"self":[{"href":"https:\/\/multifemmes.com\/ht\/wp-json\/wp\/v2\/pages\/1525","targetHints":{"allow":["GET"]}}],"collection":[{"href":"https:\/\/multifemmes.com\/ht\/wp-json\/wp\/v2\/pages"}],"about":[{"href":"https:\/\/multifemmes.com\/ht\/wp-json\/wp\/v2\/types\/page"}],"author":[{"embeddable":true,"href":"https:\/\/multifemmes.com\/ht\/wp-json\/wp\/v2\/users\/2"}],"replies":[{"embeddable":true,"href":"https:\/\/multifemmes.com\/ht\/wp-json\/wp\/v2\/comments?post=1525"}],"version-history":[{"count":0,"href":"https:\/\/multifemmes.com\/ht\/wp-json\/wp\/v2\/pages\/1525\/revisions"}],"up":[{"embeddable":true,"href":"https:\/\/multifemmes.com\/ht\/wp-json\/wp\/v2\/pages\/1533"}],"wp:attachment":[{"href":"https:\/\/multifemmes.com\/ht\/wp-json\/wp\/v2\/media?parent=1525"}],"curies":[{"name":"wp","href":"https:\/\/api.w.org\/{rel}","templated":true}]}}