{"id":1515,"date":"2023-09-26T08:23:44","date_gmt":"2023-09-26T12:23:44","guid":{"rendered":"https:\/\/multifemmes.com\/efase-tras-ou-yo\/"},"modified":"2023-09-26T08:28:05","modified_gmt":"2023-09-26T12:28:05","slug":"efase-tras-ou-yo","status":"publish","type":"page","link":"https:\/\/multifemmes.com\/ht\/efase-tras-ou-yo\/","title":{"rendered":"Efase tras ou yo"},"content":{"rendered":"<h2>Av\u00e8k Google Chrome (\u00f2dinat\u00e8 ak tabl\u00e8t)<\/h2>\n<ul>\n<li>Pwosedi yo swiv pa klike <a href=\"https:\/\/support.google.com\/chrome\/answer\/95589?co=GENIE.Platform%3DiOS&amp;hl=fr&amp;oco=0\">isit la.<\/a><\/li>\n<\/ul>\n<h2>Av\u00e8k Firefox<\/h2>\n<ul>\n<li>Pwosedi yo swiv pa klike <a href=\"https:\/\/support.mozilla.org\/fr\/kb\/supprimer-historique-recent\">isit la.<\/a><\/li>\n<\/ul>\n<h2>Av\u00e8k Eksplorat\u00e8 ent\u00e8n\u00e8t<\/h2>\n<ul>\n<li>Nan meni an &#8220;Zouti&#8221; nan ba a t\u00e8t, klike sou &#8220;Opsyon ent\u00e8n\u00e8t&#8221;;<\/li>\n<li>Yon fen\u00e8t ap par\u00e8t: klike sou tab la &#8220;Jeneral&#8221; la;<\/li>\n<li>Nan opsyon &#8220;Dosye tanpor\u00e8&#8221; la, klike sou bouton &#8220;Efase Dosye&#8221;;<\/li>\n<li>Nan seksyon &#8220;Istwa&#8221; la, klike sou bouton &#8220;Istwa efase&#8221; bouton an;<\/li>\n<li>Klike sou &#8220;OK&#8221;.<\/li>\n<\/ul>\n<h2>Av\u00e8k Safari<\/h2>\n<p>Ap vini&#8230;<\/p>\n","protected":false},"excerpt":{"rendered":"<p>Av\u00e8k Google Chrome (\u00f2dinat\u00e8 ak tabl\u00e8t) Pwosedi yo swiv pa klike isit la. Av\u00e8k Firefox Pwosedi yo swiv pa klike isit la. Av\u00e8k Eksplorat\u00e8 ent\u00e8n\u00e8t Nan meni an &#8220;Zouti&#8221; nan ba a t\u00e8t, klike sou &#8220;Opsyon ent\u00e8n\u00e8t&#8221;; Yon fen\u00e8t ap par\u00e8t: klike sou tab la &#8220;Jeneral&#8221; la; Nan opsyon &#8220;Dosye tanpor\u00e8&#8221; la, klike sou bouton [&hellip;]<\/p>\n","protected":false},"author":2,"featured_media":0,"parent":0,"menu_order":0,"comment_status":"closed","ping_status":"closed","template":"","meta":{"footnotes":""},"class_list":["post-1515","page","type-page","status-publish","hentry"],"yoast_head":"<!-- This site is optimized with the Yoast SEO plugin v27.2 - https:\/\/yoast.com\/product\/yoast-seo-wordpress\/ -->\n<title>Efase tras ou yo | Multi-Femmes<\/title>\n<meta name=\"robots\" content=\"index, follow, max-snippet:-1, max-image-preview:large, max-video-preview:-1\" \/>\n<link rel=\"canonical\" href=\"https:\/\/multifemmes.com\/ht\/efase-tras-ou-yo\/\" \/>\n<meta property=\"og:locale\" content=\"ht_HT\" \/>\n<meta property=\"og:type\" content=\"article\" \/>\n<meta property=\"og:title\" content=\"Efase tras ou yo | Multi-Femmes\" \/>\n<meta property=\"og:description\" content=\"Av\u00e8k Google Chrome (\u00f2dinat\u00e8 ak tabl\u00e8t) Pwosedi yo swiv pa klike isit la. Av\u00e8k Firefox Pwosedi yo swiv pa klike isit la. Av\u00e8k Eksplorat\u00e8 ent\u00e8n\u00e8t Nan meni an &#8220;Zouti&#8221; nan ba a t\u00e8t, klike sou &#8220;Opsyon ent\u00e8n\u00e8t&#8221;; Yon fen\u00e8t ap par\u00e8t: klike sou tab la &#8220;Jeneral&#8221; la; Nan opsyon &#8220;Dosye tanpor\u00e8&#8221; la, klike sou bouton [&hellip;]\" \/>\n<meta property=\"og:url\" content=\"https:\/\/multifemmes.com\/ht\/efase-tras-ou-yo\/\" \/>\n<meta property=\"og:site_name\" content=\"Multi-Femmes\" \/>\n<meta property=\"article:publisher\" content=\"https:\/\/www.facebook.com\/multifemmesviolenceconjugale\/\" \/>\n<meta property=\"article:modified_time\" content=\"2023-09-26T12:28:05+00:00\" \/>\n<meta name=\"twitter:card\" content=\"summary_large_image\" \/>\n<script type=\"application\/ld+json\" class=\"yoast-schema-graph\">{\"@context\":\"https:\/\/schema.org\",\"@graph\":[{\"@type\":\"WebPage\",\"@id\":\"https:\/\/multifemmes.com\/ht\/efase-tras-ou-yo\/\",\"url\":\"https:\/\/multifemmes.com\/ht\/efase-tras-ou-yo\/\",\"name\":\"Efase tras ou yo | Multi-Femmes\",\"isPartOf\":{\"@id\":\"https:\/\/multifemmes.com\/ht\/#website\"},\"datePublished\":\"2023-09-26T12:23:44+00:00\",\"dateModified\":\"2023-09-26T12:28:05+00:00\",\"breadcrumb\":{\"@id\":\"https:\/\/multifemmes.com\/ht\/efase-tras-ou-yo\/#breadcrumb\"},\"inLanguage\":\"ht\",\"potentialAction\":[{\"@type\":\"ReadAction\",\"target\":[\"https:\/\/multifemmes.com\/ht\/efase-tras-ou-yo\/\"]}]},{\"@type\":\"BreadcrumbList\",\"@id\":\"https:\/\/multifemmes.com\/ht\/efase-tras-ou-yo\/#breadcrumb\",\"itemListElement\":[{\"@type\":\"ListItem\",\"position\":1,\"name\":\"Accueil\",\"item\":\"https:\/\/multifemmes.com\/ht\/\"},{\"@type\":\"ListItem\",\"position\":2,\"name\":\"Efase tras ou yo\"}]},{\"@type\":\"WebSite\",\"@id\":\"https:\/\/multifemmes.com\/ht\/#website\",\"url\":\"https:\/\/multifemmes.com\/ht\/\",\"name\":\"Multi-Femmes\",\"description\":\"H\u00e9bergement pour femmes victimes de violence conjugale\",\"publisher\":{\"@id\":\"https:\/\/multifemmes.com\/ht\/#organization\"},\"potentialAction\":[{\"@type\":\"SearchAction\",\"target\":{\"@type\":\"EntryPoint\",\"urlTemplate\":\"https:\/\/multifemmes.com\/ht\/?s={search_term_string}\"},\"query-input\":{\"@type\":\"PropertyValueSpecification\",\"valueRequired\":true,\"valueName\":\"search_term_string\"}}],\"inLanguage\":\"ht\"},{\"@type\":\"Organization\",\"@id\":\"https:\/\/multifemmes.com\/ht\/#organization\",\"name\":\"multi-femmes\",\"url\":\"https:\/\/multifemmes.com\/ht\/\",\"logo\":{\"@type\":\"ImageObject\",\"inLanguage\":\"ht\",\"@id\":\"https:\/\/multifemmes.com\/ht\/#\/schema\/logo\/image\/\",\"url\":\"http:\/\/multifemmes.com\/wp-content\/uploads\/2016\/06\/banner-1.jpg\",\"contentUrl\":\"http:\/\/multifemmes.com\/wp-content\/uploads\/2016\/06\/banner-1.jpg\",\"width\":309,\"height\":125,\"caption\":\"multi-femmes\"},\"image\":{\"@id\":\"https:\/\/multifemmes.com\/ht\/#\/schema\/logo\/image\/\"},\"sameAs\":[\"https:\/\/www.facebook.com\/multifemmesviolenceconjugale\/\"]}]}<\/script>\n<!-- \/ Yoast SEO plugin. -->","yoast_head_json":{"title":"Efase tras ou yo | Multi-Femmes","robots":{"index":"index","follow":"follow","max-snippet":"max-snippet:-1","max-image-preview":"max-image-preview:large","max-video-preview":"max-video-preview:-1"},"canonical":"https:\/\/multifemmes.com\/ht\/efase-tras-ou-yo\/","og_locale":"ht_HT","og_type":"article","og_title":"Efase tras ou yo | Multi-Femmes","og_description":"Av\u00e8k Google Chrome (\u00f2dinat\u00e8 ak tabl\u00e8t) Pwosedi yo swiv pa klike isit la. Av\u00e8k Firefox Pwosedi yo swiv pa klike isit la. Av\u00e8k Eksplorat\u00e8 ent\u00e8n\u00e8t Nan meni an &#8220;Zouti&#8221; nan ba a t\u00e8t, klike sou &#8220;Opsyon ent\u00e8n\u00e8t&#8221;; Yon fen\u00e8t ap par\u00e8t: klike sou tab la &#8220;Jeneral&#8221; la; Nan opsyon &#8220;Dosye tanpor\u00e8&#8221; la, klike sou bouton [&hellip;]","og_url":"https:\/\/multifemmes.com\/ht\/efase-tras-ou-yo\/","og_site_name":"Multi-Femmes","article_publisher":"https:\/\/www.facebook.com\/multifemmesviolenceconjugale\/","article_modified_time":"2023-09-26T12:28:05+00:00","twitter_card":"summary_large_image","schema":{"@context":"https:\/\/schema.org","@graph":[{"@type":"WebPage","@id":"https:\/\/multifemmes.com\/ht\/efase-tras-ou-yo\/","url":"https:\/\/multifemmes.com\/ht\/efase-tras-ou-yo\/","name":"Efase tras ou yo | Multi-Femmes","isPartOf":{"@id":"https:\/\/multifemmes.com\/ht\/#website"},"datePublished":"2023-09-26T12:23:44+00:00","dateModified":"2023-09-26T12:28:05+00:00","breadcrumb":{"@id":"https:\/\/multifemmes.com\/ht\/efase-tras-ou-yo\/#breadcrumb"},"inLanguage":"ht","potentialAction":[{"@type":"ReadAction","target":["https:\/\/multifemmes.com\/ht\/efase-tras-ou-yo\/"]}]},{"@type":"BreadcrumbList","@id":"https:\/\/multifemmes.com\/ht\/efase-tras-ou-yo\/#breadcrumb","itemListElement":[{"@type":"ListItem","position":1,"name":"Accueil","item":"https:\/\/multifemmes.com\/ht\/"},{"@type":"ListItem","position":2,"name":"Efase tras ou yo"}]},{"@type":"WebSite","@id":"https:\/\/multifemmes.com\/ht\/#website","url":"https:\/\/multifemmes.com\/ht\/","name":"Multi-Femmes","description":"H\u00e9bergement pour femmes victimes de violence conjugale","publisher":{"@id":"https:\/\/multifemmes.com\/ht\/#organization"},"potentialAction":[{"@type":"SearchAction","target":{"@type":"EntryPoint","urlTemplate":"https:\/\/multifemmes.com\/ht\/?s={search_term_string}"},"query-input":{"@type":"PropertyValueSpecification","valueRequired":true,"valueName":"search_term_string"}}],"inLanguage":"ht"},{"@type":"Organization","@id":"https:\/\/multifemmes.com\/ht\/#organization","name":"multi-femmes","url":"https:\/\/multifemmes.com\/ht\/","logo":{"@type":"ImageObject","inLanguage":"ht","@id":"https:\/\/multifemmes.com\/ht\/#\/schema\/logo\/image\/","url":"http:\/\/multifemmes.com\/wp-content\/uploads\/2016\/06\/banner-1.jpg","contentUrl":"http:\/\/multifemmes.com\/wp-content\/uploads\/2016\/06\/banner-1.jpg","width":309,"height":125,"caption":"multi-femmes"},"image":{"@id":"https:\/\/multifemmes.com\/ht\/#\/schema\/logo\/image\/"},"sameAs":["https:\/\/www.facebook.com\/multifemmesviolenceconjugale\/"]}]}},"_links":{"self":[{"href":"https:\/\/multifemmes.com\/ht\/wp-json\/wp\/v2\/pages\/1515","targetHints":{"allow":["GET"]}}],"collection":[{"href":"https:\/\/multifemmes.com\/ht\/wp-json\/wp\/v2\/pages"}],"about":[{"href":"https:\/\/multifemmes.com\/ht\/wp-json\/wp\/v2\/types\/page"}],"author":[{"embeddable":true,"href":"https:\/\/multifemmes.com\/ht\/wp-json\/wp\/v2\/users\/2"}],"replies":[{"embeddable":true,"href":"https:\/\/multifemmes.com\/ht\/wp-json\/wp\/v2\/comments?post=1515"}],"version-history":[{"count":0,"href":"https:\/\/multifemmes.com\/ht\/wp-json\/wp\/v2\/pages\/1515\/revisions"}],"wp:attachment":[{"href":"https:\/\/multifemmes.com\/ht\/wp-json\/wp\/v2\/media?parent=1515"}],"curies":[{"name":"wp","href":"https:\/\/api.w.org\/{rel}","templated":true}]}}