{"id":1504,"date":"2023-09-25T16:02:09","date_gmt":"2023-09-25T20:02:09","guid":{"rendered":"https:\/\/multifemmes.com\/pandan-wap-di-sa\/"},"modified":"2023-09-25T16:07:19","modified_gmt":"2023-09-25T20:07:19","slug":"osije-de","status":"publish","type":"page","link":"https:\/\/multifemmes.com\/ht\/osije-de\/","title":{"rendered":"osij\u00e8 de"},"content":{"rendered":"<p style=\"text-align: left;\">Milti-Femmes se yon \u00f2ganizasyon ki baze sou kominote a, ki pa Peye-Femmes se yon <a href=\"http:\/\/maisons-femmes.qc.ca\/\">manm nan Regwoupement des maisons pour femmes victimes de vyolans konjigal.<\/a><\/p>\n<h2 style=\"text-align: left;\"><\/h2>\n<h2 style=\"text-align: left;\">Misyon nou<\/h2>\n<p style=\"text-align: left;\">Ede fanm viktim vyolans domestik ak pitit yo l\u00e8 yo bay abri, sekirite, koute ak sip\u00f2. Li se tou sou denonse vyolans domestik k\u00f2m yon pwobl\u00e8m sosyal epi yo pa yon pwobl\u00e8m endividy\u00e8l ak defann dwa fanm nan sosyete a an jeneral.<\/p>\n<h2 style=\"text-align: left;\"><\/h2>\n<h2 style=\"text-align: left;\">Objektif nou yo<\/h2>\n<ul style=\"text-align: left;\">\n<li style=\"text-align: justify;\">Denonse vyolans domestik nan tout f\u00f2m li yo;<\/li>\n<li style=\"text-align: justify;\">Bay yon kote ki an sekirite pou fanm viktim vyolans domestik ak pitit yo;<\/li>\n<li style=\"text-align: justify;\">Enf\u00f2me fanm sou dwa yo;<\/li>\n<li style=\"text-align: justify;\">Ede idantifye atitid ak konp\u00f2tman ki gen rap\u00f2 ak vyolans domestik;<\/li>\n<li style=\"text-align: justify;\">Ede manman oswa l\u00f2t moun rekon\u00e8t enpak vyolans domestik sou fanm ak timoun;<\/li>\n<li style=\"text-align: justify;\">Wizif fanm;<\/li>\n<li style=\"text-align: justify;\">Kraze izolasyon;<\/li>\n<li style=\"text-align: justify;\">Ogmante estim pw\u00f2p t\u00e8t ou;<\/li>\n<li style=\"text-align: justify;\">Leve konsyantizasyon sou vyolans domestik.<\/li>\n<\/ul>\n<h2 style=\"text-align: left;\"><\/h2>\n<h2 style=\"text-align: left;\">Istwa nou an<\/h2>\n<ul style=\"text-align: left;\">\n<li>1975 : The Centre de la Femme Nouvelle, pote ansanm el\u00e8v ak avoka, kreye pou ede fanm nan pwosedi legal tout kalite. Medam sa yo byen vit reyalize ke li ka danjere pou fanm ki viktim vyolans domestik toujou ap viv ak mari\/madanm yo konsilte legalman. Av\u00e8k sa nan t\u00e8t ou, yo te deside etabli yon abri, yon kote ki an sekirite ak konfidansy\u00e8l pou ede fanm ki viktim vyolans domestik ak pitit yo.<\/li>\n<\/ul>\n<ul style=\"text-align: left;\">\n<li>1977 : Centre de la Femme Nouvelle fonde Centre Refij montr\u00e9al, youn nan premye abri ki nan zile Monreyal.<\/li>\n<\/ul>\n<ul style=\"text-align: left;\">\n<li>1984 : Centre Refuge Montr\u00e9al chanje non li nan Multi-Femmes.<\/li>\n<\/ul>\n<ul style=\"text-align: left;\">\n<li>1993: Milti-Femmes mete kanpe yon resous<sup>2y\u00e8m<\/sup> etap: Milti-Femmes Deux. Sis inite lojman yo l\u00e8 sa a yo ofri, pou yon pery\u00f2d maksim\u00f2m de yon ane, fanm ak timoun ki te deja rete nan yon abri<sup>etap 1st<\/sup> .<\/li>\n<\/ul>\n<ul>\n<li style=\"text-align: left;\">2006: Milti-Femmes, gras a nouvo lajan ki soti nan Pwogram Sip\u00f2 Pou Kominot\u00e8 (CSSP), ka ofri s\u00e8vis estriktire pou ansyen rezidan yo ak pitit yo, osi byen ke fanm ak timoun ki pa mande pou lojman, yo rele &#8221; <a href=\"http:\/\/multifemmes.com\/services\/\">s\u00e8vis ekst\u00e8n<\/a> &#8220;.<\/li>\n<\/ul>\n","protected":false},"excerpt":{"rendered":"<p>Milti-Femmes se yon \u00f2ganizasyon ki baze sou kominote a, ki pa Peye-Femmes se yon manm nan Regwoupement des maisons pour femmes victimes de vyolans konjigal. Misyon nou Ede fanm viktim vyolans domestik ak pitit yo l\u00e8 yo bay abri, sekirite, koute ak sip\u00f2. Li se tou sou denonse vyolans domestik k\u00f2m yon pwobl\u00e8m sosyal epi [&hellip;]<\/p>\n","protected":false},"author":2,"featured_media":0,"parent":0,"menu_order":0,"comment_status":"closed","ping_status":"closed","template":"","meta":{"footnotes":""},"class_list":["post-1504","page","type-page","status-publish","hentry"],"yoast_head":"<!-- This site is optimized with the Yoast SEO plugin v27.2 - https:\/\/yoast.com\/product\/yoast-seo-wordpress\/ -->\n<title>osij\u00e8 de | Multi-Femmes<\/title>\n<meta name=\"robots\" content=\"index, follow, max-snippet:-1, max-image-preview:large, max-video-preview:-1\" \/>\n<link rel=\"canonical\" href=\"https:\/\/multifemmes.com\/ht\/osije-de\/\" \/>\n<meta property=\"og:locale\" content=\"ht_HT\" \/>\n<meta property=\"og:type\" content=\"article\" \/>\n<meta property=\"og:title\" content=\"osij\u00e8 de | Multi-Femmes\" \/>\n<meta property=\"og:description\" content=\"Milti-Femmes se yon \u00f2ganizasyon ki baze sou kominote a, ki pa Peye-Femmes se yon manm nan Regwoupement des maisons pour femmes victimes de vyolans konjigal. Misyon nou Ede fanm viktim vyolans domestik ak pitit yo l\u00e8 yo bay abri, sekirite, koute ak sip\u00f2. Li se tou sou denonse vyolans domestik k\u00f2m yon pwobl\u00e8m sosyal epi [&hellip;]\" \/>\n<meta property=\"og:url\" content=\"https:\/\/multifemmes.com\/ht\/osije-de\/\" \/>\n<meta property=\"og:site_name\" content=\"Multi-Femmes\" \/>\n<meta property=\"article:publisher\" content=\"https:\/\/www.facebook.com\/multifemmesviolenceconjugale\/\" \/>\n<meta property=\"article:modified_time\" content=\"2023-09-25T20:07:19+00:00\" \/>\n<meta name=\"twitter:card\" content=\"summary_large_image\" \/>\n<meta name=\"twitter:label1\" content=\"Est. reading time\" \/>\n\t<meta name=\"twitter:data1\" content=\"2 minutes\" \/>\n<script type=\"application\/ld+json\" class=\"yoast-schema-graph\">{\"@context\":\"https:\/\/schema.org\",\"@graph\":[{\"@type\":\"WebPage\",\"@id\":\"https:\/\/multifemmes.com\/ht\/osije-de\/\",\"url\":\"https:\/\/multifemmes.com\/ht\/osije-de\/\",\"name\":\"osij\u00e8 de | Multi-Femmes\",\"isPartOf\":{\"@id\":\"https:\/\/multifemmes.com\/ht\/#website\"},\"datePublished\":\"2023-09-25T20:02:09+00:00\",\"dateModified\":\"2023-09-25T20:07:19+00:00\",\"breadcrumb\":{\"@id\":\"https:\/\/multifemmes.com\/ht\/osije-de\/#breadcrumb\"},\"inLanguage\":\"ht\",\"potentialAction\":[{\"@type\":\"ReadAction\",\"target\":[\"https:\/\/multifemmes.com\/ht\/osije-de\/\"]}]},{\"@type\":\"BreadcrumbList\",\"@id\":\"https:\/\/multifemmes.com\/ht\/osije-de\/#breadcrumb\",\"itemListElement\":[{\"@type\":\"ListItem\",\"position\":1,\"name\":\"Accueil\",\"item\":\"https:\/\/multifemmes.com\/ht\/\"},{\"@type\":\"ListItem\",\"position\":2,\"name\":\"osij\u00e8 de\"}]},{\"@type\":\"WebSite\",\"@id\":\"https:\/\/multifemmes.com\/ht\/#website\",\"url\":\"https:\/\/multifemmes.com\/ht\/\",\"name\":\"Multi-Femmes\",\"description\":\"H\u00e9bergement pour femmes victimes de violence conjugale\",\"publisher\":{\"@id\":\"https:\/\/multifemmes.com\/ht\/#organization\"},\"potentialAction\":[{\"@type\":\"SearchAction\",\"target\":{\"@type\":\"EntryPoint\",\"urlTemplate\":\"https:\/\/multifemmes.com\/ht\/?s={search_term_string}\"},\"query-input\":{\"@type\":\"PropertyValueSpecification\",\"valueRequired\":true,\"valueName\":\"search_term_string\"}}],\"inLanguage\":\"ht\"},{\"@type\":\"Organization\",\"@id\":\"https:\/\/multifemmes.com\/ht\/#organization\",\"name\":\"multi-femmes\",\"url\":\"https:\/\/multifemmes.com\/ht\/\",\"logo\":{\"@type\":\"ImageObject\",\"inLanguage\":\"ht\",\"@id\":\"https:\/\/multifemmes.com\/ht\/#\/schema\/logo\/image\/\",\"url\":\"http:\/\/multifemmes.com\/wp-content\/uploads\/2016\/06\/banner-1.jpg\",\"contentUrl\":\"http:\/\/multifemmes.com\/wp-content\/uploads\/2016\/06\/banner-1.jpg\",\"width\":309,\"height\":125,\"caption\":\"multi-femmes\"},\"image\":{\"@id\":\"https:\/\/multifemmes.com\/ht\/#\/schema\/logo\/image\/\"},\"sameAs\":[\"https:\/\/www.facebook.com\/multifemmesviolenceconjugale\/\"]}]}<\/script>\n<!-- \/ Yoast SEO plugin. -->","yoast_head_json":{"title":"osij\u00e8 de | Multi-Femmes","robots":{"index":"index","follow":"follow","max-snippet":"max-snippet:-1","max-image-preview":"max-image-preview:large","max-video-preview":"max-video-preview:-1"},"canonical":"https:\/\/multifemmes.com\/ht\/osije-de\/","og_locale":"ht_HT","og_type":"article","og_title":"osij\u00e8 de | Multi-Femmes","og_description":"Milti-Femmes se yon \u00f2ganizasyon ki baze sou kominote a, ki pa Peye-Femmes se yon manm nan Regwoupement des maisons pour femmes victimes de vyolans konjigal. Misyon nou Ede fanm viktim vyolans domestik ak pitit yo l\u00e8 yo bay abri, sekirite, koute ak sip\u00f2. Li se tou sou denonse vyolans domestik k\u00f2m yon pwobl\u00e8m sosyal epi [&hellip;]","og_url":"https:\/\/multifemmes.com\/ht\/osije-de\/","og_site_name":"Multi-Femmes","article_publisher":"https:\/\/www.facebook.com\/multifemmesviolenceconjugale\/","article_modified_time":"2023-09-25T20:07:19+00:00","twitter_card":"summary_large_image","twitter_misc":{"Est. reading time":"2 minutes"},"schema":{"@context":"https:\/\/schema.org","@graph":[{"@type":"WebPage","@id":"https:\/\/multifemmes.com\/ht\/osije-de\/","url":"https:\/\/multifemmes.com\/ht\/osije-de\/","name":"osij\u00e8 de | Multi-Femmes","isPartOf":{"@id":"https:\/\/multifemmes.com\/ht\/#website"},"datePublished":"2023-09-25T20:02:09+00:00","dateModified":"2023-09-25T20:07:19+00:00","breadcrumb":{"@id":"https:\/\/multifemmes.com\/ht\/osije-de\/#breadcrumb"},"inLanguage":"ht","potentialAction":[{"@type":"ReadAction","target":["https:\/\/multifemmes.com\/ht\/osije-de\/"]}]},{"@type":"BreadcrumbList","@id":"https:\/\/multifemmes.com\/ht\/osije-de\/#breadcrumb","itemListElement":[{"@type":"ListItem","position":1,"name":"Accueil","item":"https:\/\/multifemmes.com\/ht\/"},{"@type":"ListItem","position":2,"name":"osij\u00e8 de"}]},{"@type":"WebSite","@id":"https:\/\/multifemmes.com\/ht\/#website","url":"https:\/\/multifemmes.com\/ht\/","name":"Multi-Femmes","description":"H\u00e9bergement pour femmes victimes de violence conjugale","publisher":{"@id":"https:\/\/multifemmes.com\/ht\/#organization"},"potentialAction":[{"@type":"SearchAction","target":{"@type":"EntryPoint","urlTemplate":"https:\/\/multifemmes.com\/ht\/?s={search_term_string}"},"query-input":{"@type":"PropertyValueSpecification","valueRequired":true,"valueName":"search_term_string"}}],"inLanguage":"ht"},{"@type":"Organization","@id":"https:\/\/multifemmes.com\/ht\/#organization","name":"multi-femmes","url":"https:\/\/multifemmes.com\/ht\/","logo":{"@type":"ImageObject","inLanguage":"ht","@id":"https:\/\/multifemmes.com\/ht\/#\/schema\/logo\/image\/","url":"http:\/\/multifemmes.com\/wp-content\/uploads\/2016\/06\/banner-1.jpg","contentUrl":"http:\/\/multifemmes.com\/wp-content\/uploads\/2016\/06\/banner-1.jpg","width":309,"height":125,"caption":"multi-femmes"},"image":{"@id":"https:\/\/multifemmes.com\/ht\/#\/schema\/logo\/image\/"},"sameAs":["https:\/\/www.facebook.com\/multifemmesviolenceconjugale\/"]}]}},"_links":{"self":[{"href":"https:\/\/multifemmes.com\/ht\/wp-json\/wp\/v2\/pages\/1504","targetHints":{"allow":["GET"]}}],"collection":[{"href":"https:\/\/multifemmes.com\/ht\/wp-json\/wp\/v2\/pages"}],"about":[{"href":"https:\/\/multifemmes.com\/ht\/wp-json\/wp\/v2\/types\/page"}],"author":[{"embeddable":true,"href":"https:\/\/multifemmes.com\/ht\/wp-json\/wp\/v2\/users\/2"}],"replies":[{"embeddable":true,"href":"https:\/\/multifemmes.com\/ht\/wp-json\/wp\/v2\/comments?post=1504"}],"version-history":[{"count":0,"href":"https:\/\/multifemmes.com\/ht\/wp-json\/wp\/v2\/pages\/1504\/revisions"}],"wp:attachment":[{"href":"https:\/\/multifemmes.com\/ht\/wp-json\/wp\/v2\/media?parent=1504"}],"curies":[{"name":"wp","href":"https:\/\/api.w.org\/{rel}","templated":true}]}}