{"id":1350,"date":"2023-09-07T09:37:53","date_gmt":"2023-09-07T13:37:53","guid":{"rendered":"https:\/\/multifemmes.com\/sevis\/"},"modified":"2024-04-03T14:54:21","modified_gmt":"2024-04-03T18:54:21","slug":"sevis","status":"publish","type":"page","link":"https:\/\/multifemmes.com\/ht\/sevis\/","title":{"rendered":"S\u00e8vis"},"content":{"rendered":"\t\t<div data-elementor-type=\"wp-post\" data-elementor-id=\"1350\" class=\"elementor elementor-1350\" data-elementor-post-type=\"page\">\n\t\t\t\t\t\t<section class=\"elementor-section elementor-top-section elementor-element elementor-element-5477e79d elementor-section-boxed elementor-section-height-default elementor-section-height-default\" data-id=\"5477e79d\" data-element_type=\"section\" data-e-type=\"section\">\n\t\t\t\t\t\t<div class=\"elementor-container elementor-column-gap-no\">\n\t\t\t\t\t<div class=\"elementor-column elementor-col-100 elementor-top-column elementor-element elementor-element-5a3acc26\" data-id=\"5a3acc26\" data-element_type=\"column\" data-e-type=\"column\">\n\t\t\t<div class=\"elementor-widget-wrap elementor-element-populated\">\n\t\t\t\t\t\t<div class=\"elementor-element elementor-element-50597228 elementor-widget elementor-widget-text-editor\" data-id=\"50597228\" data-element_type=\"widget\" data-e-type=\"widget\" data-widget_type=\"text-editor.default\">\n\t\t\t\t<div class=\"elementor-widget-container\">\n\t\t\t\t\t\t\t\t\t<h2 style=\"text-align: left;\">Tout s\u00e8vis milti-Femmes yo gratis ak konfidansy\u00e8l<\/h2>\n<ul style=\"text-align: left;\">\n<li style=\"text-align: justify;\">Aranjman ak resepsyon 24\/7;<\/li>\n<li style=\"text-align: justify;\">Ent\u00e8vansyon endividy\u00e8l ak gwoup pou fanm ak timoun;<\/li>\n<li style=\"text-align: justify;\">Ent\u00e8vansyon sou relasyon manman\/timoun;<\/li>\n<li style=\"text-align: justify;\">Ak\u00f2 av\u00e8k lek\u00f2l katye;<\/li>\n<li style=\"text-align: justify;\">Sip\u00f2 ak akonpayman nan pwosesis la;<\/li>\n<li style=\"text-align: justify;\">Konsiltasyon telef\u00f2n;<\/li>\n<li style=\"text-align: justify;\">Referans ak S\u00e8vis Enf\u00f2masyon;<\/li>\n<li style=\"text-align: justify;\">Post-aranjman swiv-up;<\/li>\n<li style=\"text-align: justify;\">Swivi ekst\u00e8n, san akomodasyon, ak fanm ak timoun;<\/li>\n<li style=\"text-align: justify;\">Konsyantizasyon ak prevansyon nan kominote a.<\/li>\n<\/ul>\n<h2 style=\"text-align: left;\">Aranjman<\/h2>\n<p style=\"text-align: left;\">Milti-Femmes ka akomode yon maksim\u00f2m de 15 moun, ki gen ladan sis fanm ak n\u00e8f timoun. Rete yon fanm se kout t\u00e8m epi li ka varye de k\u00e8k jou nan k\u00e8k mwa.<\/p>\n<p style=\"text-align: left;\">F\u00f2m\u00e8l, enf\u00f2m\u00e8l, reyinyon endividy\u00e8l oswa gwoup, osi byen ke akonpayman pou pwosedi yo ofri pandan akomodasyon an.<\/p>\n<p style=\"text-align: left;\">Kay la se yon anviw\u00f2nman vivan. Chak fanmi gen pw\u00f2p chanm li, l\u00f2t chanm yo pataje.<\/p>\n<p style=\"text-align: left;\">Pou nou kenbe amoni, nou gen yon k\u00f2d nan lavi a epi nou mande fi yo kolabore nan \u00f2ganizasyon kay la: yon travay nan kay la chak jou ak yon dine pou prepare yon jou swa.<\/p>\n\t\t\t\t\t\t\t\t<\/div>\n\t\t\t\t<\/div>\n\t\t\t\t<div class=\"elementor-element elementor-element-cc5a0a8 elementor-widget elementor-widget-text-editor\" data-id=\"cc5a0a8\" data-element_type=\"widget\" data-e-type=\"widget\" data-widget_type=\"text-editor.default\">\n\t\t\t\t<div class=\"elementor-widget-container\">\n\t\t\t\t\t\t\t\t\t<h2 style=\"text-align: left;\"><span style=\"color: inherit; font-family: inherit; font-size: 2rem;\">S\u00e8vis ekst\u00e8n<\/span><\/h2>\n<p style=\"text-align: left;\">S\u00e8vis sa yo \u00f2ganize selon de aks: <strong>swiv-ups san<\/strong> aranjman ak <strong>p\u00f2s-aranjman swiv-ups<\/strong>.<\/p>\n<p style=\"text-align: left;\">Fanm ki pa oswa ki pa bezwen abri ank\u00f2 nan moman ap\u00e8l yo, nan 514 523 2645, s\u00e8vis koute, sip\u00f2 nan lavi yo ak etap yo, toujou av\u00e8k yon opinyon pou reprann pouvwa sou lavi yo. Pitit yo, ekspoze a <a href=\"https:\/\/multifemmes.com\/ht\/vyolans-domestik\/\" target=\"_blank\" rel=\"noopener\">vyolans domestik<\/a><a href=\"https:\/\/multifemmes.com\/ht\/vyolans-domestik\/\"> <\/a>oswa <a href=\"https:\/\/multifemmes.com\/ht\/vyolans-domestik\/vyolans-apre-separezon\/\" target=\"_blank\" rel=\"noopener\">vyolans p\u00f2s-separasyon<\/a>, kapab sip\u00f2te tou nan sa yo ap f\u00e8 eksperyans.<\/p>\n\t\t\t\t\t\t\t\t<\/div>\n\t\t\t\t<\/div>\n\t\t\t\t\t<\/div>\n\t\t<\/div>\n\t\t\t\t\t<\/div>\n\t\t<\/section>\n\t\t\t\t<\/div>\n\t\t","protected":false},"excerpt":{"rendered":"<p>Tout s\u00e8vis milti-Femmes yo gratis ak konfidansy\u00e8l Aranjman ak resepsyon 24\/7; Ent\u00e8vansyon endividy\u00e8l ak gwoup pou fanm ak timoun; Ent\u00e8vansyon sou relasyon manman\/timoun; Ak\u00f2 av\u00e8k lek\u00f2l katye; Sip\u00f2 ak akonpayman nan pwosesis la; Konsiltasyon telef\u00f2n; Referans ak S\u00e8vis Enf\u00f2masyon; Post-aranjman swiv-up; Swivi ekst\u00e8n, san akomodasyon, ak fanm ak timoun; Konsyantizasyon ak prevansyon nan kominote a. [&hellip;]<\/p>\n","protected":false},"author":2,"featured_media":0,"parent":0,"menu_order":0,"comment_status":"closed","ping_status":"closed","template":"","meta":{"footnotes":""},"class_list":["post-1350","page","type-page","status-publish","hentry"],"yoast_head":"<!-- This site is optimized with the Yoast SEO plugin v27.2 - https:\/\/yoast.com\/product\/yoast-seo-wordpress\/ -->\n<title>S\u00e8vis | Multi-Femmes<\/title>\n<meta name=\"robots\" content=\"index, follow, max-snippet:-1, max-image-preview:large, max-video-preview:-1\" \/>\n<link rel=\"canonical\" href=\"https:\/\/multifemmes.com\/ht\/sevis\/\" \/>\n<meta property=\"og:locale\" content=\"ht_HT\" \/>\n<meta property=\"og:type\" content=\"article\" \/>\n<meta property=\"og:title\" content=\"S\u00e8vis | Multi-Femmes\" \/>\n<meta property=\"og:description\" content=\"Tout s\u00e8vis milti-Femmes yo gratis ak konfidansy\u00e8l Aranjman ak resepsyon 24\/7; Ent\u00e8vansyon endividy\u00e8l ak gwoup pou fanm ak timoun; Ent\u00e8vansyon sou relasyon manman\/timoun; Ak\u00f2 av\u00e8k lek\u00f2l katye; Sip\u00f2 ak akonpayman nan pwosesis la; Konsiltasyon telef\u00f2n; Referans ak S\u00e8vis Enf\u00f2masyon; Post-aranjman swiv-up; Swivi ekst\u00e8n, san akomodasyon, ak fanm ak timoun; Konsyantizasyon ak prevansyon nan kominote a. [&hellip;]\" \/>\n<meta property=\"og:url\" content=\"https:\/\/multifemmes.com\/ht\/sevis\/\" \/>\n<meta property=\"og:site_name\" content=\"Multi-Femmes\" \/>\n<meta property=\"article:publisher\" content=\"https:\/\/www.facebook.com\/multifemmesviolenceconjugale\/\" \/>\n<meta property=\"article:modified_time\" content=\"2024-04-03T18:54:21+00:00\" \/>\n<meta name=\"twitter:card\" content=\"summary_large_image\" \/>\n<meta name=\"twitter:label1\" content=\"Est. reading time\" \/>\n\t<meta name=\"twitter:data1\" content=\"1 minute\" \/>\n<script type=\"application\/ld+json\" class=\"yoast-schema-graph\">{\"@context\":\"https:\/\/schema.org\",\"@graph\":[{\"@type\":\"WebPage\",\"@id\":\"https:\/\/multifemmes.com\/ht\/sevis\/\",\"url\":\"https:\/\/multifemmes.com\/ht\/sevis\/\",\"name\":\"S\u00e8vis | Multi-Femmes\",\"isPartOf\":{\"@id\":\"https:\/\/multifemmes.com\/ht\/#website\"},\"datePublished\":\"2023-09-07T13:37:53+00:00\",\"dateModified\":\"2024-04-03T18:54:21+00:00\",\"breadcrumb\":{\"@id\":\"https:\/\/multifemmes.com\/ht\/sevis\/#breadcrumb\"},\"inLanguage\":\"ht\",\"potentialAction\":[{\"@type\":\"ReadAction\",\"target\":[\"https:\/\/multifemmes.com\/ht\/sevis\/\"]}]},{\"@type\":\"BreadcrumbList\",\"@id\":\"https:\/\/multifemmes.com\/ht\/sevis\/#breadcrumb\",\"itemListElement\":[{\"@type\":\"ListItem\",\"position\":1,\"name\":\"Accueil\",\"item\":\"https:\/\/multifemmes.com\/ht\/\"},{\"@type\":\"ListItem\",\"position\":2,\"name\":\"S\u00e8vis\"}]},{\"@type\":\"WebSite\",\"@id\":\"https:\/\/multifemmes.com\/ht\/#website\",\"url\":\"https:\/\/multifemmes.com\/ht\/\",\"name\":\"Multi-Femmes\",\"description\":\"H\u00e9bergement pour femmes victimes de violence conjugale\",\"publisher\":{\"@id\":\"https:\/\/multifemmes.com\/ht\/#organization\"},\"potentialAction\":[{\"@type\":\"SearchAction\",\"target\":{\"@type\":\"EntryPoint\",\"urlTemplate\":\"https:\/\/multifemmes.com\/ht\/?s={search_term_string}\"},\"query-input\":{\"@type\":\"PropertyValueSpecification\",\"valueRequired\":true,\"valueName\":\"search_term_string\"}}],\"inLanguage\":\"ht\"},{\"@type\":\"Organization\",\"@id\":\"https:\/\/multifemmes.com\/ht\/#organization\",\"name\":\"multi-femmes\",\"url\":\"https:\/\/multifemmes.com\/ht\/\",\"logo\":{\"@type\":\"ImageObject\",\"inLanguage\":\"ht\",\"@id\":\"https:\/\/multifemmes.com\/ht\/#\/schema\/logo\/image\/\",\"url\":\"http:\/\/multifemmes.com\/wp-content\/uploads\/2016\/06\/banner-1.jpg\",\"contentUrl\":\"http:\/\/multifemmes.com\/wp-content\/uploads\/2016\/06\/banner-1.jpg\",\"width\":309,\"height\":125,\"caption\":\"multi-femmes\"},\"image\":{\"@id\":\"https:\/\/multifemmes.com\/ht\/#\/schema\/logo\/image\/\"},\"sameAs\":[\"https:\/\/www.facebook.com\/multifemmesviolenceconjugale\/\"]}]}<\/script>\n<!-- \/ Yoast SEO plugin. -->","yoast_head_json":{"title":"S\u00e8vis | Multi-Femmes","robots":{"index":"index","follow":"follow","max-snippet":"max-snippet:-1","max-image-preview":"max-image-preview:large","max-video-preview":"max-video-preview:-1"},"canonical":"https:\/\/multifemmes.com\/ht\/sevis\/","og_locale":"ht_HT","og_type":"article","og_title":"S\u00e8vis | Multi-Femmes","og_description":"Tout s\u00e8vis milti-Femmes yo gratis ak konfidansy\u00e8l Aranjman ak resepsyon 24\/7; Ent\u00e8vansyon endividy\u00e8l ak gwoup pou fanm ak timoun; Ent\u00e8vansyon sou relasyon manman\/timoun; Ak\u00f2 av\u00e8k lek\u00f2l katye; Sip\u00f2 ak akonpayman nan pwosesis la; Konsiltasyon telef\u00f2n; Referans ak S\u00e8vis Enf\u00f2masyon; Post-aranjman swiv-up; Swivi ekst\u00e8n, san akomodasyon, ak fanm ak timoun; Konsyantizasyon ak prevansyon nan kominote a. [&hellip;]","og_url":"https:\/\/multifemmes.com\/ht\/sevis\/","og_site_name":"Multi-Femmes","article_publisher":"https:\/\/www.facebook.com\/multifemmesviolenceconjugale\/","article_modified_time":"2024-04-03T18:54:21+00:00","twitter_card":"summary_large_image","twitter_misc":{"Est. reading time":"1 minute"},"schema":{"@context":"https:\/\/schema.org","@graph":[{"@type":"WebPage","@id":"https:\/\/multifemmes.com\/ht\/sevis\/","url":"https:\/\/multifemmes.com\/ht\/sevis\/","name":"S\u00e8vis | Multi-Femmes","isPartOf":{"@id":"https:\/\/multifemmes.com\/ht\/#website"},"datePublished":"2023-09-07T13:37:53+00:00","dateModified":"2024-04-03T18:54:21+00:00","breadcrumb":{"@id":"https:\/\/multifemmes.com\/ht\/sevis\/#breadcrumb"},"inLanguage":"ht","potentialAction":[{"@type":"ReadAction","target":["https:\/\/multifemmes.com\/ht\/sevis\/"]}]},{"@type":"BreadcrumbList","@id":"https:\/\/multifemmes.com\/ht\/sevis\/#breadcrumb","itemListElement":[{"@type":"ListItem","position":1,"name":"Accueil","item":"https:\/\/multifemmes.com\/ht\/"},{"@type":"ListItem","position":2,"name":"S\u00e8vis"}]},{"@type":"WebSite","@id":"https:\/\/multifemmes.com\/ht\/#website","url":"https:\/\/multifemmes.com\/ht\/","name":"Multi-Femmes","description":"H\u00e9bergement pour femmes victimes de violence conjugale","publisher":{"@id":"https:\/\/multifemmes.com\/ht\/#organization"},"potentialAction":[{"@type":"SearchAction","target":{"@type":"EntryPoint","urlTemplate":"https:\/\/multifemmes.com\/ht\/?s={search_term_string}"},"query-input":{"@type":"PropertyValueSpecification","valueRequired":true,"valueName":"search_term_string"}}],"inLanguage":"ht"},{"@type":"Organization","@id":"https:\/\/multifemmes.com\/ht\/#organization","name":"multi-femmes","url":"https:\/\/multifemmes.com\/ht\/","logo":{"@type":"ImageObject","inLanguage":"ht","@id":"https:\/\/multifemmes.com\/ht\/#\/schema\/logo\/image\/","url":"http:\/\/multifemmes.com\/wp-content\/uploads\/2016\/06\/banner-1.jpg","contentUrl":"http:\/\/multifemmes.com\/wp-content\/uploads\/2016\/06\/banner-1.jpg","width":309,"height":125,"caption":"multi-femmes"},"image":{"@id":"https:\/\/multifemmes.com\/ht\/#\/schema\/logo\/image\/"},"sameAs":["https:\/\/www.facebook.com\/multifemmesviolenceconjugale\/"]}]}},"_links":{"self":[{"href":"https:\/\/multifemmes.com\/ht\/wp-json\/wp\/v2\/pages\/1350","targetHints":{"allow":["GET"]}}],"collection":[{"href":"https:\/\/multifemmes.com\/ht\/wp-json\/wp\/v2\/pages"}],"about":[{"href":"https:\/\/multifemmes.com\/ht\/wp-json\/wp\/v2\/types\/page"}],"author":[{"embeddable":true,"href":"https:\/\/multifemmes.com\/ht\/wp-json\/wp\/v2\/users\/2"}],"replies":[{"embeddable":true,"href":"https:\/\/multifemmes.com\/ht\/wp-json\/wp\/v2\/comments?post=1350"}],"version-history":[{"count":1,"href":"https:\/\/multifemmes.com\/ht\/wp-json\/wp\/v2\/pages\/1350\/revisions"}],"predecessor-version":[{"id":1720,"href":"https:\/\/multifemmes.com\/ht\/wp-json\/wp\/v2\/pages\/1350\/revisions\/1720"}],"wp:attachment":[{"href":"https:\/\/multifemmes.com\/ht\/wp-json\/wp\/v2\/media?parent=1350"}],"curies":[{"name":"wp","href":"https:\/\/api.w.org\/{rel}","templated":true}]}}