{"id":1338,"date":"2023-09-07T09:03:41","date_gmt":"2023-09-07T13:03:41","guid":{"rendered":"https:\/\/multifemmes.com\/kontak\/"},"modified":"2023-09-26T08:21:23","modified_gmt":"2023-09-26T12:21:23","slug":"kontak","status":"publish","type":"page","link":"https:\/\/multifemmes.com\/ht\/kontak\/","title":{"rendered":"Kontak"},"content":{"rendered":"\t\t<div data-elementor-type=\"wp-post\" data-elementor-id=\"1338\" class=\"elementor elementor-1338 elementor-18\" data-elementor-post-type=\"page\">\n\t\t\t\t\t\t<section class=\"elementor-section elementor-top-section elementor-element elementor-element-4cc488c7 elementor-section-boxed elementor-section-height-default elementor-section-height-default\" data-id=\"4cc488c7\" data-element_type=\"section\" data-e-type=\"section\">\n\t\t\t\t\t\t<div class=\"elementor-container elementor-column-gap-default\">\n\t\t\t\t\t<div class=\"elementor-column elementor-col-100 elementor-top-column elementor-element elementor-element-14081ee0\" data-id=\"14081ee0\" data-element_type=\"column\" data-e-type=\"column\">\n\t\t\t<div class=\"elementor-widget-wrap elementor-element-populated\">\n\t\t\t\t\t\t<div class=\"elementor-element elementor-element-6b660bca elementor-widget elementor-widget-text-editor\" data-id=\"6b660bca\" data-element_type=\"widget\" data-e-type=\"widget\" data-widget_type=\"text-editor.default\">\n\t\t\t\t<div class=\"elementor-widget-container\">\n\t\t\t\t\t\t\t\t\t<h2>Kontakte nou<\/h2>\n<p><b>Multi-Femmes<\/b><br \/>P.O. Bwat 83564, PC, Garnier<br \/>Monreyal (QC), H2J 4E9<br \/>Telef\u00f2n: 514 523-1095<br \/>Faks: 514 523-9569<\/p>\n<p><strong>Ko\u00f2donat\u00e8<\/strong><br \/><a href=\"mailto:coordination@multifemmes.com\">coordination@multifemmes.com<\/a><\/p>\n<p><strong>Administrasyon<\/strong><br \/><a href=\"mailto:administration.mf@multifemmes.com\">administration.mf@multifemmes.com<\/a><\/p>\n<p><strong>S\u00e8vis ekst\u00e8n<\/strong><br \/><a href=\"mailto:services.externes@multifemmes.com\">services.externes@multifemmes.com<\/a><br \/>Telef\u00f2n: 514 523-2645<br \/>Faks: 1-866-631-7198)<\/p>\n<p><span style=\"font-size: 1rem;\">Pou nenp\u00f2t demann oswa kesyon ki gen rap\u00f2 ak ent\u00e8vansyon an, <\/span><span style=\"font-size: 1rem;\">rele nou nan 514 523-1095.<\/span><\/p>\n<p><span style=\"font-size: 1rem;\">Ou kapab tou gen aks\u00e8 nan paj facebook nou <\/span><a style=\"background-color: rgba(207, 233, 218, 0.2); font-size: 1rem;\" href=\"https:\/\/www.facebook.com\/multifemmesviolenceconjugale\/\">an isit la.<\/a><\/p>\n<\/p>\n<p>Si ou vle f\u00e8 yon plent swiv mekontantman sa yo, ou ka f\u00e8 sa atrav\u00e8<a href=\"http:\/\/multifemmes.com\/wp-content\/uploads\/Declaration-de-services-adoptee-1.pdf\"> pwosedi a tache.<\/a><\/p>\n\t\t\t\t\t\t\t\t<\/div>\n\t\t\t\t<\/div>\n\t\t\t\t\t<\/div>\n\t\t<\/div>\n\t\t\t\t\t<\/div>\n\t\t<\/section>\n\t\t\t\t<\/div>\n\t\t","protected":false},"excerpt":{"rendered":"<p>Kontakte nou Multi-FemmesP.O. Bwat 83564, PC, GarnierMonreyal (QC), H2J 4E9Telef\u00f2n: 514 523-1095Faks: 514 523-9569 Ko\u00f2donat\u00e8coordination@multifemmes.com Administrasyonadministration.mf@multifemmes.com S\u00e8vis ekst\u00e8nservices.externes@multifemmes.comTelef\u00f2n: 514 523-2645Faks: 1-866-631-7198) Pou nenp\u00f2t demann oswa kesyon ki gen rap\u00f2 ak ent\u00e8vansyon an, rele nou nan 514 523-1095. Ou kapab tou gen aks\u00e8 nan paj facebook nou an isit la. Si ou vle f\u00e8 yon plent [&hellip;]<\/p>\n","protected":false},"author":2,"featured_media":0,"parent":0,"menu_order":0,"comment_status":"closed","ping_status":"closed","template":"","meta":{"footnotes":""},"class_list":["post-1338","page","type-page","status-publish","hentry"],"yoast_head":"<!-- This site is optimized with the Yoast SEO plugin v27.2 - https:\/\/yoast.com\/product\/yoast-seo-wordpress\/ -->\n<title>Multi-Femmes | Enf\u00f2masyon kontakte pou abri a<\/title>\n<meta name=\"description\" content=\"Kontakte Multi-Femmes, pou rive nan ko\u00f2donat\u00e8 a, asistan administratif, s\u00e8vis ekst\u00e8n oswa travay\u00e8 abri.\" \/>\n<meta name=\"robots\" content=\"index, follow, max-snippet:-1, max-image-preview:large, max-video-preview:-1\" \/>\n<link rel=\"canonical\" href=\"https:\/\/multifemmes.com\/ht\/kontak\/\" \/>\n<meta property=\"og:locale\" content=\"ht_HT\" \/>\n<meta property=\"og:type\" content=\"article\" \/>\n<meta property=\"og:title\" content=\"Multi-Femmes | Enf\u00f2masyon kontakte pou abri a\" \/>\n<meta property=\"og:description\" content=\"Kontakte Multi-Femmes, pou rive nan ko\u00f2donat\u00e8 a, asistan administratif, s\u00e8vis ekst\u00e8n oswa travay\u00e8 abri.\" \/>\n<meta property=\"og:url\" content=\"https:\/\/multifemmes.com\/ht\/kontak\/\" \/>\n<meta property=\"og:site_name\" content=\"Multi-Femmes\" \/>\n<meta property=\"article:publisher\" content=\"https:\/\/www.facebook.com\/multifemmesviolenceconjugale\/\" \/>\n<meta property=\"article:modified_time\" content=\"2023-09-26T12:21:23+00:00\" \/>\n<meta name=\"twitter:card\" content=\"summary_large_image\" \/>\n<script type=\"application\/ld+json\" class=\"yoast-schema-graph\">{\"@context\":\"https:\/\/schema.org\",\"@graph\":[{\"@type\":\"WebPage\",\"@id\":\"https:\/\/multifemmes.com\/ht\/kontak\/\",\"url\":\"https:\/\/multifemmes.com\/ht\/kontak\/\",\"name\":\"Multi-Femmes | Enf\u00f2masyon kontakte pou abri a\",\"isPartOf\":{\"@id\":\"https:\/\/multifemmes.com\/ht\/#website\"},\"datePublished\":\"2023-09-07T13:03:41+00:00\",\"dateModified\":\"2023-09-26T12:21:23+00:00\",\"description\":\"Kontakte Multi-Femmes, pou rive nan ko\u00f2donat\u00e8 a, asistan administratif, s\u00e8vis ekst\u00e8n oswa travay\u00e8 abri.\",\"breadcrumb\":{\"@id\":\"https:\/\/multifemmes.com\/ht\/kontak\/#breadcrumb\"},\"inLanguage\":\"ht\",\"potentialAction\":[{\"@type\":\"ReadAction\",\"target\":[\"https:\/\/multifemmes.com\/ht\/kontak\/\"]}]},{\"@type\":\"BreadcrumbList\",\"@id\":\"https:\/\/multifemmes.com\/ht\/kontak\/#breadcrumb\",\"itemListElement\":[{\"@type\":\"ListItem\",\"position\":1,\"name\":\"Accueil\",\"item\":\"https:\/\/multifemmes.com\/ht\/\"},{\"@type\":\"ListItem\",\"position\":2,\"name\":\"Kontak\"}]},{\"@type\":\"WebSite\",\"@id\":\"https:\/\/multifemmes.com\/ht\/#website\",\"url\":\"https:\/\/multifemmes.com\/ht\/\",\"name\":\"Multi-Femmes\",\"description\":\"H\u00e9bergement pour femmes victimes de violence conjugale\",\"publisher\":{\"@id\":\"https:\/\/multifemmes.com\/ht\/#organization\"},\"potentialAction\":[{\"@type\":\"SearchAction\",\"target\":{\"@type\":\"EntryPoint\",\"urlTemplate\":\"https:\/\/multifemmes.com\/ht\/?s={search_term_string}\"},\"query-input\":{\"@type\":\"PropertyValueSpecification\",\"valueRequired\":true,\"valueName\":\"search_term_string\"}}],\"inLanguage\":\"ht\"},{\"@type\":\"Organization\",\"@id\":\"https:\/\/multifemmes.com\/ht\/#organization\",\"name\":\"multi-femmes\",\"url\":\"https:\/\/multifemmes.com\/ht\/\",\"logo\":{\"@type\":\"ImageObject\",\"inLanguage\":\"ht\",\"@id\":\"https:\/\/multifemmes.com\/ht\/#\/schema\/logo\/image\/\",\"url\":\"http:\/\/multifemmes.com\/wp-content\/uploads\/2016\/06\/banner-1.jpg\",\"contentUrl\":\"http:\/\/multifemmes.com\/wp-content\/uploads\/2016\/06\/banner-1.jpg\",\"width\":309,\"height\":125,\"caption\":\"multi-femmes\"},\"image\":{\"@id\":\"https:\/\/multifemmes.com\/ht\/#\/schema\/logo\/image\/\"},\"sameAs\":[\"https:\/\/www.facebook.com\/multifemmesviolenceconjugale\/\"]}]}<\/script>\n<!-- \/ Yoast SEO plugin. -->","yoast_head_json":{"title":"Multi-Femmes | Enf\u00f2masyon kontakte pou abri a","description":"Kontakte Multi-Femmes, pou rive nan ko\u00f2donat\u00e8 a, asistan administratif, s\u00e8vis ekst\u00e8n oswa travay\u00e8 abri.","robots":{"index":"index","follow":"follow","max-snippet":"max-snippet:-1","max-image-preview":"max-image-preview:large","max-video-preview":"max-video-preview:-1"},"canonical":"https:\/\/multifemmes.com\/ht\/kontak\/","og_locale":"ht_HT","og_type":"article","og_title":"Multi-Femmes | Enf\u00f2masyon kontakte pou abri a","og_description":"Kontakte Multi-Femmes, pou rive nan ko\u00f2donat\u00e8 a, asistan administratif, s\u00e8vis ekst\u00e8n oswa travay\u00e8 abri.","og_url":"https:\/\/multifemmes.com\/ht\/kontak\/","og_site_name":"Multi-Femmes","article_publisher":"https:\/\/www.facebook.com\/multifemmesviolenceconjugale\/","article_modified_time":"2023-09-26T12:21:23+00:00","twitter_card":"summary_large_image","schema":{"@context":"https:\/\/schema.org","@graph":[{"@type":"WebPage","@id":"https:\/\/multifemmes.com\/ht\/kontak\/","url":"https:\/\/multifemmes.com\/ht\/kontak\/","name":"Multi-Femmes | Enf\u00f2masyon kontakte pou abri a","isPartOf":{"@id":"https:\/\/multifemmes.com\/ht\/#website"},"datePublished":"2023-09-07T13:03:41+00:00","dateModified":"2023-09-26T12:21:23+00:00","description":"Kontakte Multi-Femmes, pou rive nan ko\u00f2donat\u00e8 a, asistan administratif, s\u00e8vis ekst\u00e8n oswa travay\u00e8 abri.","breadcrumb":{"@id":"https:\/\/multifemmes.com\/ht\/kontak\/#breadcrumb"},"inLanguage":"ht","potentialAction":[{"@type":"ReadAction","target":["https:\/\/multifemmes.com\/ht\/kontak\/"]}]},{"@type":"BreadcrumbList","@id":"https:\/\/multifemmes.com\/ht\/kontak\/#breadcrumb","itemListElement":[{"@type":"ListItem","position":1,"name":"Accueil","item":"https:\/\/multifemmes.com\/ht\/"},{"@type":"ListItem","position":2,"name":"Kontak"}]},{"@type":"WebSite","@id":"https:\/\/multifemmes.com\/ht\/#website","url":"https:\/\/multifemmes.com\/ht\/","name":"Multi-Femmes","description":"H\u00e9bergement pour femmes victimes de violence conjugale","publisher":{"@id":"https:\/\/multifemmes.com\/ht\/#organization"},"potentialAction":[{"@type":"SearchAction","target":{"@type":"EntryPoint","urlTemplate":"https:\/\/multifemmes.com\/ht\/?s={search_term_string}"},"query-input":{"@type":"PropertyValueSpecification","valueRequired":true,"valueName":"search_term_string"}}],"inLanguage":"ht"},{"@type":"Organization","@id":"https:\/\/multifemmes.com\/ht\/#organization","name":"multi-femmes","url":"https:\/\/multifemmes.com\/ht\/","logo":{"@type":"ImageObject","inLanguage":"ht","@id":"https:\/\/multifemmes.com\/ht\/#\/schema\/logo\/image\/","url":"http:\/\/multifemmes.com\/wp-content\/uploads\/2016\/06\/banner-1.jpg","contentUrl":"http:\/\/multifemmes.com\/wp-content\/uploads\/2016\/06\/banner-1.jpg","width":309,"height":125,"caption":"multi-femmes"},"image":{"@id":"https:\/\/multifemmes.com\/ht\/#\/schema\/logo\/image\/"},"sameAs":["https:\/\/www.facebook.com\/multifemmesviolenceconjugale\/"]}]}},"_links":{"self":[{"href":"https:\/\/multifemmes.com\/ht\/wp-json\/wp\/v2\/pages\/1338","targetHints":{"allow":["GET"]}}],"collection":[{"href":"https:\/\/multifemmes.com\/ht\/wp-json\/wp\/v2\/pages"}],"about":[{"href":"https:\/\/multifemmes.com\/ht\/wp-json\/wp\/v2\/types\/page"}],"author":[{"embeddable":true,"href":"https:\/\/multifemmes.com\/ht\/wp-json\/wp\/v2\/users\/2"}],"replies":[{"embeddable":true,"href":"https:\/\/multifemmes.com\/ht\/wp-json\/wp\/v2\/comments?post=1338"}],"version-history":[{"count":0,"href":"https:\/\/multifemmes.com\/ht\/wp-json\/wp\/v2\/pages\/1338\/revisions"}],"wp:attachment":[{"href":"https:\/\/multifemmes.com\/ht\/wp-json\/wp\/v2\/media?parent=1338"}],"curies":[{"name":"wp","href":"https:\/\/api.w.org\/{rel}","templated":true}]}}