{"id":1033,"date":"2019-05-22T19:05:13","date_gmt":"2019-05-22T23:05:13","guid":{"rendered":"http:\/\/multifemmes.com\/?page_id=1033"},"modified":"2024-12-27T13:43:28","modified_gmt":"2024-12-27T18:43:28","slug":"accueil-ht","status":"publish","type":"page","link":"https:\/\/multifemmes.com\/ht\/","title":{"rendered":"Resepsyon"},"content":{"rendered":"\t\t<div data-elementor-type=\"wp-post\" data-elementor-id=\"1033\" class=\"elementor elementor-1033 elementor-2\" data-elementor-post-type=\"page\">\n\t\t\t\t\t\t<section class=\"elementor-section elementor-top-section elementor-element elementor-element-29589f47 elementor-section-full_width elementor-section-height-default elementor-section-height-default\" data-id=\"29589f47\" data-element_type=\"section\" data-e-type=\"section\">\n\t\t\t\t\t\t<div class=\"elementor-container elementor-column-gap-no\">\n\t\t\t\t\t<div class=\"elementor-column elementor-col-100 elementor-top-column elementor-element elementor-element-17cf9374\" data-id=\"17cf9374\" data-element_type=\"column\" data-e-type=\"column\">\n\t\t\t<div class=\"elementor-widget-wrap elementor-element-populated\">\n\t\t\t\t\t\t<div class=\"elementor-element elementor-element-62f5395 elementor--h-position-right elementor--v-position-middle elementor-widget elementor-widget-global elementor-global-627 elementor-widget-slides\" data-id=\"62f5395\" data-element_type=\"widget\" data-e-type=\"widget\" data-settings=\"{&quot;navigation&quot;:&quot;none&quot;,&quot;autoplay_speed&quot;:2000,&quot;transition&quot;:&quot;fade&quot;,&quot;transition_speed&quot;:1000,&quot;autoplay&quot;:&quot;yes&quot;,&quot;pause_on_interaction&quot;:&quot;yes&quot;,&quot;infinite&quot;:&quot;yes&quot;}\" data-widget_type=\"slides.default\">\n\t\t\t\t<div class=\"elementor-widget-container\">\n\t\t\t\t\t\t\t\t\t<div class=\"elementor-swiper\">\n\t\t\t\t\t<div class=\"elementor-slides-wrapper elementor-main-swiper swiper\" role=\"region\" aria-roledescription=\"carousel\" aria-label=\"Slides\" dir=\"ltr\" data-animation=\"\">\n\t\t\t\t<div class=\"swiper-wrapper elementor-slides\">\n\t\t\t\t\t\t\t\t\t\t<div class=\"elementor-repeater-item-bd5e2a5 swiper-slide\" role=\"group\" aria-roledescription=\"slide\"><div class=\"swiper-slide-bg\" role=\"img\" aria-label=\"multifemmes_banner_03\"><\/div><div class=\"swiper-slide-inner\" ><div class=\"swiper-slide-contents\"><div class=\"elementor-slide-heading\">Services externes <\/div><div class=\"elementor-slide-description\"><strong>24h\/7j<\/strong><br\/>\nServices gratuits et confidentiels<\/div><\/div><\/div><\/div><div class=\"elementor-repeater-item-ea0ee7b swiper-slide\" role=\"group\" aria-roledescription=\"slide\"><div class=\"swiper-slide-bg\" role=\"img\" aria-label=\"multifemmes_banner_01\"><\/div><div class=\"swiper-slide-inner\" ><div class=\"swiper-slide-contents\"><div class=\"elementor-slide-heading\">Maison  d\u2019h\u00e9bergement<\/div><div class=\"elementor-slide-description\"><strong>24h\/7j<\/strong><br\/>\nServices externes gratuits<\/div><\/div><\/div><\/div><div class=\"elementor-repeater-item-9c91975 swiper-slide\" role=\"group\" aria-roledescription=\"slide\"><div class=\"swiper-slide-bg\" role=\"img\" aria-label=\"multifemmes_banner_06\"><\/div><div class=\"swiper-slide-inner\" ><div class=\"swiper-slide-contents\"><div class=\"elementor-slide-heading\">Services externes<\/div><div class=\"elementor-slide-description\"><strong>24h\/7j<\/strong><br\/>\nAccompagnement sans h\u00e9bergement pour les femmes et leurs enfants<\/div><\/div><\/div><\/div><div class=\"elementor-repeater-item-68dcb22 swiper-slide\" role=\"group\" aria-roledescription=\"slide\"><div class=\"swiper-slide-bg\" role=\"img\" aria-label=\"multifemmes_banner_02\"><\/div><div class=\"swiper-slide-inner\" ><div class=\"swiper-slide-contents\"><div class=\"elementor-slide-heading\">Maison d'h\u00e9bergement<\/div><div class=\"elementor-slide-description\"><strong>24h\/7j<\/strong><br\/>\nServices gratuits et confidentiels<\/div><\/div><\/div><\/div><div class=\"elementor-repeater-item-2e020fa swiper-slide\" role=\"group\" aria-roledescription=\"slide\"><div class=\"swiper-slide-bg\" role=\"img\" aria-label=\"multifemmes_banner_04\"><\/div><div class=\"swiper-slide-inner\" ><div class=\"swiper-slide-contents\"><div class=\"elementor-slide-heading\">Maison d'h\u00e9bergement<\/div><div class=\"elementor-slide-description\"><strong>24h\/7j<\/strong><br\/>\nPour les femmes et leurs enfants<\/div><\/div><\/div><\/div><div class=\"elementor-repeater-item-2855305 swiper-slide\" role=\"group\" aria-roledescription=\"slide\"><div class=\"swiper-slide-bg\" role=\"img\" aria-label=\"multifemmes_banner_08\"><\/div><div class=\"swiper-slide-inner\" ><div class=\"swiper-slide-contents\"><div class=\"elementor-slide-heading\">Maison d'h\u00e9bergement<\/div><div class=\"elementor-slide-description\"><strong>24h\/7j<\/strong><br\/>\nInterpr\u00e8tes disponibles gratuitement<\/div><\/div><\/div><\/div><div class=\"elementor-repeater-item-adec63c swiper-slide\" role=\"group\" aria-roledescription=\"slide\"><div class=\"swiper-slide-bg\" role=\"img\" aria-label=\"multifemmes_banner_05\"><\/div><div class=\"swiper-slide-inner\" ><div class=\"swiper-slide-contents\"><div class=\"elementor-slide-heading\">Maison d'h\u00e9bergement<\/div><div class=\"elementor-slide-description\"><strong>24h\/7j<\/strong><br\/>\nPour les femmes et leurs enfants<\/div><\/div><\/div><\/div>\t\t\t\t<\/div>\n\t\t\t\t\t\t\t\t\t\t\t\t\t\t\t\t\t\t\t\t\t<\/div>\n\t\t\t\t<\/div>\n\t\t\t\t\t\t\t\t<\/div>\n\t\t\t\t<\/div>\n\t\t\t\t\t<\/div>\n\t\t<\/div>\n\t\t\t\t\t<\/div>\n\t\t<\/section>\n\t\t\t\t<section class=\"elementor-section elementor-top-section elementor-element elementor-element-190cf0e elementor-section-boxed elementor-section-height-default elementor-section-height-default\" data-id=\"190cf0e\" data-element_type=\"section\" data-e-type=\"section\" data-settings=\"{&quot;background_background&quot;:&quot;classic&quot;}\">\n\t\t\t\t\t\t<div class=\"elementor-container elementor-column-gap-no\">\n\t\t\t\t\t<div class=\"elementor-column elementor-col-100 elementor-top-column elementor-element elementor-element-2bc39511\" data-id=\"2bc39511\" data-element_type=\"column\" data-e-type=\"column\">\n\t\t\t<div class=\"elementor-widget-wrap elementor-element-populated\">\n\t\t\t\t\t\t<section class=\"elementor-section elementor-inner-section elementor-element elementor-element-a8c2a42 elementor-section-boxed elementor-section-height-default elementor-section-height-default\" data-id=\"a8c2a42\" data-element_type=\"section\" data-e-type=\"section\">\n\t\t\t\t\t\t<div class=\"elementor-container elementor-column-gap-no\">\n\t\t\t\t\t<div class=\"elementor-column elementor-col-33 elementor-inner-column elementor-element elementor-element-6b85a8f2\" data-id=\"6b85a8f2\" data-element_type=\"column\" data-e-type=\"column\">\n\t\t\t<div class=\"elementor-widget-wrap elementor-element-populated\">\n\t\t\t\t\t\t<div class=\"elementor-element elementor-element-5fbf1d65 elementor-widget elementor-widget-heading\" data-id=\"5fbf1d65\" data-element_type=\"widget\" data-e-type=\"widget\" data-widget_type=\"heading.default\">\n\t\t\t\t<div class=\"elementor-widget-container\">\n\t\t\t\t\t<h2 class=\"elementor-heading-title elementor-size-default\">Multi-Femmes se yon abri pou fanm ki viktim vyolans domestik ak pitit yo.<\/h2>\t\t\t\t<\/div>\n\t\t\t\t<\/div>\n\t\t\t\t\t<\/div>\n\t\t<\/div>\n\t\t\t\t<div class=\"elementor-column elementor-col-66 elementor-inner-column elementor-element elementor-element-45b173b9\" data-id=\"45b173b9\" data-element_type=\"column\" data-e-type=\"column\">\n\t\t\t<div class=\"elementor-widget-wrap elementor-element-populated\">\n\t\t\t\t\t\t<div class=\"elementor-element elementor-element-74acf9e7 elementor-widget elementor-widget-text-editor\" data-id=\"74acf9e7\" data-element_type=\"widget\" data-e-type=\"widget\" data-widget_type=\"text-editor.default\">\n\t\t\t\t<div class=\"elementor-widget-container\">\n\t\t\t\t\t\t\t\t\t<h5>Sitiye nan Monreyal, kay la ofri gratis, aranjman konfidansy\u00e8l ak s\u00e8vis <span style=\"font-size: 1rem;\"><strong>24 \u00e8dtan pa jou, 7 jou nan yon sem\u00e8n<\/strong>.<\/span><\/h5>\n<p>Si ou bezwen \u00e8d, si ou santi ou bezwen pale sou sitiyasyon ou oswa sa yo ki nan yon moun ou renmen, rele nou nan 514 523-1095.<\/p>\n<p>Ou kapab kontakte vyolans SOS tou nan 514 873-9010 oswa 1 800 363-9010.<\/p>\n<p>Si ou jwenn t\u00e8t ou nan yon sitiyasyon danjere, pa ezite rele 9-1-1!<\/p>\n<p><strong>S\u00e8vis ent\u00e8pr\u00e8t yo bay jan sa neses\u00e8<\/strong><\/p>\n\t\t\t\t\t\t\t\t<\/div>\n\t\t\t\t<\/div>\n\t\t\t\t\t<\/div>\n\t\t<\/div>\n\t\t\t\t\t<\/div>\n\t\t<\/section>\n\t\t\t\t\t<\/div>\n\t\t<\/div>\n\t\t\t\t\t<\/div>\n\t\t<\/section>\n\t\t\t\t<section class=\"elementor-section elementor-top-section elementor-element elementor-element-35b46810 elementor-section-full_width elementor-section-height-default elementor-section-height-default\" data-id=\"35b46810\" data-element_type=\"section\" data-e-type=\"section\">\n\t\t\t\t\t\t<div class=\"elementor-container elementor-column-gap-no\">\n\t\t\t\t\t<div class=\"elementor-column elementor-col-100 elementor-top-column elementor-element elementor-element-2c18ce30\" data-id=\"2c18ce30\" data-element_type=\"column\" data-e-type=\"column\">\n\t\t\t<div class=\"elementor-widget-wrap elementor-element-populated\">\n\t\t\t\t\t\t<section class=\"elementor-section elementor-inner-section elementor-element elementor-element-f9c5e54 elementor-section-full_width elementor-section-content-middle elementor-section-height-default elementor-section-height-default\" data-id=\"f9c5e54\" data-element_type=\"section\" data-e-type=\"section\">\n\t\t\t\t\t\t<div class=\"elementor-container elementor-column-gap-no\">\n\t\t\t\t\t<div class=\"elementor-column elementor-col-33 elementor-inner-column elementor-element elementor-element-1b00392e\" data-id=\"1b00392e\" data-element_type=\"column\" data-e-type=\"column\">\n\t\t\t<div class=\"elementor-widget-wrap elementor-element-populated\">\n\t\t\t\t\t\t<div class=\"elementor-element elementor-element-481c5f2 elementor-cta--skin-cover elementor-cta--valign-middle elementor-widget elementor-widget-call-to-action\" data-id=\"481c5f2\" data-element_type=\"widget\" data-e-type=\"widget\" data-widget_type=\"call-to-action.default\">\n\t\t\t\t<div class=\"elementor-widget-container\">\n\t\t\t\t\t\t\t<a class=\"elementor-cta\" href=\"https:\/\/multifemmes.com\/ht\/prepare-pou-depa-ou\/\">\n\t\t\t\t\t<div class=\"elementor-cta__bg-wrapper\">\n\t\t\t\t<div class=\"elementor-cta__bg elementor-bg\" style=\"background-image: url(https:\/\/multifemmes.com\/wp-content\/uploads\/bg-protect@2x.jpg);\" role=\"img\" aria-label=\"bg-protect@2x\"><\/div>\n\t\t\t\t<div class=\"elementor-cta__bg-overlay\"><\/div>\n\t\t\t<\/div>\n\t\t\t\t\t\t\t<div class=\"elementor-cta__content\">\n\t\t\t\t\t\t\t\t\t<div class=\"elementor-content-item elementor-cta__content-item elementor-cta__image\">\n\t\t\t\t\t\t<img decoding=\"async\" src=\"https:\/\/multifemmes.com\/wp-content\/uploads\/icon-protect.svg\" title=\"icon-protect\" alt=\"icon-protect\" loading=\"lazy\" \/>\t\t\t\t\t<\/div>\n\t\t\t\t\n\t\t\t\t\t\t\t\t\t<h2 class=\"elementor-cta__title elementor-cta__content-item elementor-content-item\">\n\t\t\t\t\t\tPwoteje t\u00e8t ou\t\t\t\t\t<\/h2>\n\t\t\t\t\n\t\t\t\t\t\t\t\t\t<div class=\"elementor-cta__description elementor-cta__content-item elementor-content-item\">\n\t\t\t\t\t\t<p>Ki jan yo pwoteje t\u00e8t ou<\/p>\n\t\t\t\t\t<\/div>\n\t\t\t\t\n\t\t\t\t\t\t\t<\/div>\n\t\t\t\t\t\t<\/a>\n\t\t\t\t\t\t<\/div>\n\t\t\t\t<\/div>\n\t\t\t\t\t<\/div>\n\t\t<\/div>\n\t\t\t\t<div class=\"elementor-column elementor-col-33 elementor-inner-column elementor-element elementor-element-4f10ae96\" data-id=\"4f10ae96\" data-element_type=\"column\" data-e-type=\"column\">\n\t\t\t<div class=\"elementor-widget-wrap elementor-element-populated\">\n\t\t\t\t\t\t<div class=\"elementor-element elementor-element-1fe5e477 elementor-cta--skin-cover elementor-cta--valign-middle elementor-widget elementor-widget-call-to-action\" data-id=\"1fe5e477\" data-element_type=\"widget\" data-e-type=\"widget\" data-widget_type=\"call-to-action.default\">\n\t\t\t\t<div class=\"elementor-widget-container\">\n\t\t\t\t\t\t\t<a class=\"elementor-cta\" href=\"https:\/\/multifemmes.com\/ht\/vyolans-domestik\/\">\n\t\t\t\t\t<div class=\"elementor-cta__bg-wrapper\">\n\t\t\t\t<div class=\"elementor-cta__bg elementor-bg\" style=\"background-image: url(https:\/\/multifemmes.com\/wp-content\/uploads\/bg-fight@2x.jpg);\" role=\"img\" aria-label=\"bg-fight@2x\"><\/div>\n\t\t\t\t<div class=\"elementor-cta__bg-overlay\"><\/div>\n\t\t\t<\/div>\n\t\t\t\t\t\t\t<div class=\"elementor-cta__content\">\n\t\t\t\t\t\t\t\t\t<div class=\"elementor-content-item elementor-cta__content-item elementor-cta__image\">\n\t\t\t\t\t\t<img decoding=\"async\" src=\"https:\/\/multifemmes.com\/wp-content\/uploads\/icon-fight.svg\" title=\"icon-fight\" alt=\"icon-fight\" loading=\"lazy\" \/>\t\t\t\t\t<\/div>\n\t\t\t\t\n\t\t\t\t\t\t\t\t\t<h2 class=\"elementor-cta__title elementor-cta__content-item elementor-content-item\">\n\t\t\t\t\t\tVyolans domestik\t\t\t\t\t<\/h2>\n\t\t\t\t\n\t\t\t\t\t\t\t\t\t<div class=\"elementor-cta__description elementor-cta__content-item elementor-content-item\">\n\t\t\t\t\t\t<p>Kouman pou mwen konnen si li se<br \/>\nvyolans pa detekte sik la<\/p>\n\t\t\t\t\t<\/div>\n\t\t\t\t\n\t\t\t\t\t\t\t<\/div>\n\t\t\t\t\t\t<\/a>\n\t\t\t\t\t\t<\/div>\n\t\t\t\t<\/div>\n\t\t\t\t\t<\/div>\n\t\t<\/div>\n\t\t\t\t<div class=\"elementor-column elementor-col-33 elementor-inner-column elementor-element elementor-element-62981b15\" data-id=\"62981b15\" data-element_type=\"column\" data-e-type=\"column\">\n\t\t\t<div class=\"elementor-widget-wrap elementor-element-populated\">\n\t\t\t\t\t\t<div class=\"elementor-element elementor-element-5ce950ca elementor-cta--skin-cover elementor-cta--valign-middle elementor-widget elementor-widget-call-to-action\" data-id=\"5ce950ca\" data-element_type=\"widget\" data-e-type=\"widget\" data-widget_type=\"call-to-action.default\">\n\t\t\t\t<div class=\"elementor-widget-container\">\n\t\t\t\t\t\t\t<a class=\"elementor-cta\" href=\"https:\/\/www.canadahelps.org\/fr\/dn\/26763\" target=\"_blank\">\n\t\t\t\t\t<div class=\"elementor-cta__bg-wrapper\">\n\t\t\t\t<div class=\"elementor-cta__bg elementor-bg\" style=\"background-image: url(https:\/\/multifemmes.com\/wp-content\/uploads\/bg-give@2x.jpg);\" role=\"img\" aria-label=\"bg-give@2x\"><\/div>\n\t\t\t\t<div class=\"elementor-cta__bg-overlay\"><\/div>\n\t\t\t<\/div>\n\t\t\t\t\t\t\t<div class=\"elementor-cta__content\">\n\t\t\t\t\t\t\t\t\t<div class=\"elementor-content-item elementor-cta__content-item elementor-cta__image\">\n\t\t\t\t\t\t<img decoding=\"async\" src=\"https:\/\/multifemmes.com\/wp-content\/uploads\/icon-give.svg\" title=\"icon-give\" alt=\"icon-give\" loading=\"lazy\" \/>\t\t\t\t\t<\/div>\n\t\t\t\t\n\t\t\t\t\t\t\t\t\t<h2 class=\"elementor-cta__title elementor-cta__content-item elementor-content-item\">\n\t\t\t\t\t\tDonate!\t\t\t\t\t<\/h2>\n\t\t\t\t\n\t\t\t\t\t\t\t\t\t<div class=\"elementor-cta__description elementor-cta__content-item elementor-content-item\">\n\t\t\t\t\t\t<p>Ede fanm ki viktim vyolans<br \/>\nDomestik. Ale nan sit ent\u00e8n\u00e8t la canadon.org<br \/>\npou f\u00e8 yon don av\u00e8k fasilite!<\/p>\n\t\t\t\t\t<\/div>\n\t\t\t\t\n\t\t\t\t\t\t\t<\/div>\n\t\t\t\t\t\t<\/a>\n\t\t\t\t\t\t<\/div>\n\t\t\t\t<\/div>\n\t\t\t\t\t<\/div>\n\t\t<\/div>\n\t\t\t\t\t<\/div>\n\t\t<\/section>\n\t\t\t\t\t<\/div>\n\t\t<\/div>\n\t\t\t\t\t<\/div>\n\t\t<\/section>\n\t\t\t\t<\/div>\n\t\t","protected":false},"excerpt":{"rendered":"<p>Services externes 24h\/7j Services gratuits et confidentielsMaison d\u2019h\u00e9bergement24h\/7j Services externes gratuitsServices externes24h\/7j Accompagnement sans h\u00e9bergement pour les femmes et leurs enfantsMaison d&#8217;h\u00e9bergement24h\/7j Services gratuits et confidentielsMaison d&#8217;h\u00e9bergement24h\/7j Pour les femmes et leurs enfantsMaison d&#8217;h\u00e9bergement24h\/7j Interpr\u00e8tes disponibles gratuitementMaison d&#8217;h\u00e9bergement24h\/7j Pour les femmes et leurs enfants Multi-Femmes se yon abri pou fanm ki viktim vyolans domestik ak [&hellip;]<\/p>\n","protected":false},"author":2,"featured_media":0,"parent":0,"menu_order":0,"comment_status":"closed","ping_status":"open","template":"","meta":{"footnotes":""},"class_list":["post-1033","page","type-page","status-publish","hentry"],"yoast_head":"<!-- This site is optimized with the Yoast SEO plugin v27.2 - https:\/\/yoast.com\/product\/yoast-seo-wordpress\/ -->\n<title>Multi-Femmes | Eb\u00e8jman pou fanm ki viktim vyolans domestik<\/title>\n<meta name=\"description\" content=\"Eb\u00e8jman pou fanm ki viktim vyolans domestik. Sitiye nan Monreyal, kay la ofri s\u00e8vis gratis, konfidansy\u00e8l ak sekirite\" \/>\n<meta name=\"robots\" content=\"index, follow, max-snippet:-1, max-image-preview:large, max-video-preview:-1\" \/>\n<link rel=\"canonical\" href=\"https:\/\/multifemmes.com\/ht\/\" \/>\n<meta property=\"og:locale\" content=\"ht_HT\" \/>\n<meta property=\"og:type\" content=\"article\" \/>\n<meta property=\"og:title\" content=\"Multi-Femmes | Eb\u00e8jman pou fanm ki viktim vyolans domestik\" \/>\n<meta property=\"og:description\" content=\"Eb\u00e8jman pou fanm ki viktim vyolans domestik. Sitiye nan Monreyal, kay la ofri s\u00e8vis gratis, konfidansy\u00e8l ak sekirite\" \/>\n<meta property=\"og:url\" content=\"https:\/\/multifemmes.com\/ht\/\" \/>\n<meta property=\"og:site_name\" content=\"Multi-Femmes\" \/>\n<meta property=\"article:publisher\" content=\"https:\/\/www.facebook.com\/multifemmesviolenceconjugale\/\" \/>\n<meta property=\"article:modified_time\" content=\"2024-12-27T18:43:28+00:00\" \/>\n<meta property=\"og:image\" content=\"https:\/\/multifemmes.com\/wp-content\/uploads\/icon-protect.svg\" \/>\n<meta name=\"twitter:card\" content=\"summary_large_image\" \/>\n<meta name=\"twitter:label1\" content=\"Est. reading time\" \/>\n\t<meta name=\"twitter:data1\" content=\"2 minutes\" \/>\n<script type=\"application\/ld+json\" class=\"yoast-schema-graph\">{\"@context\":\"https:\/\/schema.org\",\"@graph\":[{\"@type\":\"WebPage\",\"@id\":\"https:\/\/multifemmes.com\/ht\/\",\"url\":\"https:\/\/multifemmes.com\/ht\/\",\"name\":\"Multi-Femmes | Eb\u00e8jman pou fanm ki viktim vyolans domestik\",\"isPartOf\":{\"@id\":\"https:\/\/multifemmes.com\/ht\/#website\"},\"primaryImageOfPage\":{\"@id\":\"https:\/\/multifemmes.com\/ht\/#primaryimage\"},\"image\":{\"@id\":\"https:\/\/multifemmes.com\/ht\/#primaryimage\"},\"thumbnailUrl\":\"https:\/\/multifemmes.com\/wp-content\/uploads\/icon-protect.svg\",\"datePublished\":\"2019-05-22T23:05:13+00:00\",\"dateModified\":\"2024-12-27T18:43:28+00:00\",\"description\":\"Eb\u00e8jman pou fanm ki viktim vyolans domestik. Sitiye nan Monreyal, kay la ofri s\u00e8vis gratis, konfidansy\u00e8l ak sekirite\",\"breadcrumb\":{\"@id\":\"https:\/\/multifemmes.com\/ht\/#breadcrumb\"},\"inLanguage\":\"ht\",\"potentialAction\":[{\"@type\":\"ReadAction\",\"target\":[\"https:\/\/multifemmes.com\/ht\/\"]}]},{\"@type\":\"ImageObject\",\"inLanguage\":\"ht\",\"@id\":\"https:\/\/multifemmes.com\/ht\/#primaryimage\",\"url\":\"https:\/\/multifemmes.com\/wp-content\/uploads\/icon-protect.svg\",\"contentUrl\":\"https:\/\/multifemmes.com\/wp-content\/uploads\/icon-protect.svg\"},{\"@type\":\"BreadcrumbList\",\"@id\":\"https:\/\/multifemmes.com\/ht\/#breadcrumb\",\"itemListElement\":[{\"@type\":\"ListItem\",\"position\":1,\"name\":\"Accueil\",\"item\":\"https:\/\/multifemmes.com\/ht\/\"},{\"@type\":\"ListItem\",\"position\":2,\"name\":\"Resepsyon\"}]},{\"@type\":\"WebSite\",\"@id\":\"https:\/\/multifemmes.com\/ht\/#website\",\"url\":\"https:\/\/multifemmes.com\/ht\/\",\"name\":\"Multi-Femmes\",\"description\":\"H\u00e9bergement pour femmes victimes de violence conjugale\",\"publisher\":{\"@id\":\"https:\/\/multifemmes.com\/ht\/#organization\"},\"potentialAction\":[{\"@type\":\"SearchAction\",\"target\":{\"@type\":\"EntryPoint\",\"urlTemplate\":\"https:\/\/multifemmes.com\/ht\/?s={search_term_string}\"},\"query-input\":{\"@type\":\"PropertyValueSpecification\",\"valueRequired\":true,\"valueName\":\"search_term_string\"}}],\"inLanguage\":\"ht\"},{\"@type\":\"Organization\",\"@id\":\"https:\/\/multifemmes.com\/ht\/#organization\",\"name\":\"multi-femmes\",\"url\":\"https:\/\/multifemmes.com\/ht\/\",\"logo\":{\"@type\":\"ImageObject\",\"inLanguage\":\"ht\",\"@id\":\"https:\/\/multifemmes.com\/ht\/#\/schema\/logo\/image\/\",\"url\":\"http:\/\/multifemmes.com\/wp-content\/uploads\/2016\/06\/banner-1.jpg\",\"contentUrl\":\"http:\/\/multifemmes.com\/wp-content\/uploads\/2016\/06\/banner-1.jpg\",\"width\":309,\"height\":125,\"caption\":\"multi-femmes\"},\"image\":{\"@id\":\"https:\/\/multifemmes.com\/ht\/#\/schema\/logo\/image\/\"},\"sameAs\":[\"https:\/\/www.facebook.com\/multifemmesviolenceconjugale\/\"]}]}<\/script>\n<!-- \/ Yoast SEO plugin. -->","yoast_head_json":{"title":"Multi-Femmes | Eb\u00e8jman pou fanm ki viktim vyolans domestik","description":"Eb\u00e8jman pou fanm ki viktim vyolans domestik. Sitiye nan Monreyal, kay la ofri s\u00e8vis gratis, konfidansy\u00e8l ak sekirite","robots":{"index":"index","follow":"follow","max-snippet":"max-snippet:-1","max-image-preview":"max-image-preview:large","max-video-preview":"max-video-preview:-1"},"canonical":"https:\/\/multifemmes.com\/ht\/","og_locale":"ht_HT","og_type":"article","og_title":"Multi-Femmes | Eb\u00e8jman pou fanm ki viktim vyolans domestik","og_description":"Eb\u00e8jman pou fanm ki viktim vyolans domestik. Sitiye nan Monreyal, kay la ofri s\u00e8vis gratis, konfidansy\u00e8l ak sekirite","og_url":"https:\/\/multifemmes.com\/ht\/","og_site_name":"Multi-Femmes","article_publisher":"https:\/\/www.facebook.com\/multifemmesviolenceconjugale\/","article_modified_time":"2024-12-27T18:43:28+00:00","og_image":[{"url":"https:\/\/multifemmes.com\/wp-content\/uploads\/icon-protect.svg","type":"","width":"","height":""}],"twitter_card":"summary_large_image","twitter_misc":{"Est. reading time":"2 minutes"},"schema":{"@context":"https:\/\/schema.org","@graph":[{"@type":"WebPage","@id":"https:\/\/multifemmes.com\/ht\/","url":"https:\/\/multifemmes.com\/ht\/","name":"Multi-Femmes | Eb\u00e8jman pou fanm ki viktim vyolans domestik","isPartOf":{"@id":"https:\/\/multifemmes.com\/ht\/#website"},"primaryImageOfPage":{"@id":"https:\/\/multifemmes.com\/ht\/#primaryimage"},"image":{"@id":"https:\/\/multifemmes.com\/ht\/#primaryimage"},"thumbnailUrl":"https:\/\/multifemmes.com\/wp-content\/uploads\/icon-protect.svg","datePublished":"2019-05-22T23:05:13+00:00","dateModified":"2024-12-27T18:43:28+00:00","description":"Eb\u00e8jman pou fanm ki viktim vyolans domestik. Sitiye nan Monreyal, kay la ofri s\u00e8vis gratis, konfidansy\u00e8l ak sekirite","breadcrumb":{"@id":"https:\/\/multifemmes.com\/ht\/#breadcrumb"},"inLanguage":"ht","potentialAction":[{"@type":"ReadAction","target":["https:\/\/multifemmes.com\/ht\/"]}]},{"@type":"ImageObject","inLanguage":"ht","@id":"https:\/\/multifemmes.com\/ht\/#primaryimage","url":"https:\/\/multifemmes.com\/wp-content\/uploads\/icon-protect.svg","contentUrl":"https:\/\/multifemmes.com\/wp-content\/uploads\/icon-protect.svg"},{"@type":"BreadcrumbList","@id":"https:\/\/multifemmes.com\/ht\/#breadcrumb","itemListElement":[{"@type":"ListItem","position":1,"name":"Accueil","item":"https:\/\/multifemmes.com\/ht\/"},{"@type":"ListItem","position":2,"name":"Resepsyon"}]},{"@type":"WebSite","@id":"https:\/\/multifemmes.com\/ht\/#website","url":"https:\/\/multifemmes.com\/ht\/","name":"Multi-Femmes","description":"H\u00e9bergement pour femmes victimes de violence conjugale","publisher":{"@id":"https:\/\/multifemmes.com\/ht\/#organization"},"potentialAction":[{"@type":"SearchAction","target":{"@type":"EntryPoint","urlTemplate":"https:\/\/multifemmes.com\/ht\/?s={search_term_string}"},"query-input":{"@type":"PropertyValueSpecification","valueRequired":true,"valueName":"search_term_string"}}],"inLanguage":"ht"},{"@type":"Organization","@id":"https:\/\/multifemmes.com\/ht\/#organization","name":"multi-femmes","url":"https:\/\/multifemmes.com\/ht\/","logo":{"@type":"ImageObject","inLanguage":"ht","@id":"https:\/\/multifemmes.com\/ht\/#\/schema\/logo\/image\/","url":"http:\/\/multifemmes.com\/wp-content\/uploads\/2016\/06\/banner-1.jpg","contentUrl":"http:\/\/multifemmes.com\/wp-content\/uploads\/2016\/06\/banner-1.jpg","width":309,"height":125,"caption":"multi-femmes"},"image":{"@id":"https:\/\/multifemmes.com\/ht\/#\/schema\/logo\/image\/"},"sameAs":["https:\/\/www.facebook.com\/multifemmesviolenceconjugale\/"]}]}},"_links":{"self":[{"href":"https:\/\/multifemmes.com\/ht\/wp-json\/wp\/v2\/pages\/1033","targetHints":{"allow":["GET"]}}],"collection":[{"href":"https:\/\/multifemmes.com\/ht\/wp-json\/wp\/v2\/pages"}],"about":[{"href":"https:\/\/multifemmes.com\/ht\/wp-json\/wp\/v2\/types\/page"}],"author":[{"embeddable":true,"href":"https:\/\/multifemmes.com\/ht\/wp-json\/wp\/v2\/users\/2"}],"replies":[{"embeddable":true,"href":"https:\/\/multifemmes.com\/ht\/wp-json\/wp\/v2\/comments?post=1033"}],"version-history":[{"count":2,"href":"https:\/\/multifemmes.com\/ht\/wp-json\/wp\/v2\/pages\/1033\/revisions"}],"predecessor-version":[{"id":1998,"href":"https:\/\/multifemmes.com\/ht\/wp-json\/wp\/v2\/pages\/1033\/revisions\/1998"}],"wp:attachment":[{"href":"https:\/\/multifemmes.com\/ht\/wp-json\/wp\/v2\/media?parent=1033"}],"curies":[{"name":"wp","href":"https:\/\/api.w.org\/{rel}","templated":true}]}}