{"id":1570,"date":"2023-09-26T10:41:29","date_gmt":"2023-09-26T14:41:29","guid":{"rendered":"https:\/\/multifemmes.com\/violencia-domestica\/violencia-post-separacion\/"},"modified":"2023-09-26T10:48:47","modified_gmt":"2023-09-26T14:48:47","slug":"violencia-post-separacion","status":"publish","type":"page","link":"https:\/\/multifemmes.com\/es\/violencia-domestica\/violencia-post-separacion\/","title":{"rendered":"Violencia post-separaci\u00f3n"},"content":{"rendered":"<p style=\"text-align: left;\">La <a href=\"https:\/\/multifemmes.com\/es\/violencia-domestica\/\">violencia dom\u00e9stica<\/a> consiste, ante todo, en que el agresor toma el poder sobre la v\u00edctima. Por eso, cuando la pareja pone fin a la relaci\u00f3n, el maltratador siente que pierde poder. Es cuando la violencia persiste, e incluso puede intensificarse, porque el maltratador no acepta perder el control sobre su pareja.<\/p>\n<p style=\"text-align: left;\">Esta violencia suele consistir en acoso, pero puede ser de <a href=\"https:\/\/multifemmes.com\/es\/violencia-domestica\/\">distintos tipos<\/a>. <a href=\"https:\/\/multifemmes.com\/es\/violencia-domestica\/\">El ciclo de violencia<\/a> puede continuar incluso cuando la mujer intenta reorganizar su vida. En cuanto a los ni\u00f1os, tras el periodo de separaci\u00f3n, pueden experimentar todo tipo de emociones relacionadas con el conflicto de lealtades o la alienaci\u00f3n parental, por ejemplo. Las<a href=\"http:\/\/multifemmes.com\/sur-les-femmes-2\/\"> consecuencias de la violencia<\/a> siguen estando muy presentes, ya sean sociales, f\u00edsicas, psicol\u00f3gicas o econ\u00f3micas.<\/p>\n<p style=\"text-align: left;\">Las mujeres que se encuentren en esta situaci\u00f3n pueden ponerse en contacto con una de nuestras trabajadoras de <a href=\"https:\/\/multifemmes.com\/es\/servicios\/\">proximidad<\/a> para solicitar apoyo, derivaciones o concertar una cita para reunirse con nosotras si lo desean. (514 523-2645)<!--more--><\/p>\n","protected":false},"excerpt":{"rendered":"<p>La violencia dom\u00e9stica consiste, ante todo, en que el agresor toma el poder sobre la v\u00edctima. Por eso, cuando la pareja pone fin a la relaci\u00f3n, el maltratador siente que pierde poder. Es cuando la violencia persiste, e incluso puede intensificarse, porque el maltratador no acepta perder el control sobre su pareja. Esta violencia suele [&hellip;]<\/p>\n","protected":false},"author":2,"featured_media":0,"parent":1536,"menu_order":0,"comment_status":"closed","ping_status":"closed","template":"","meta":{"footnotes":""},"class_list":["post-1570","page","type-page","status-publish","hentry"],"yoast_head":"<!-- This site is optimized with the Yoast SEO plugin v27.2 - https:\/\/yoast.com\/product\/yoast-seo-wordpress\/ -->\n<title>Violencia post-separaci\u00f3n | Multi-Femmes<\/title>\n<meta name=\"robots\" content=\"index, follow, max-snippet:-1, max-image-preview:large, max-video-preview:-1\" \/>\n<link rel=\"canonical\" href=\"https:\/\/multifemmes.com\/es\/violencia-domestica\/violencia-post-separacion\/\" \/>\n<meta property=\"og:locale\" content=\"es_ES\" \/>\n<meta property=\"og:type\" content=\"article\" \/>\n<meta property=\"og:title\" content=\"Violencia post-separaci\u00f3n | Multi-Femmes\" \/>\n<meta property=\"og:description\" content=\"La violencia dom\u00e9stica consiste, ante todo, en que el agresor toma el poder sobre la v\u00edctima. Por eso, cuando la pareja pone fin a la relaci\u00f3n, el maltratador siente que pierde poder. Es cuando la violencia persiste, e incluso puede intensificarse, porque el maltratador no acepta perder el control sobre su pareja. Esta violencia suele [&hellip;]\" \/>\n<meta property=\"og:url\" content=\"https:\/\/multifemmes.com\/es\/violencia-domestica\/violencia-post-separacion\/\" \/>\n<meta property=\"og:site_name\" content=\"Multi-Femmes\" \/>\n<meta property=\"article:publisher\" content=\"https:\/\/www.facebook.com\/multifemmesviolenceconjugale\/\" \/>\n<meta property=\"article:modified_time\" content=\"2023-09-26T14:48:47+00:00\" \/>\n<meta name=\"twitter:card\" content=\"summary_large_image\" \/>\n<meta name=\"twitter:label1\" content=\"Tiempo de lectura\" \/>\n\t<meta name=\"twitter:data1\" content=\"1 minuto\" \/>\n<script type=\"application\/ld+json\" class=\"yoast-schema-graph\">{\"@context\":\"https:\/\/schema.org\",\"@graph\":[{\"@type\":\"WebPage\",\"@id\":\"https:\/\/multifemmes.com\/es\/violencia-domestica\/violencia-post-separacion\/\",\"url\":\"https:\/\/multifemmes.com\/es\/violencia-domestica\/violencia-post-separacion\/\",\"name\":\"Violencia post-separaci\u00f3n | Multi-Femmes\",\"isPartOf\":{\"@id\":\"https:\/\/multifemmes.com\/es\/#website\"},\"datePublished\":\"2023-09-26T14:41:29+00:00\",\"dateModified\":\"2023-09-26T14:48:47+00:00\",\"breadcrumb\":{\"@id\":\"https:\/\/multifemmes.com\/es\/violencia-domestica\/violencia-post-separacion\/#breadcrumb\"},\"inLanguage\":\"es\",\"potentialAction\":[{\"@type\":\"ReadAction\",\"target\":[\"https:\/\/multifemmes.com\/es\/violencia-domestica\/violencia-post-separacion\/\"]}]},{\"@type\":\"BreadcrumbList\",\"@id\":\"https:\/\/multifemmes.com\/es\/violencia-domestica\/violencia-post-separacion\/#breadcrumb\",\"itemListElement\":[{\"@type\":\"ListItem\",\"position\":1,\"name\":\"Accueil\",\"item\":\"https:\/\/multifemmes.com\/es\/\"},{\"@type\":\"ListItem\",\"position\":2,\"name\":\"Violencia dom\u00e9stica\",\"item\":\"https:\/\/multifemmes.com\/es\/violencia-domestica\/\"},{\"@type\":\"ListItem\",\"position\":3,\"name\":\"Violencia post-separaci\u00f3n\"}]},{\"@type\":\"WebSite\",\"@id\":\"https:\/\/multifemmes.com\/es\/#website\",\"url\":\"https:\/\/multifemmes.com\/es\/\",\"name\":\"Multi-Femmes\",\"description\":\"H\u00e9bergement pour femmes victimes de violence conjugale\",\"publisher\":{\"@id\":\"https:\/\/multifemmes.com\/es\/#organization\"},\"potentialAction\":[{\"@type\":\"SearchAction\",\"target\":{\"@type\":\"EntryPoint\",\"urlTemplate\":\"https:\/\/multifemmes.com\/es\/?s={search_term_string}\"},\"query-input\":{\"@type\":\"PropertyValueSpecification\",\"valueRequired\":true,\"valueName\":\"search_term_string\"}}],\"inLanguage\":\"es\"},{\"@type\":\"Organization\",\"@id\":\"https:\/\/multifemmes.com\/es\/#organization\",\"name\":\"multi-femmes\",\"url\":\"https:\/\/multifemmes.com\/es\/\",\"logo\":{\"@type\":\"ImageObject\",\"inLanguage\":\"es\",\"@id\":\"https:\/\/multifemmes.com\/es\/#\/schema\/logo\/image\/\",\"url\":\"http:\/\/multifemmes.com\/wp-content\/uploads\/2016\/06\/banner-1.jpg\",\"contentUrl\":\"http:\/\/multifemmes.com\/wp-content\/uploads\/2016\/06\/banner-1.jpg\",\"width\":309,\"height\":125,\"caption\":\"multi-femmes\"},\"image\":{\"@id\":\"https:\/\/multifemmes.com\/es\/#\/schema\/logo\/image\/\"},\"sameAs\":[\"https:\/\/www.facebook.com\/multifemmesviolenceconjugale\/\"]}]}<\/script>\n<!-- \/ Yoast SEO plugin. -->","yoast_head_json":{"title":"Violencia post-separaci\u00f3n | Multi-Femmes","robots":{"index":"index","follow":"follow","max-snippet":"max-snippet:-1","max-image-preview":"max-image-preview:large","max-video-preview":"max-video-preview:-1"},"canonical":"https:\/\/multifemmes.com\/es\/violencia-domestica\/violencia-post-separacion\/","og_locale":"es_ES","og_type":"article","og_title":"Violencia post-separaci\u00f3n | Multi-Femmes","og_description":"La violencia dom\u00e9stica consiste, ante todo, en que el agresor toma el poder sobre la v\u00edctima. Por eso, cuando la pareja pone fin a la relaci\u00f3n, el maltratador siente que pierde poder. Es cuando la violencia persiste, e incluso puede intensificarse, porque el maltratador no acepta perder el control sobre su pareja. Esta violencia suele [&hellip;]","og_url":"https:\/\/multifemmes.com\/es\/violencia-domestica\/violencia-post-separacion\/","og_site_name":"Multi-Femmes","article_publisher":"https:\/\/www.facebook.com\/multifemmesviolenceconjugale\/","article_modified_time":"2023-09-26T14:48:47+00:00","twitter_card":"summary_large_image","twitter_misc":{"Tiempo de lectura":"1 minuto"},"schema":{"@context":"https:\/\/schema.org","@graph":[{"@type":"WebPage","@id":"https:\/\/multifemmes.com\/es\/violencia-domestica\/violencia-post-separacion\/","url":"https:\/\/multifemmes.com\/es\/violencia-domestica\/violencia-post-separacion\/","name":"Violencia post-separaci\u00f3n | Multi-Femmes","isPartOf":{"@id":"https:\/\/multifemmes.com\/es\/#website"},"datePublished":"2023-09-26T14:41:29+00:00","dateModified":"2023-09-26T14:48:47+00:00","breadcrumb":{"@id":"https:\/\/multifemmes.com\/es\/violencia-domestica\/violencia-post-separacion\/#breadcrumb"},"inLanguage":"es","potentialAction":[{"@type":"ReadAction","target":["https:\/\/multifemmes.com\/es\/violencia-domestica\/violencia-post-separacion\/"]}]},{"@type":"BreadcrumbList","@id":"https:\/\/multifemmes.com\/es\/violencia-domestica\/violencia-post-separacion\/#breadcrumb","itemListElement":[{"@type":"ListItem","position":1,"name":"Accueil","item":"https:\/\/multifemmes.com\/es\/"},{"@type":"ListItem","position":2,"name":"Violencia dom\u00e9stica","item":"https:\/\/multifemmes.com\/es\/violencia-domestica\/"},{"@type":"ListItem","position":3,"name":"Violencia post-separaci\u00f3n"}]},{"@type":"WebSite","@id":"https:\/\/multifemmes.com\/es\/#website","url":"https:\/\/multifemmes.com\/es\/","name":"Multi-Femmes","description":"H\u00e9bergement pour femmes victimes de violence conjugale","publisher":{"@id":"https:\/\/multifemmes.com\/es\/#organization"},"potentialAction":[{"@type":"SearchAction","target":{"@type":"EntryPoint","urlTemplate":"https:\/\/multifemmes.com\/es\/?s={search_term_string}"},"query-input":{"@type":"PropertyValueSpecification","valueRequired":true,"valueName":"search_term_string"}}],"inLanguage":"es"},{"@type":"Organization","@id":"https:\/\/multifemmes.com\/es\/#organization","name":"multi-femmes","url":"https:\/\/multifemmes.com\/es\/","logo":{"@type":"ImageObject","inLanguage":"es","@id":"https:\/\/multifemmes.com\/es\/#\/schema\/logo\/image\/","url":"http:\/\/multifemmes.com\/wp-content\/uploads\/2016\/06\/banner-1.jpg","contentUrl":"http:\/\/multifemmes.com\/wp-content\/uploads\/2016\/06\/banner-1.jpg","width":309,"height":125,"caption":"multi-femmes"},"image":{"@id":"https:\/\/multifemmes.com\/es\/#\/schema\/logo\/image\/"},"sameAs":["https:\/\/www.facebook.com\/multifemmesviolenceconjugale\/"]}]}},"_links":{"self":[{"href":"https:\/\/multifemmes.com\/es\/wp-json\/wp\/v2\/pages\/1570","targetHints":{"allow":["GET"]}}],"collection":[{"href":"https:\/\/multifemmes.com\/es\/wp-json\/wp\/v2\/pages"}],"about":[{"href":"https:\/\/multifemmes.com\/es\/wp-json\/wp\/v2\/types\/page"}],"author":[{"embeddable":true,"href":"https:\/\/multifemmes.com\/es\/wp-json\/wp\/v2\/users\/2"}],"replies":[{"embeddable":true,"href":"https:\/\/multifemmes.com\/es\/wp-json\/wp\/v2\/comments?post=1570"}],"version-history":[{"count":0,"href":"https:\/\/multifemmes.com\/es\/wp-json\/wp\/v2\/pages\/1570\/revisions"}],"up":[{"embeddable":true,"href":"https:\/\/multifemmes.com\/es\/wp-json\/wp\/v2\/pages\/1536"}],"wp:attachment":[{"href":"https:\/\/multifemmes.com\/es\/wp-json\/wp\/v2\/media?parent=1570"}],"curies":[{"name":"wp","href":"https:\/\/api.w.org\/{rel}","templated":true}]}}