{"id":1528,"date":"2023-09-26T08:57:31","date_gmt":"2023-09-26T12:57:31","guid":{"rendered":"https:\/\/multifemmes.com\/preparar-su-salida\/"},"modified":"2023-09-26T10:20:58","modified_gmt":"2023-09-26T14:20:58","slug":"preparar-su-salida","status":"publish","type":"page","link":"https:\/\/multifemmes.com\/es\/violencia-domestica\/preparar-su-salida\/","title":{"rendered":"Preparar su salida"},"content":{"rendered":"<h2 style=\"text-align: justify;\">Escenarios de protecci\u00f3n<\/h2>\n<p style=\"text-align: justify;\">Durante un incidente violento, debe pensar y actuar con rapidez para garantizar su seguridad y la de sus hijos. He aqu\u00ed una serie de medidas que puede tomar de antemano para garantizar su seguridad:<\/p>\n<ul style=\"text-align: justify;\">\n<li>Avisa a los vecinos por si tienes que enviarles a tus hijos; p\u00eddeles que llamen a la polic\u00eda cuando oigan el inicio de una escena violenta;<\/li>\n<\/ul>\n<ul style=\"text-align: justify;\">\n<li>Habla de tu situaci\u00f3n con personas de confianza. Acuerda con ellos una contrase\u00f1a que utilizar\u00e1s para advertirles de que est\u00e1s en peligro y de que deben llamar a la polic\u00eda inmediatamente. Tambi\u00e9n puedes elegir una contrase\u00f1a con tus hijos para protegerse durante un episodio de violencia.<\/li>\n<\/ul>\n<ul style=\"text-align: justify;\">\n<li>Aseg\u00farate de que puedes recoger r\u00e1pidamente tu ropa y pertenencias y las de tus hijos. Si tu pareja te pregunta qu\u00e9 est\u00e1s haciendo, dale una raz\u00f3n, por ejemplo: \u00abEstoy haciendo algo de limpieza\u00bb o \u00abEstoy preparando la ropa de los ni\u00f1os para ma\u00f1ana por la ma\u00f1ana\u00bb.<\/li>\n<\/ul>\n<ul style=\"text-align: justify;\">\n<li>Evite las zonas donde se guarden cuchillos o armas de fuego.<\/li>\n<\/ul>\n<ul style=\"text-align: justify;\">\n<li>Recorre todas las habitaciones de tu casa e imagina c\u00f3mo puedes escapar. Haga todo lo posible por evitar las habitaciones sin salida en presencia de su pareja.<\/li>\n<\/ul>\n<ul style=\"text-align: justify;\">\n<li>Encuentre los mejores lugares para escapar en la planta baja, la segunda planta y el s\u00f3tano.<\/li>\n<\/ul>\n<ul style=\"text-align: justify;\">\n<li>Puedes ayudar a tus hijos a salvarse mostr\u00e1ndoles un lugar de encuentro donde reunirse. Ens\u00e9\u00f1ales a llamar al 9-1-1 en caso de emergencia (accidentes, lesiones propias o ajenas, o si se sienten en peligro).<\/li>\n<\/ul>\n<ul style=\"text-align: justify;\">\n<li>Conf\u00eda siempre en tu criterio e intuici\u00f3n. Si la situaci\u00f3n se vuelve muy peligrosa, tienes que pensar de antemano c\u00f3mo calmar a tu agresor.<\/li>\n<\/ul>\n<ul style=\"text-align: justify;\">\n<li>Revise y compruebe peri\u00f3dicamente su plan de seguridad.<\/li>\n<\/ul>\n<ul style=\"text-align: justify;\">\n<li><strong>Recuerde siempre que su prioridad es su seguridad y la de sus hijos.<\/strong><\/li>\n<\/ul>\n<p style=\"text-align: left;\"><span style=\"font-size: 8pt;\">Fuente: <a href=\"http:\/\/www.scf.gouv.qc.ca\/index.php?id=61\">Gobierno de Quebec, <em>Escenario de protecci\u00f3n<\/em><\/a><\/span><\/p>\n<h2 style=\"text-align: justify;\">\u00bfC\u00f3mo organizarse? \u00bfQu\u00e9 tomar?<\/h2>\n<p style=\"text-align: justify;\">En caso de violencia dom\u00e9stica, es importante planificar con antelaci\u00f3n para garantizar tu seguridad. Si est\u00e1 pensando en irse de casa, aunque sea temporalmente, hay una serie de cosas que puede hacer con antelaci\u00f3n:<\/p>\n<ul>\n<li>Gu\u00e1rdelo en una maleta, caja o bolsa a la que pueda acceder r\u00e1pida y f\u00e1cilmente. En la medida de lo posible, debe incluir los siguientes elementos:\n<ul>\n<li>Una copia de las llaves del piso o casa y del coche.<\/li>\n<li>Dinero en efectivo, para que puedas coger un taxi o llamar por tel\u00e9fono.<\/li>\n<li>Sus documentos de identidad: pasaporte, tarjeta de la seguridad social, certificados de nacimiento (el suyo y el de sus hijos), certificado de matrimonio, expediente de inmigraci\u00f3n, tarjeta de ciudadan\u00eda, tarjeta de condici\u00f3n de nativo, documentos legales de todo tipo relativos a usted, su pareja y sus hijos, etc.<\/li>\n<li>Su permiso de conducir y el justificante de matr\u00edcula.<\/li>\n<li>Su tarjeta sanitaria y su cartilla de vacunaci\u00f3n, as\u00ed como las de sus hijos.<\/li>\n<li>Sus libretas de ahorro, cheques, tarjetas de cr\u00e9dito y documentos relativos a hipotecas u otros pr\u00e9stamos bancarios.<\/li>\n<li>Su contrato de alquiler, t\u00edtulos de propiedad, contratos de sociedad o empresa, recibos de pago de alquileres o hipotecas, o copias de estos documentos.<\/li>\n<li>Informes escolares y diplomas.<\/li>\n<li>Tu libreta de direcciones.<\/li>\n<li>Objetos de valor y recibos de su propiedad.<\/li>\n<li>Una foto de su c\u00f3nyuge o ex c\u00f3nyuge para ayudar a identificarlo.<\/li>\n<li>Una lista de otros elementos a los que puede volver m\u00e1s tarde.<\/li>\n<\/ul>\n<\/li>\n<\/ul>\n<ul>\n<li>Aseg\u00farate de que tu bolso, cartera, documentos de identidad, llaves y otros objetos de emergencia est\u00e1n en un lugar que s\u00f3lo t\u00fa conozcas y que te resulte f\u00e1cil y r\u00e1pido de alcanzar en caso de que tengas que salir r\u00e1pidamente de casa.<\/li>\n<\/ul>\n<ul>\n<li style=\"text-align: justify;\">Abra una cuenta bancaria separada a su nombre y haga que le env\u00eden los extractos bancarios a otra direcci\u00f3n (un amigo o un familiar) para que su c\u00f3nyuge no pueda verlos.<\/li>\n<\/ul>\n<ul>\n<li style=\"text-align: justify;\">Compruebe cu\u00e1nto dinero hay en su cuenta conjunta, por si necesita retirar la mitad r\u00e1pidamente.<\/li>\n<\/ul>\n<h6 style=\"text-align: left;\"><span style=\"font-size: 8pt;\">Fuente: <a href=\"http:\/\/www.scf.gouv.qc.ca\/index.php?id=61\">Gobierno de Quebec, <em>Escenario de protecci\u00f3n<\/em><\/a><\/span><\/h6>\n","protected":false},"excerpt":{"rendered":"<p>Escenarios de protecci\u00f3n Durante un incidente violento, debe pensar y actuar con rapidez para garantizar su seguridad y la de sus hijos. He aqu\u00ed una serie de medidas que puede tomar de antemano para garantizar su seguridad: Avisa a los vecinos por si tienes que enviarles a tus hijos; p\u00eddeles que llamen a la polic\u00eda [&hellip;]<\/p>\n","protected":false},"author":2,"featured_media":0,"parent":1536,"menu_order":0,"comment_status":"closed","ping_status":"closed","template":"","meta":{"footnotes":""},"class_list":["post-1528","page","type-page","status-publish","hentry"],"yoast_head":"<!-- This site is optimized with the Yoast SEO plugin v27.2 - https:\/\/yoast.com\/product\/yoast-seo-wordpress\/ -->\n<title>Preparar su salida | Multi-Femmes<\/title>\n<meta name=\"robots\" content=\"index, follow, max-snippet:-1, max-image-preview:large, max-video-preview:-1\" \/>\n<link rel=\"canonical\" href=\"https:\/\/multifemmes.com\/es\/violencia-domestica\/preparar-su-salida\/\" \/>\n<meta property=\"og:locale\" content=\"es_ES\" \/>\n<meta property=\"og:type\" content=\"article\" \/>\n<meta property=\"og:title\" content=\"Preparar su salida | Multi-Femmes\" \/>\n<meta property=\"og:description\" content=\"Escenarios de protecci\u00f3n Durante un incidente violento, debe pensar y actuar con rapidez para garantizar su seguridad y la de sus hijos. He aqu\u00ed una serie de medidas que puede tomar de antemano para garantizar su seguridad: Avisa a los vecinos por si tienes que enviarles a tus hijos; p\u00eddeles que llamen a la polic\u00eda [&hellip;]\" \/>\n<meta property=\"og:url\" content=\"https:\/\/multifemmes.com\/es\/violencia-domestica\/preparar-su-salida\/\" \/>\n<meta property=\"og:site_name\" content=\"Multi-Femmes\" \/>\n<meta property=\"article:publisher\" content=\"https:\/\/www.facebook.com\/multifemmesviolenceconjugale\/\" \/>\n<meta property=\"article:modified_time\" content=\"2023-09-26T14:20:58+00:00\" \/>\n<meta name=\"twitter:card\" content=\"summary_large_image\" \/>\n<meta name=\"twitter:label1\" content=\"Tiempo de lectura\" \/>\n\t<meta name=\"twitter:data1\" content=\"3 minutos\" \/>\n<script type=\"application\/ld+json\" class=\"yoast-schema-graph\">{\"@context\":\"https:\/\/schema.org\",\"@graph\":[{\"@type\":\"WebPage\",\"@id\":\"https:\/\/multifemmes.com\/es\/violencia-domestica\/preparar-su-salida\/\",\"url\":\"https:\/\/multifemmes.com\/es\/violencia-domestica\/preparar-su-salida\/\",\"name\":\"Preparar su salida | Multi-Femmes\",\"isPartOf\":{\"@id\":\"https:\/\/multifemmes.com\/es\/#website\"},\"datePublished\":\"2023-09-26T12:57:31+00:00\",\"dateModified\":\"2023-09-26T14:20:58+00:00\",\"breadcrumb\":{\"@id\":\"https:\/\/multifemmes.com\/es\/violencia-domestica\/preparar-su-salida\/#breadcrumb\"},\"inLanguage\":\"es\",\"potentialAction\":[{\"@type\":\"ReadAction\",\"target\":[\"https:\/\/multifemmes.com\/es\/violencia-domestica\/preparar-su-salida\/\"]}]},{\"@type\":\"BreadcrumbList\",\"@id\":\"https:\/\/multifemmes.com\/es\/violencia-domestica\/preparar-su-salida\/#breadcrumb\",\"itemListElement\":[{\"@type\":\"ListItem\",\"position\":1,\"name\":\"Accueil\",\"item\":\"https:\/\/multifemmes.com\/es\/\"},{\"@type\":\"ListItem\",\"position\":2,\"name\":\"Preparar su salida\"}]},{\"@type\":\"WebSite\",\"@id\":\"https:\/\/multifemmes.com\/es\/#website\",\"url\":\"https:\/\/multifemmes.com\/es\/\",\"name\":\"Multi-Femmes\",\"description\":\"H\u00e9bergement pour femmes victimes de violence conjugale\",\"publisher\":{\"@id\":\"https:\/\/multifemmes.com\/es\/#organization\"},\"potentialAction\":[{\"@type\":\"SearchAction\",\"target\":{\"@type\":\"EntryPoint\",\"urlTemplate\":\"https:\/\/multifemmes.com\/es\/?s={search_term_string}\"},\"query-input\":{\"@type\":\"PropertyValueSpecification\",\"valueRequired\":true,\"valueName\":\"search_term_string\"}}],\"inLanguage\":\"es\"},{\"@type\":\"Organization\",\"@id\":\"https:\/\/multifemmes.com\/es\/#organization\",\"name\":\"multi-femmes\",\"url\":\"https:\/\/multifemmes.com\/es\/\",\"logo\":{\"@type\":\"ImageObject\",\"inLanguage\":\"es\",\"@id\":\"https:\/\/multifemmes.com\/es\/#\/schema\/logo\/image\/\",\"url\":\"http:\/\/multifemmes.com\/wp-content\/uploads\/2016\/06\/banner-1.jpg\",\"contentUrl\":\"http:\/\/multifemmes.com\/wp-content\/uploads\/2016\/06\/banner-1.jpg\",\"width\":309,\"height\":125,\"caption\":\"multi-femmes\"},\"image\":{\"@id\":\"https:\/\/multifemmes.com\/es\/#\/schema\/logo\/image\/\"},\"sameAs\":[\"https:\/\/www.facebook.com\/multifemmesviolenceconjugale\/\"]}]}<\/script>\n<!-- \/ Yoast SEO plugin. -->","yoast_head_json":{"title":"Preparar su salida | Multi-Femmes","robots":{"index":"index","follow":"follow","max-snippet":"max-snippet:-1","max-image-preview":"max-image-preview:large","max-video-preview":"max-video-preview:-1"},"canonical":"https:\/\/multifemmes.com\/es\/violencia-domestica\/preparar-su-salida\/","og_locale":"es_ES","og_type":"article","og_title":"Preparar su salida | Multi-Femmes","og_description":"Escenarios de protecci\u00f3n Durante un incidente violento, debe pensar y actuar con rapidez para garantizar su seguridad y la de sus hijos. He aqu\u00ed una serie de medidas que puede tomar de antemano para garantizar su seguridad: Avisa a los vecinos por si tienes que enviarles a tus hijos; p\u00eddeles que llamen a la polic\u00eda [&hellip;]","og_url":"https:\/\/multifemmes.com\/es\/violencia-domestica\/preparar-su-salida\/","og_site_name":"Multi-Femmes","article_publisher":"https:\/\/www.facebook.com\/multifemmesviolenceconjugale\/","article_modified_time":"2023-09-26T14:20:58+00:00","twitter_card":"summary_large_image","twitter_misc":{"Tiempo de lectura":"3 minutos"},"schema":{"@context":"https:\/\/schema.org","@graph":[{"@type":"WebPage","@id":"https:\/\/multifemmes.com\/es\/violencia-domestica\/preparar-su-salida\/","url":"https:\/\/multifemmes.com\/es\/violencia-domestica\/preparar-su-salida\/","name":"Preparar su salida | Multi-Femmes","isPartOf":{"@id":"https:\/\/multifemmes.com\/es\/#website"},"datePublished":"2023-09-26T12:57:31+00:00","dateModified":"2023-09-26T14:20:58+00:00","breadcrumb":{"@id":"https:\/\/multifemmes.com\/es\/violencia-domestica\/preparar-su-salida\/#breadcrumb"},"inLanguage":"es","potentialAction":[{"@type":"ReadAction","target":["https:\/\/multifemmes.com\/es\/violencia-domestica\/preparar-su-salida\/"]}]},{"@type":"BreadcrumbList","@id":"https:\/\/multifemmes.com\/es\/violencia-domestica\/preparar-su-salida\/#breadcrumb","itemListElement":[{"@type":"ListItem","position":1,"name":"Accueil","item":"https:\/\/multifemmes.com\/es\/"},{"@type":"ListItem","position":2,"name":"Preparar su salida"}]},{"@type":"WebSite","@id":"https:\/\/multifemmes.com\/es\/#website","url":"https:\/\/multifemmes.com\/es\/","name":"Multi-Femmes","description":"H\u00e9bergement pour femmes victimes de violence conjugale","publisher":{"@id":"https:\/\/multifemmes.com\/es\/#organization"},"potentialAction":[{"@type":"SearchAction","target":{"@type":"EntryPoint","urlTemplate":"https:\/\/multifemmes.com\/es\/?s={search_term_string}"},"query-input":{"@type":"PropertyValueSpecification","valueRequired":true,"valueName":"search_term_string"}}],"inLanguage":"es"},{"@type":"Organization","@id":"https:\/\/multifemmes.com\/es\/#organization","name":"multi-femmes","url":"https:\/\/multifemmes.com\/es\/","logo":{"@type":"ImageObject","inLanguage":"es","@id":"https:\/\/multifemmes.com\/es\/#\/schema\/logo\/image\/","url":"http:\/\/multifemmes.com\/wp-content\/uploads\/2016\/06\/banner-1.jpg","contentUrl":"http:\/\/multifemmes.com\/wp-content\/uploads\/2016\/06\/banner-1.jpg","width":309,"height":125,"caption":"multi-femmes"},"image":{"@id":"https:\/\/multifemmes.com\/es\/#\/schema\/logo\/image\/"},"sameAs":["https:\/\/www.facebook.com\/multifemmesviolenceconjugale\/"]}]}},"_links":{"self":[{"href":"https:\/\/multifemmes.com\/es\/wp-json\/wp\/v2\/pages\/1528","targetHints":{"allow":["GET"]}}],"collection":[{"href":"https:\/\/multifemmes.com\/es\/wp-json\/wp\/v2\/pages"}],"about":[{"href":"https:\/\/multifemmes.com\/es\/wp-json\/wp\/v2\/types\/page"}],"author":[{"embeddable":true,"href":"https:\/\/multifemmes.com\/es\/wp-json\/wp\/v2\/users\/2"}],"replies":[{"embeddable":true,"href":"https:\/\/multifemmes.com\/es\/wp-json\/wp\/v2\/comments?post=1528"}],"version-history":[{"count":0,"href":"https:\/\/multifemmes.com\/es\/wp-json\/wp\/v2\/pages\/1528\/revisions"}],"up":[{"embeddable":true,"href":"https:\/\/multifemmes.com\/es\/wp-json\/wp\/v2\/pages\/1536"}],"wp:attachment":[{"href":"https:\/\/multifemmes.com\/es\/wp-json\/wp\/v2\/media?parent=1528"}],"curies":[{"name":"wp","href":"https:\/\/api.w.org\/{rel}","templated":true}]}}