{"id":1519,"date":"2023-09-26T08:28:54","date_gmt":"2023-09-26T12:28:54","guid":{"rendered":"https:\/\/multifemmes.com\/borrar-tus-huellas\/"},"modified":"2023-09-26T10:20:32","modified_gmt":"2023-09-26T14:20:32","slug":"borrar-tus-huellas","status":"publish","type":"page","link":"https:\/\/multifemmes.com\/es\/borrar-tus-huellas\/","title":{"rendered":"Borrar tus huellas"},"content":{"rendered":"<h2>Con Google Chrome (ordenadores y tabletas)<\/h2>\n<ul>\n<li>Haga clic <a href=\"https:\/\/support.google.com\/chrome\/answer\/95589?co=GENIE.Platform%3DiOS&amp;hl=fr&amp;oco=0\">aqu\u00ed<\/a> para ver las instrucciones.<\/li>\n<\/ul>\n<h2>Con Firefox<\/h2>\n<ul>\n<li>Haga clic <a href=\"https:\/\/support.mozilla.org\/fr\/kb\/supprimer-historique-recent\">aqu\u00ed<\/a> para ver las instrucciones.<\/li>\n<\/ul>\n<h2>Con Internet Explorer<\/h2>\n<ul>\n<li>En el men\u00fa \u00abHerramientas\u00bb de la barra superior, haz clic en \u00abOpciones de Internet\u00bb;<\/li>\n<li>Aparecer\u00e1 una ventana: haga clic en la pesta\u00f1a \u00abGeneral\u00bb;<\/li>\n<li>En la opci\u00f3n \u00abArchivos temporales\u00bb, haga clic en el bot\u00f3n \u00abEliminar archivos\u00bb;<\/li>\n<li>En la secci\u00f3n \u00abHistorial\u00bb, haga clic en el bot\u00f3n \u00abEliminar historial\u00bb;<\/li>\n<li>Haga clic en \u00abAceptar\u00bb.<\/li>\n<\/ul>\n<h2>Con Safari<\/h2>\n<p>Pr\u00f3ximamente&#8230;<\/p>\n","protected":false},"excerpt":{"rendered":"<p>Con Google Chrome (ordenadores y tabletas) Haga clic aqu\u00ed para ver las instrucciones. Con Firefox Haga clic aqu\u00ed para ver las instrucciones. Con Internet Explorer En el men\u00fa \u00abHerramientas\u00bb de la barra superior, haz clic en \u00abOpciones de Internet\u00bb; Aparecer\u00e1 una ventana: haga clic en la pesta\u00f1a \u00abGeneral\u00bb; En la opci\u00f3n \u00abArchivos temporales\u00bb, haga clic [&hellip;]<\/p>\n","protected":false},"author":2,"featured_media":0,"parent":0,"menu_order":0,"comment_status":"closed","ping_status":"closed","template":"","meta":{"footnotes":""},"class_list":["post-1519","page","type-page","status-publish","hentry"],"yoast_head":"<!-- This site is optimized with the Yoast SEO plugin v27.2 - https:\/\/yoast.com\/product\/yoast-seo-wordpress\/ -->\n<title>Borrar tus huellas | Multi-Femmes<\/title>\n<meta name=\"robots\" content=\"index, follow, max-snippet:-1, max-image-preview:large, max-video-preview:-1\" \/>\n<link rel=\"canonical\" href=\"https:\/\/multifemmes.com\/es\/borrar-tus-huellas\/\" \/>\n<meta property=\"og:locale\" content=\"es_ES\" \/>\n<meta property=\"og:type\" content=\"article\" \/>\n<meta property=\"og:title\" content=\"Borrar tus huellas | Multi-Femmes\" \/>\n<meta property=\"og:description\" content=\"Con Google Chrome (ordenadores y tabletas) Haga clic aqu\u00ed para ver las instrucciones. Con Firefox Haga clic aqu\u00ed para ver las instrucciones. Con Internet Explorer En el men\u00fa \u00abHerramientas\u00bb de la barra superior, haz clic en \u00abOpciones de Internet\u00bb; Aparecer\u00e1 una ventana: haga clic en la pesta\u00f1a \u00abGeneral\u00bb; En la opci\u00f3n \u00abArchivos temporales\u00bb, haga clic [&hellip;]\" \/>\n<meta property=\"og:url\" content=\"https:\/\/multifemmes.com\/es\/borrar-tus-huellas\/\" \/>\n<meta property=\"og:site_name\" content=\"Multi-Femmes\" \/>\n<meta property=\"article:publisher\" content=\"https:\/\/www.facebook.com\/multifemmesviolenceconjugale\/\" \/>\n<meta property=\"article:modified_time\" content=\"2023-09-26T14:20:32+00:00\" \/>\n<meta name=\"twitter:card\" content=\"summary_large_image\" \/>\n<script type=\"application\/ld+json\" class=\"yoast-schema-graph\">{\"@context\":\"https:\/\/schema.org\",\"@graph\":[{\"@type\":\"WebPage\",\"@id\":\"https:\/\/multifemmes.com\/es\/borrar-tus-huellas\/\",\"url\":\"https:\/\/multifemmes.com\/es\/borrar-tus-huellas\/\",\"name\":\"Borrar tus huellas | Multi-Femmes\",\"isPartOf\":{\"@id\":\"https:\/\/multifemmes.com\/es\/#website\"},\"datePublished\":\"2023-09-26T12:28:54+00:00\",\"dateModified\":\"2023-09-26T14:20:32+00:00\",\"breadcrumb\":{\"@id\":\"https:\/\/multifemmes.com\/es\/borrar-tus-huellas\/#breadcrumb\"},\"inLanguage\":\"es\",\"potentialAction\":[{\"@type\":\"ReadAction\",\"target\":[\"https:\/\/multifemmes.com\/es\/borrar-tus-huellas\/\"]}]},{\"@type\":\"BreadcrumbList\",\"@id\":\"https:\/\/multifemmes.com\/es\/borrar-tus-huellas\/#breadcrumb\",\"itemListElement\":[{\"@type\":\"ListItem\",\"position\":1,\"name\":\"Accueil\",\"item\":\"https:\/\/multifemmes.com\/es\/\"},{\"@type\":\"ListItem\",\"position\":2,\"name\":\"Borrar tus huellas\"}]},{\"@type\":\"WebSite\",\"@id\":\"https:\/\/multifemmes.com\/es\/#website\",\"url\":\"https:\/\/multifemmes.com\/es\/\",\"name\":\"Multi-Femmes\",\"description\":\"H\u00e9bergement pour femmes victimes de violence conjugale\",\"publisher\":{\"@id\":\"https:\/\/multifemmes.com\/es\/#organization\"},\"potentialAction\":[{\"@type\":\"SearchAction\",\"target\":{\"@type\":\"EntryPoint\",\"urlTemplate\":\"https:\/\/multifemmes.com\/es\/?s={search_term_string}\"},\"query-input\":{\"@type\":\"PropertyValueSpecification\",\"valueRequired\":true,\"valueName\":\"search_term_string\"}}],\"inLanguage\":\"es\"},{\"@type\":\"Organization\",\"@id\":\"https:\/\/multifemmes.com\/es\/#organization\",\"name\":\"multi-femmes\",\"url\":\"https:\/\/multifemmes.com\/es\/\",\"logo\":{\"@type\":\"ImageObject\",\"inLanguage\":\"es\",\"@id\":\"https:\/\/multifemmes.com\/es\/#\/schema\/logo\/image\/\",\"url\":\"http:\/\/multifemmes.com\/wp-content\/uploads\/2016\/06\/banner-1.jpg\",\"contentUrl\":\"http:\/\/multifemmes.com\/wp-content\/uploads\/2016\/06\/banner-1.jpg\",\"width\":309,\"height\":125,\"caption\":\"multi-femmes\"},\"image\":{\"@id\":\"https:\/\/multifemmes.com\/es\/#\/schema\/logo\/image\/\"},\"sameAs\":[\"https:\/\/www.facebook.com\/multifemmesviolenceconjugale\/\"]}]}<\/script>\n<!-- \/ Yoast SEO plugin. -->","yoast_head_json":{"title":"Borrar tus huellas | Multi-Femmes","robots":{"index":"index","follow":"follow","max-snippet":"max-snippet:-1","max-image-preview":"max-image-preview:large","max-video-preview":"max-video-preview:-1"},"canonical":"https:\/\/multifemmes.com\/es\/borrar-tus-huellas\/","og_locale":"es_ES","og_type":"article","og_title":"Borrar tus huellas | Multi-Femmes","og_description":"Con Google Chrome (ordenadores y tabletas) Haga clic aqu\u00ed para ver las instrucciones. Con Firefox Haga clic aqu\u00ed para ver las instrucciones. Con Internet Explorer En el men\u00fa \u00abHerramientas\u00bb de la barra superior, haz clic en \u00abOpciones de Internet\u00bb; Aparecer\u00e1 una ventana: haga clic en la pesta\u00f1a \u00abGeneral\u00bb; En la opci\u00f3n \u00abArchivos temporales\u00bb, haga clic [&hellip;]","og_url":"https:\/\/multifemmes.com\/es\/borrar-tus-huellas\/","og_site_name":"Multi-Femmes","article_publisher":"https:\/\/www.facebook.com\/multifemmesviolenceconjugale\/","article_modified_time":"2023-09-26T14:20:32+00:00","twitter_card":"summary_large_image","schema":{"@context":"https:\/\/schema.org","@graph":[{"@type":"WebPage","@id":"https:\/\/multifemmes.com\/es\/borrar-tus-huellas\/","url":"https:\/\/multifemmes.com\/es\/borrar-tus-huellas\/","name":"Borrar tus huellas | Multi-Femmes","isPartOf":{"@id":"https:\/\/multifemmes.com\/es\/#website"},"datePublished":"2023-09-26T12:28:54+00:00","dateModified":"2023-09-26T14:20:32+00:00","breadcrumb":{"@id":"https:\/\/multifemmes.com\/es\/borrar-tus-huellas\/#breadcrumb"},"inLanguage":"es","potentialAction":[{"@type":"ReadAction","target":["https:\/\/multifemmes.com\/es\/borrar-tus-huellas\/"]}]},{"@type":"BreadcrumbList","@id":"https:\/\/multifemmes.com\/es\/borrar-tus-huellas\/#breadcrumb","itemListElement":[{"@type":"ListItem","position":1,"name":"Accueil","item":"https:\/\/multifemmes.com\/es\/"},{"@type":"ListItem","position":2,"name":"Borrar tus huellas"}]},{"@type":"WebSite","@id":"https:\/\/multifemmes.com\/es\/#website","url":"https:\/\/multifemmes.com\/es\/","name":"Multi-Femmes","description":"H\u00e9bergement pour femmes victimes de violence conjugale","publisher":{"@id":"https:\/\/multifemmes.com\/es\/#organization"},"potentialAction":[{"@type":"SearchAction","target":{"@type":"EntryPoint","urlTemplate":"https:\/\/multifemmes.com\/es\/?s={search_term_string}"},"query-input":{"@type":"PropertyValueSpecification","valueRequired":true,"valueName":"search_term_string"}}],"inLanguage":"es"},{"@type":"Organization","@id":"https:\/\/multifemmes.com\/es\/#organization","name":"multi-femmes","url":"https:\/\/multifemmes.com\/es\/","logo":{"@type":"ImageObject","inLanguage":"es","@id":"https:\/\/multifemmes.com\/es\/#\/schema\/logo\/image\/","url":"http:\/\/multifemmes.com\/wp-content\/uploads\/2016\/06\/banner-1.jpg","contentUrl":"http:\/\/multifemmes.com\/wp-content\/uploads\/2016\/06\/banner-1.jpg","width":309,"height":125,"caption":"multi-femmes"},"image":{"@id":"https:\/\/multifemmes.com\/es\/#\/schema\/logo\/image\/"},"sameAs":["https:\/\/www.facebook.com\/multifemmesviolenceconjugale\/"]}]}},"_links":{"self":[{"href":"https:\/\/multifemmes.com\/es\/wp-json\/wp\/v2\/pages\/1519","targetHints":{"allow":["GET"]}}],"collection":[{"href":"https:\/\/multifemmes.com\/es\/wp-json\/wp\/v2\/pages"}],"about":[{"href":"https:\/\/multifemmes.com\/es\/wp-json\/wp\/v2\/types\/page"}],"author":[{"embeddable":true,"href":"https:\/\/multifemmes.com\/es\/wp-json\/wp\/v2\/users\/2"}],"replies":[{"embeddable":true,"href":"https:\/\/multifemmes.com\/es\/wp-json\/wp\/v2\/comments?post=1519"}],"version-history":[{"count":0,"href":"https:\/\/multifemmes.com\/es\/wp-json\/wp\/v2\/pages\/1519\/revisions"}],"wp:attachment":[{"href":"https:\/\/multifemmes.com\/es\/wp-json\/wp\/v2\/media?parent=1519"}],"curies":[{"name":"wp","href":"https:\/\/api.w.org\/{rel}","templated":true}]}}