{"id":1508,"date":"2023-09-25T16:15:31","date_gmt":"2023-09-25T20:15:31","guid":{"rendered":"https:\/\/multifemmes.com\/quienes-somos\/"},"modified":"2023-09-25T16:15:31","modified_gmt":"2023-09-25T20:15:31","slug":"quienes-somos","status":"publish","type":"page","link":"https:\/\/multifemmes.com\/es\/quienes-somos\/","title":{"rendered":"Qui\u00e9nes somos"},"content":{"rendered":"<p style=\"text-align: left;\">Multi-Femmes es una organizaci\u00f3n comunitaria sin \u00e1nimo de lucro y miembro del <a href=\"http:\/\/maisons-femmes.qc.ca\/\">Regroupement des maisons pour femmes victimes de violence conjugale<\/a>.<\/p>\n<h2 style=\"text-align: left;\"><\/h2>\n<h2 style=\"text-align: left;\">Nuestra misi\u00f3n<\/h2>\n<p style=\"text-align: left;\">Ayudar a las mujeres v\u00edctimas de la violencia dom\u00e9stica y a sus hijos, ofreci\u00e9ndoles alojamiento, seguridad, escucha y apoyo. Tambi\u00e9n se trata de denunciar la violencia dom\u00e9stica como un problema social, no individual, y de defender los derechos de la mujer en la sociedad en general.<\/p>\n<h2 style=\"text-align: left;\"><\/h2>\n<h2 style=\"text-align: left;\">Nuestros objetivos<\/h2>\n<ul style=\"text-align: left;\">\n<li style=\"text-align: justify;\">Denunciar la violencia dom\u00e9stica en todas sus formas;<\/li>\n<li style=\"text-align: justify;\">Ofrecer un lugar seguro a las mujeres v\u00edctimas de violencia dom\u00e9stica y a sus hijos;<\/li>\n<li style=\"text-align: justify;\">Informar a las mujeres de sus derechos;<\/li>\n<li style=\"text-align: justify;\">Ayudar a identificar actitudes y comportamientos relacionados con la violencia dom\u00e9stica;<\/li>\n<li style=\"text-align: justify;\">Ayudar a las madres y a otras personas a reconocer el impacto de la violencia dom\u00e9stica en las mujeres y los ni\u00f1os;<\/li>\n<li style=\"text-align: justify;\">Promover la autonom\u00eda de las mujeres;<\/li>\n<li style=\"text-align: justify;\">Rompiendo el aislamiento;<\/li>\n<li style=\"text-align: justify;\">Aumenta tu autoestima;<\/li>\n<li style=\"text-align: justify;\">Sensibilizar a la opini\u00f3n p\u00fablica sobre la violencia dom\u00e9stica.<\/li>\n<\/ul>\n<h2 style=\"text-align: left;\"><\/h2>\n<h2 style=\"text-align: left;\">Nuestra historia<\/h2>\n<ul style=\"text-align: left;\">\n<li>1975: se crea el Centre de la Femme Nouvelle, un grupo de mujeres estudiantes de Derecho y abogadas, para ayudar a las mujeres en procedimientos judiciales de todo tipo. Estas mujeres se dan cuenta r\u00e1pidamente de que puede ser peligroso que las v\u00edctimas de violencia dom\u00e9stica que a\u00fan viven con su pareja busquen asesoramiento jur\u00eddico. As\u00ed que decidieron crear un refugio seguro y confidencial para ayudar a las mujeres v\u00edctimas de la violencia dom\u00e9stica y a sus hijos.<\/li>\n<\/ul>\n<ul style=\"text-align: left;\">\n<li>1977: El Centre de la Femme Nouvelle funda el Centre Refuge Montr\u00e9al, uno de los primeros centros de acogida de la isla de Montreal.<\/li>\n<\/ul>\n<ul style=\"text-align: left;\">\n<li>1984: El Centre Refuge Montr\u00e9al cambia su nombre por el de Multi-Femmes.<\/li>\n<\/ul>\n<ul style=\"text-align: left;\">\n<li>1993: Multi-Femmes crea un recurso de<sup>2\u00aa<\/sup> etapa: Multi-Femmes Deux. A continuaci\u00f3n, se ofrecen seis unidades, por un m\u00e1ximo de un a\u00f1o, a mujeres y ni\u00f1os que hayan permanecido previamente en un centro de acogida de<sup>1\u00aa<\/sup> fase.<\/li>\n<\/ul>\n<ul>\n<li style=\"text-align: left;\">2006: Gracias a la nueva financiaci\u00f3n del Programme de Soutien aux Organismes Communautaires (PSOC), Multi-Femmes puede ofrecer servicios estructurados a antiguos residentes y a sus hijos, as\u00ed como a mujeres y ni\u00f1os que no necesitan alojamiento, lo que se conoce como <a href=\"http:\/\/multifemmes.com\/services\/\">\u00abservicios externos<\/a> \u00ab.<\/li>\n<\/ul>\n","protected":false},"excerpt":{"rendered":"<p>Multi-Femmes es una organizaci\u00f3n comunitaria sin \u00e1nimo de lucro y miembro del Regroupement des maisons pour femmes victimes de violence conjugale. Nuestra misi\u00f3n Ayudar a las mujeres v\u00edctimas de la violencia dom\u00e9stica y a sus hijos, ofreci\u00e9ndoles alojamiento, seguridad, escucha y apoyo. Tambi\u00e9n se trata de denunciar la violencia dom\u00e9stica como un problema social, no [&hellip;]<\/p>\n","protected":false},"author":2,"featured_media":0,"parent":0,"menu_order":0,"comment_status":"closed","ping_status":"closed","template":"","meta":{"footnotes":""},"class_list":["post-1508","page","type-page","status-publish","hentry"],"yoast_head":"<!-- This site is optimized with the Yoast SEO plugin v27.2 - https:\/\/yoast.com\/product\/yoast-seo-wordpress\/ -->\n<title>Qui\u00e9nes somos | Multi-Femmes<\/title>\n<meta name=\"robots\" content=\"index, follow, max-snippet:-1, max-image-preview:large, max-video-preview:-1\" \/>\n<link rel=\"canonical\" href=\"https:\/\/multifemmes.com\/es\/quienes-somos\/\" \/>\n<meta property=\"og:locale\" content=\"es_ES\" \/>\n<meta property=\"og:type\" content=\"article\" \/>\n<meta property=\"og:title\" content=\"Qui\u00e9nes somos | Multi-Femmes\" \/>\n<meta property=\"og:description\" content=\"Multi-Femmes es una organizaci\u00f3n comunitaria sin \u00e1nimo de lucro y miembro del Regroupement des maisons pour femmes victimes de violence conjugale. Nuestra misi\u00f3n Ayudar a las mujeres v\u00edctimas de la violencia dom\u00e9stica y a sus hijos, ofreci\u00e9ndoles alojamiento, seguridad, escucha y apoyo. Tambi\u00e9n se trata de denunciar la violencia dom\u00e9stica como un problema social, no [&hellip;]\" \/>\n<meta property=\"og:url\" content=\"https:\/\/multifemmes.com\/es\/quienes-somos\/\" \/>\n<meta property=\"og:site_name\" content=\"Multi-Femmes\" \/>\n<meta property=\"article:publisher\" content=\"https:\/\/www.facebook.com\/multifemmesviolenceconjugale\/\" \/>\n<meta name=\"twitter:card\" content=\"summary_large_image\" \/>\n<meta name=\"twitter:label1\" content=\"Tiempo de lectura\" \/>\n\t<meta name=\"twitter:data1\" content=\"2 minutos\" \/>\n<script type=\"application\/ld+json\" class=\"yoast-schema-graph\">{\"@context\":\"https:\/\/schema.org\",\"@graph\":[{\"@type\":\"WebPage\",\"@id\":\"https:\/\/multifemmes.com\/es\/quienes-somos\/\",\"url\":\"https:\/\/multifemmes.com\/es\/quienes-somos\/\",\"name\":\"Qui\u00e9nes somos | Multi-Femmes\",\"isPartOf\":{\"@id\":\"https:\/\/multifemmes.com\/es\/#website\"},\"datePublished\":\"2023-09-25T20:15:31+00:00\",\"breadcrumb\":{\"@id\":\"https:\/\/multifemmes.com\/es\/quienes-somos\/#breadcrumb\"},\"inLanguage\":\"es\",\"potentialAction\":[{\"@type\":\"ReadAction\",\"target\":[\"https:\/\/multifemmes.com\/es\/quienes-somos\/\"]}]},{\"@type\":\"BreadcrumbList\",\"@id\":\"https:\/\/multifemmes.com\/es\/quienes-somos\/#breadcrumb\",\"itemListElement\":[{\"@type\":\"ListItem\",\"position\":1,\"name\":\"Accueil\",\"item\":\"https:\/\/multifemmes.com\/es\/\"},{\"@type\":\"ListItem\",\"position\":2,\"name\":\"Qui\u00e9nes somos\"}]},{\"@type\":\"WebSite\",\"@id\":\"https:\/\/multifemmes.com\/es\/#website\",\"url\":\"https:\/\/multifemmes.com\/es\/\",\"name\":\"Multi-Femmes\",\"description\":\"H\u00e9bergement pour femmes victimes de violence conjugale\",\"publisher\":{\"@id\":\"https:\/\/multifemmes.com\/es\/#organization\"},\"potentialAction\":[{\"@type\":\"SearchAction\",\"target\":{\"@type\":\"EntryPoint\",\"urlTemplate\":\"https:\/\/multifemmes.com\/es\/?s={search_term_string}\"},\"query-input\":{\"@type\":\"PropertyValueSpecification\",\"valueRequired\":true,\"valueName\":\"search_term_string\"}}],\"inLanguage\":\"es\"},{\"@type\":\"Organization\",\"@id\":\"https:\/\/multifemmes.com\/es\/#organization\",\"name\":\"multi-femmes\",\"url\":\"https:\/\/multifemmes.com\/es\/\",\"logo\":{\"@type\":\"ImageObject\",\"inLanguage\":\"es\",\"@id\":\"https:\/\/multifemmes.com\/es\/#\/schema\/logo\/image\/\",\"url\":\"http:\/\/multifemmes.com\/wp-content\/uploads\/2016\/06\/banner-1.jpg\",\"contentUrl\":\"http:\/\/multifemmes.com\/wp-content\/uploads\/2016\/06\/banner-1.jpg\",\"width\":309,\"height\":125,\"caption\":\"multi-femmes\"},\"image\":{\"@id\":\"https:\/\/multifemmes.com\/es\/#\/schema\/logo\/image\/\"},\"sameAs\":[\"https:\/\/www.facebook.com\/multifemmesviolenceconjugale\/\"]}]}<\/script>\n<!-- \/ Yoast SEO plugin. -->","yoast_head_json":{"title":"Qui\u00e9nes somos | Multi-Femmes","robots":{"index":"index","follow":"follow","max-snippet":"max-snippet:-1","max-image-preview":"max-image-preview:large","max-video-preview":"max-video-preview:-1"},"canonical":"https:\/\/multifemmes.com\/es\/quienes-somos\/","og_locale":"es_ES","og_type":"article","og_title":"Qui\u00e9nes somos | Multi-Femmes","og_description":"Multi-Femmes es una organizaci\u00f3n comunitaria sin \u00e1nimo de lucro y miembro del Regroupement des maisons pour femmes victimes de violence conjugale. Nuestra misi\u00f3n Ayudar a las mujeres v\u00edctimas de la violencia dom\u00e9stica y a sus hijos, ofreci\u00e9ndoles alojamiento, seguridad, escucha y apoyo. Tambi\u00e9n se trata de denunciar la violencia dom\u00e9stica como un problema social, no [&hellip;]","og_url":"https:\/\/multifemmes.com\/es\/quienes-somos\/","og_site_name":"Multi-Femmes","article_publisher":"https:\/\/www.facebook.com\/multifemmesviolenceconjugale\/","twitter_card":"summary_large_image","twitter_misc":{"Tiempo de lectura":"2 minutos"},"schema":{"@context":"https:\/\/schema.org","@graph":[{"@type":"WebPage","@id":"https:\/\/multifemmes.com\/es\/quienes-somos\/","url":"https:\/\/multifemmes.com\/es\/quienes-somos\/","name":"Qui\u00e9nes somos | Multi-Femmes","isPartOf":{"@id":"https:\/\/multifemmes.com\/es\/#website"},"datePublished":"2023-09-25T20:15:31+00:00","breadcrumb":{"@id":"https:\/\/multifemmes.com\/es\/quienes-somos\/#breadcrumb"},"inLanguage":"es","potentialAction":[{"@type":"ReadAction","target":["https:\/\/multifemmes.com\/es\/quienes-somos\/"]}]},{"@type":"BreadcrumbList","@id":"https:\/\/multifemmes.com\/es\/quienes-somos\/#breadcrumb","itemListElement":[{"@type":"ListItem","position":1,"name":"Accueil","item":"https:\/\/multifemmes.com\/es\/"},{"@type":"ListItem","position":2,"name":"Qui\u00e9nes somos"}]},{"@type":"WebSite","@id":"https:\/\/multifemmes.com\/es\/#website","url":"https:\/\/multifemmes.com\/es\/","name":"Multi-Femmes","description":"H\u00e9bergement pour femmes victimes de violence conjugale","publisher":{"@id":"https:\/\/multifemmes.com\/es\/#organization"},"potentialAction":[{"@type":"SearchAction","target":{"@type":"EntryPoint","urlTemplate":"https:\/\/multifemmes.com\/es\/?s={search_term_string}"},"query-input":{"@type":"PropertyValueSpecification","valueRequired":true,"valueName":"search_term_string"}}],"inLanguage":"es"},{"@type":"Organization","@id":"https:\/\/multifemmes.com\/es\/#organization","name":"multi-femmes","url":"https:\/\/multifemmes.com\/es\/","logo":{"@type":"ImageObject","inLanguage":"es","@id":"https:\/\/multifemmes.com\/es\/#\/schema\/logo\/image\/","url":"http:\/\/multifemmes.com\/wp-content\/uploads\/2016\/06\/banner-1.jpg","contentUrl":"http:\/\/multifemmes.com\/wp-content\/uploads\/2016\/06\/banner-1.jpg","width":309,"height":125,"caption":"multi-femmes"},"image":{"@id":"https:\/\/multifemmes.com\/es\/#\/schema\/logo\/image\/"},"sameAs":["https:\/\/www.facebook.com\/multifemmesviolenceconjugale\/"]}]}},"_links":{"self":[{"href":"https:\/\/multifemmes.com\/es\/wp-json\/wp\/v2\/pages\/1508","targetHints":{"allow":["GET"]}}],"collection":[{"href":"https:\/\/multifemmes.com\/es\/wp-json\/wp\/v2\/pages"}],"about":[{"href":"https:\/\/multifemmes.com\/es\/wp-json\/wp\/v2\/types\/page"}],"author":[{"embeddable":true,"href":"https:\/\/multifemmes.com\/es\/wp-json\/wp\/v2\/users\/2"}],"replies":[{"embeddable":true,"href":"https:\/\/multifemmes.com\/es\/wp-json\/wp\/v2\/comments?post=1508"}],"version-history":[{"count":0,"href":"https:\/\/multifemmes.com\/es\/wp-json\/wp\/v2\/pages\/1508\/revisions"}],"wp:attachment":[{"href":"https:\/\/multifemmes.com\/es\/wp-json\/wp\/v2\/media?parent=1508"}],"curies":[{"name":"wp","href":"https:\/\/api.w.org\/{rel}","templated":true}]}}