{"id":1352,"date":"2023-09-07T09:37:54","date_gmt":"2023-09-07T13:37:54","guid":{"rendered":"https:\/\/multifemmes.com\/servicios\/"},"modified":"2024-04-03T14:54:21","modified_gmt":"2024-04-03T18:54:21","slug":"servicios","status":"publish","type":"page","link":"https:\/\/multifemmes.com\/es\/servicios\/","title":{"rendered":"Servicios"},"content":{"rendered":"\t\t<div data-elementor-type=\"wp-post\" data-elementor-id=\"1352\" class=\"elementor elementor-1352\" data-elementor-post-type=\"page\">\n\t\t\t\t\t\t<section class=\"elementor-section elementor-top-section elementor-element elementor-element-5477e79d elementor-section-boxed elementor-section-height-default elementor-section-height-default\" data-id=\"5477e79d\" data-element_type=\"section\" data-e-type=\"section\">\n\t\t\t\t\t\t<div class=\"elementor-container elementor-column-gap-no\">\n\t\t\t\t\t<div class=\"elementor-column elementor-col-100 elementor-top-column elementor-element elementor-element-5a3acc26\" data-id=\"5a3acc26\" data-element_type=\"column\" data-e-type=\"column\">\n\t\t\t<div class=\"elementor-widget-wrap elementor-element-populated\">\n\t\t\t\t\t\t<div class=\"elementor-element elementor-element-50597228 elementor-widget elementor-widget-text-editor\" data-id=\"50597228\" data-element_type=\"widget\" data-e-type=\"widget\" data-widget_type=\"text-editor.default\">\n\t\t\t\t<div class=\"elementor-widget-container\">\n\t\t\t\t\t\t\t\t\t<h2 style=\"text-align: left;\">Todos los servicios de Multi-Femmes son gratuitos y confidenciales<\/h2>\n<ul style=\"text-align: left;\">\n<li style=\"text-align: justify;\">Alojamiento y recepci\u00f3n 24 horas;<\/li>\n<li style=\"text-align: justify;\">Intervenciones individuales y en grupo para mujeres y ni\u00f1os;<\/li>\n<li style=\"text-align: justify;\">Intervenci\u00f3n en la relaci\u00f3n madre-hijo;<\/li>\n<li style=\"text-align: justify;\">Acuerdo con las escuelas locales;<\/li>\n<li style=\"text-align: justify;\">Apoyo y asistencia en los procedimientos;<\/li>\n<li style=\"text-align: justify;\">Consultas telef\u00f3nicas;<\/li>\n<li style=\"text-align: justify;\">Servicio de referencia e informaci\u00f3n;<\/li>\n<li style=\"text-align: justify;\">Seguimiento posterior al alojamiento;<\/li>\n<li style=\"text-align: justify;\">Atenci\u00f3n ambulatoria, sin alojamiento, para mujeres y ni\u00f1os;<\/li>\n<li style=\"text-align: justify;\">Sensibilizaci\u00f3n y prevenci\u00f3n en la comunidad.<\/li>\n<\/ul>\n<h2 style=\"text-align: left;\">Alojamiento<\/h2>\n<p style=\"text-align: left;\">Multi-Femmes tiene capacidad para un m\u00e1ximo de 15 personas, es decir, seis mujeres y nueve ni\u00f1os. La estancia de la mujer es de corta duraci\u00f3n y puede variar de unos d\u00edas a unos meses.<\/p>\n<p style=\"text-align: left;\">Reuniones formales, informales, individuales o en grupo, as\u00ed como asistencia en los distintos tr\u00e1mites, son servicios que se ofrecen durante el alojamiento.<\/p>\n<p style=\"text-align: left;\">El hogar es un entorno vital. Cada familia tiene su propio dormitorio, mientras que las dem\u00e1s habitaciones son compartidas.<\/p>\n<p style=\"text-align: left;\">Para mantener la armon\u00eda, tenemos un c\u00f3digo de conducta y pedimos a las mujeres que ayuden a organizar la casa: una tarea de limpieza diaria y una cena que preparar una noche a la semana.<\/p>\n\t\t\t\t\t\t\t\t<\/div>\n\t\t\t\t<\/div>\n\t\t\t\t<div class=\"elementor-element elementor-element-cc5a0a8 elementor-widget elementor-widget-text-editor\" data-id=\"cc5a0a8\" data-element_type=\"widget\" data-e-type=\"widget\" data-widget_type=\"text-editor.default\">\n\t\t\t\t<div class=\"elementor-widget-container\">\n\t\t\t\t\t\t\t\t\t<h2 style=\"text-align: left;\"><span style=\"color: inherit; font-family: inherit; font-size: 2rem;\">Servicios externos<\/span><\/h2>\n<p style=\"text-align: left;\">Estos servicios se organizan en dos l\u00edneas: <strong>apoyo no relacionado con<\/strong> el alojamiento y <strong>apoyo posterior al alojamiento<\/strong>.<\/p>\n<p style=\"text-align: left;\">Las mujeres que no necesiten alojamiento, o que ya no lo necesiten, pueden llamar al 514 523 2645 y pedir que las escuchen y les presten servicios de apoyo para ayudarlas a recuperar el control de sus vidas. Sus hijos, expuestos a la <a href=\"https:\/\/multifemmes.com\/es\/violencia-domestica\/\" target=\"_blank\" rel=\"noopener\">violencia dom\u00e9stica<\/a><a href=\"https:\/\/multifemmes.com\/es\/violencia-domestica\/\"> <\/a>o <a href=\"https:\/\/multifemmes.com\/es\/violencia-domestica\/violencia-post-separacion\/\" target=\"_blank\" rel=\"noopener\">violencia post-separaci\u00f3n<\/a>, tambi\u00e9n pueden recibir apoyo en lo que est\u00e1n viviendo.<\/p>\n\t\t\t\t\t\t\t\t<\/div>\n\t\t\t\t<\/div>\n\t\t\t\t\t<\/div>\n\t\t<\/div>\n\t\t\t\t\t<\/div>\n\t\t<\/section>\n\t\t\t\t<\/div>\n\t\t","protected":false},"excerpt":{"rendered":"<p>Todos los servicios de Multi-Femmes son gratuitos y confidenciales Alojamiento y recepci\u00f3n 24 horas; Intervenciones individuales y en grupo para mujeres y ni\u00f1os; Intervenci\u00f3n en la relaci\u00f3n madre-hijo; Acuerdo con las escuelas locales; Apoyo y asistencia en los procedimientos; Consultas telef\u00f3nicas; Servicio de referencia e informaci\u00f3n; Seguimiento posterior al alojamiento; Atenci\u00f3n ambulatoria, sin alojamiento, para [&hellip;]<\/p>\n","protected":false},"author":2,"featured_media":0,"parent":0,"menu_order":0,"comment_status":"closed","ping_status":"closed","template":"","meta":{"footnotes":""},"class_list":["post-1352","page","type-page","status-publish","hentry"],"yoast_head":"<!-- This site is optimized with the Yoast SEO plugin v27.2 - https:\/\/yoast.com\/product\/yoast-seo-wordpress\/ -->\n<title>Servicios | Multi-Femmes<\/title>\n<meta name=\"robots\" content=\"index, follow, max-snippet:-1, max-image-preview:large, max-video-preview:-1\" \/>\n<link rel=\"canonical\" href=\"https:\/\/multifemmes.com\/es\/servicios\/\" \/>\n<meta property=\"og:locale\" content=\"es_ES\" \/>\n<meta property=\"og:type\" content=\"article\" \/>\n<meta property=\"og:title\" content=\"Servicios | Multi-Femmes\" \/>\n<meta property=\"og:description\" content=\"Todos los servicios de Multi-Femmes son gratuitos y confidenciales Alojamiento y recepci\u00f3n 24 horas; Intervenciones individuales y en grupo para mujeres y ni\u00f1os; Intervenci\u00f3n en la relaci\u00f3n madre-hijo; Acuerdo con las escuelas locales; Apoyo y asistencia en los procedimientos; Consultas telef\u00f3nicas; Servicio de referencia e informaci\u00f3n; Seguimiento posterior al alojamiento; Atenci\u00f3n ambulatoria, sin alojamiento, para [&hellip;]\" \/>\n<meta property=\"og:url\" content=\"https:\/\/multifemmes.com\/es\/servicios\/\" \/>\n<meta property=\"og:site_name\" content=\"Multi-Femmes\" \/>\n<meta property=\"article:publisher\" content=\"https:\/\/www.facebook.com\/multifemmesviolenceconjugale\/\" \/>\n<meta property=\"article:modified_time\" content=\"2024-04-03T18:54:21+00:00\" \/>\n<meta name=\"twitter:card\" content=\"summary_large_image\" \/>\n<meta name=\"twitter:label1\" content=\"Tiempo de lectura\" \/>\n\t<meta name=\"twitter:data1\" content=\"1 minuto\" \/>\n<script type=\"application\/ld+json\" class=\"yoast-schema-graph\">{\"@context\":\"https:\/\/schema.org\",\"@graph\":[{\"@type\":\"WebPage\",\"@id\":\"https:\/\/multifemmes.com\/es\/servicios\/\",\"url\":\"https:\/\/multifemmes.com\/es\/servicios\/\",\"name\":\"Servicios | Multi-Femmes\",\"isPartOf\":{\"@id\":\"https:\/\/multifemmes.com\/es\/#website\"},\"datePublished\":\"2023-09-07T13:37:54+00:00\",\"dateModified\":\"2024-04-03T18:54:21+00:00\",\"breadcrumb\":{\"@id\":\"https:\/\/multifemmes.com\/es\/servicios\/#breadcrumb\"},\"inLanguage\":\"es\",\"potentialAction\":[{\"@type\":\"ReadAction\",\"target\":[\"https:\/\/multifemmes.com\/es\/servicios\/\"]}]},{\"@type\":\"BreadcrumbList\",\"@id\":\"https:\/\/multifemmes.com\/es\/servicios\/#breadcrumb\",\"itemListElement\":[{\"@type\":\"ListItem\",\"position\":1,\"name\":\"Accueil\",\"item\":\"https:\/\/multifemmes.com\/es\/\"},{\"@type\":\"ListItem\",\"position\":2,\"name\":\"Servicios\"}]},{\"@type\":\"WebSite\",\"@id\":\"https:\/\/multifemmes.com\/es\/#website\",\"url\":\"https:\/\/multifemmes.com\/es\/\",\"name\":\"Multi-Femmes\",\"description\":\"H\u00e9bergement pour femmes victimes de violence conjugale\",\"publisher\":{\"@id\":\"https:\/\/multifemmes.com\/es\/#organization\"},\"potentialAction\":[{\"@type\":\"SearchAction\",\"target\":{\"@type\":\"EntryPoint\",\"urlTemplate\":\"https:\/\/multifemmes.com\/es\/?s={search_term_string}\"},\"query-input\":{\"@type\":\"PropertyValueSpecification\",\"valueRequired\":true,\"valueName\":\"search_term_string\"}}],\"inLanguage\":\"es\"},{\"@type\":\"Organization\",\"@id\":\"https:\/\/multifemmes.com\/es\/#organization\",\"name\":\"multi-femmes\",\"url\":\"https:\/\/multifemmes.com\/es\/\",\"logo\":{\"@type\":\"ImageObject\",\"inLanguage\":\"es\",\"@id\":\"https:\/\/multifemmes.com\/es\/#\/schema\/logo\/image\/\",\"url\":\"http:\/\/multifemmes.com\/wp-content\/uploads\/2016\/06\/banner-1.jpg\",\"contentUrl\":\"http:\/\/multifemmes.com\/wp-content\/uploads\/2016\/06\/banner-1.jpg\",\"width\":309,\"height\":125,\"caption\":\"multi-femmes\"},\"image\":{\"@id\":\"https:\/\/multifemmes.com\/es\/#\/schema\/logo\/image\/\"},\"sameAs\":[\"https:\/\/www.facebook.com\/multifemmesviolenceconjugale\/\"]}]}<\/script>\n<!-- \/ Yoast SEO plugin. -->","yoast_head_json":{"title":"Servicios | Multi-Femmes","robots":{"index":"index","follow":"follow","max-snippet":"max-snippet:-1","max-image-preview":"max-image-preview:large","max-video-preview":"max-video-preview:-1"},"canonical":"https:\/\/multifemmes.com\/es\/servicios\/","og_locale":"es_ES","og_type":"article","og_title":"Servicios | Multi-Femmes","og_description":"Todos los servicios de Multi-Femmes son gratuitos y confidenciales Alojamiento y recepci\u00f3n 24 horas; Intervenciones individuales y en grupo para mujeres y ni\u00f1os; Intervenci\u00f3n en la relaci\u00f3n madre-hijo; Acuerdo con las escuelas locales; Apoyo y asistencia en los procedimientos; Consultas telef\u00f3nicas; Servicio de referencia e informaci\u00f3n; Seguimiento posterior al alojamiento; Atenci\u00f3n ambulatoria, sin alojamiento, para [&hellip;]","og_url":"https:\/\/multifemmes.com\/es\/servicios\/","og_site_name":"Multi-Femmes","article_publisher":"https:\/\/www.facebook.com\/multifemmesviolenceconjugale\/","article_modified_time":"2024-04-03T18:54:21+00:00","twitter_card":"summary_large_image","twitter_misc":{"Tiempo de lectura":"1 minuto"},"schema":{"@context":"https:\/\/schema.org","@graph":[{"@type":"WebPage","@id":"https:\/\/multifemmes.com\/es\/servicios\/","url":"https:\/\/multifemmes.com\/es\/servicios\/","name":"Servicios | Multi-Femmes","isPartOf":{"@id":"https:\/\/multifemmes.com\/es\/#website"},"datePublished":"2023-09-07T13:37:54+00:00","dateModified":"2024-04-03T18:54:21+00:00","breadcrumb":{"@id":"https:\/\/multifemmes.com\/es\/servicios\/#breadcrumb"},"inLanguage":"es","potentialAction":[{"@type":"ReadAction","target":["https:\/\/multifemmes.com\/es\/servicios\/"]}]},{"@type":"BreadcrumbList","@id":"https:\/\/multifemmes.com\/es\/servicios\/#breadcrumb","itemListElement":[{"@type":"ListItem","position":1,"name":"Accueil","item":"https:\/\/multifemmes.com\/es\/"},{"@type":"ListItem","position":2,"name":"Servicios"}]},{"@type":"WebSite","@id":"https:\/\/multifemmes.com\/es\/#website","url":"https:\/\/multifemmes.com\/es\/","name":"Multi-Femmes","description":"H\u00e9bergement pour femmes victimes de violence conjugale","publisher":{"@id":"https:\/\/multifemmes.com\/es\/#organization"},"potentialAction":[{"@type":"SearchAction","target":{"@type":"EntryPoint","urlTemplate":"https:\/\/multifemmes.com\/es\/?s={search_term_string}"},"query-input":{"@type":"PropertyValueSpecification","valueRequired":true,"valueName":"search_term_string"}}],"inLanguage":"es"},{"@type":"Organization","@id":"https:\/\/multifemmes.com\/es\/#organization","name":"multi-femmes","url":"https:\/\/multifemmes.com\/es\/","logo":{"@type":"ImageObject","inLanguage":"es","@id":"https:\/\/multifemmes.com\/es\/#\/schema\/logo\/image\/","url":"http:\/\/multifemmes.com\/wp-content\/uploads\/2016\/06\/banner-1.jpg","contentUrl":"http:\/\/multifemmes.com\/wp-content\/uploads\/2016\/06\/banner-1.jpg","width":309,"height":125,"caption":"multi-femmes"},"image":{"@id":"https:\/\/multifemmes.com\/es\/#\/schema\/logo\/image\/"},"sameAs":["https:\/\/www.facebook.com\/multifemmesviolenceconjugale\/"]}]}},"_links":{"self":[{"href":"https:\/\/multifemmes.com\/es\/wp-json\/wp\/v2\/pages\/1352","targetHints":{"allow":["GET"]}}],"collection":[{"href":"https:\/\/multifemmes.com\/es\/wp-json\/wp\/v2\/pages"}],"about":[{"href":"https:\/\/multifemmes.com\/es\/wp-json\/wp\/v2\/types\/page"}],"author":[{"embeddable":true,"href":"https:\/\/multifemmes.com\/es\/wp-json\/wp\/v2\/users\/2"}],"replies":[{"embeddable":true,"href":"https:\/\/multifemmes.com\/es\/wp-json\/wp\/v2\/comments?post=1352"}],"version-history":[{"count":1,"href":"https:\/\/multifemmes.com\/es\/wp-json\/wp\/v2\/pages\/1352\/revisions"}],"predecessor-version":[{"id":1721,"href":"https:\/\/multifemmes.com\/es\/wp-json\/wp\/v2\/pages\/1352\/revisions\/1721"}],"wp:attachment":[{"href":"https:\/\/multifemmes.com\/es\/wp-json\/wp\/v2\/media?parent=1352"}],"curies":[{"name":"wp","href":"https:\/\/api.w.org\/{rel}","templated":true}]}}