{"id":1329,"date":"2023-09-06T14:20:24","date_gmt":"2023-09-06T18:20:24","guid":{"rendered":"https:\/\/multifemmes.com\/pongase-en-contacto-con\/"},"modified":"2023-09-26T10:18:14","modified_gmt":"2023-09-26T14:18:14","slug":"pongase-en-contacto-con","status":"publish","type":"page","link":"https:\/\/multifemmes.com\/es\/pongase-en-contacto-con\/","title":{"rendered":"Contacto"},"content":{"rendered":"\t\t<div data-elementor-type=\"wp-post\" data-elementor-id=\"1329\" class=\"elementor elementor-1329 elementor-18\" data-elementor-post-type=\"page\">\n\t\t\t\t\t\t<section class=\"elementor-section elementor-top-section elementor-element elementor-element-4cc488c7 elementor-section-boxed elementor-section-height-default elementor-section-height-default\" data-id=\"4cc488c7\" data-element_type=\"section\" data-e-type=\"section\">\n\t\t\t\t\t\t<div class=\"elementor-container elementor-column-gap-default\">\n\t\t\t\t\t<div class=\"elementor-column elementor-col-100 elementor-top-column elementor-element elementor-element-14081ee0\" data-id=\"14081ee0\" data-element_type=\"column\" data-e-type=\"column\">\n\t\t\t<div class=\"elementor-widget-wrap elementor-element-populated\">\n\t\t\t\t\t\t<div class=\"elementor-element elementor-element-6b660bca elementor-widget elementor-widget-text-editor\" data-id=\"6b660bca\" data-element_type=\"widget\" data-e-type=\"widget\" data-widget_type=\"text-editor.default\">\n\t\t\t\t<div class=\"elementor-widget-container\">\n\t\t\t\t\t\t\t\t\t<h2>C\u00f3mo llegar<\/h2>\n<p><b>Multi-Femmes<\/b><br \/>Apartado de correos 83564, CP Garnier<br \/>Montreal (QC), H2J 4E9<br \/>Tel\u00e9fono: 514 523-1095<br \/>Fax: 514 523-9569<\/p>\n<p><strong>Coordinador<\/strong><br \/><a href=\"mailto:coordination@multifemmes.com\">coordination@multifemmes.com<\/a><\/p>\n<p><strong>Administraci\u00f3n<\/strong><br \/><a href=\"mailto:administration.mf@multifemmes.com\">administration.mf@multifemmes.com<\/a><\/p>\n<p><strong>Servicios externos<\/strong><br \/><a href=\"mailto:services.externes@multifemmes.com\">services.externes@multifemmes.com<\/a><br \/>Tel\u00e9fono: 514 523-2645<br \/>Fax: 1 866 631-7198)<\/p>\n<p><span style=\"font-size: 1rem;\">Para cualquier solicitud o pregunta relacionada con la intervenci\u00f3n <\/span><span style=\"font-size: 1rem;\">ll\u00e1menos al 514 523-1095.<\/span><\/p>\n<p><span style=\"font-size: 1rem;\">Tambi\u00e9n puede acceder a nuestra p\u00e1gina de facebook <\/span><a style=\"background-color: rgba(207, 233, 218, 0.2); font-size: 1rem;\" href=\"https:\/\/www.facebook.com\/multifemmesviolenceconjugale\/\">aqu\u00ed.<\/a><\/p>\n<\/p>\n<p>Si desea presentar una queja por insatisfacci\u00f3n, puede hacerlo a trav\u00e9s<a href=\"http:\/\/multifemmes.com\/wp-content\/uploads\/Declaration-de-services-adoptee-1.pdf\"> del procedimiento adjunto<\/a>.<\/p>\n\t\t\t\t\t\t\t\t<\/div>\n\t\t\t\t<\/div>\n\t\t\t\t\t<\/div>\n\t\t<\/div>\n\t\t\t\t\t<\/div>\n\t\t<\/section>\n\t\t\t\t<\/div>\n\t\t","protected":false},"excerpt":{"rendered":"<p>C\u00f3mo llegar Multi-FemmesApartado de correos 83564, CP GarnierMontreal (QC), H2J 4E9Tel\u00e9fono: 514 523-1095Fax: 514 523-9569 Coordinadorcoordination@multifemmes.com Administraci\u00f3nadministration.mf@multifemmes.com Servicios externosservices.externes@multifemmes.comTel\u00e9fono: 514 523-2645Fax: 1 866 631-7198) Para cualquier solicitud o pregunta relacionada con la intervenci\u00f3n ll\u00e1menos al 514 523-1095. Tambi\u00e9n puede acceder a nuestra p\u00e1gina de facebook aqu\u00ed. Si desea presentar una queja por insatisfacci\u00f3n, puede hacerlo [&hellip;]<\/p>\n","protected":false},"author":2,"featured_media":0,"parent":0,"menu_order":0,"comment_status":"closed","ping_status":"closed","template":"","meta":{"footnotes":""},"class_list":["post-1329","page","type-page","status-publish","hentry"],"yoast_head":"<!-- This site is optimized with the Yoast SEO plugin v27.2 - https:\/\/yoast.com\/product\/yoast-seo-wordpress\/ -->\n<title>Multi-Femmes | Datos de contacto del refugio<\/title>\n<meta name=\"description\" content=\"Datos de contacto de Multi-Femmes para el coordinador, el asistente administrativo, los servicios externos o los trabajadores de alojamiento.\" \/>\n<meta name=\"robots\" content=\"index, follow, max-snippet:-1, max-image-preview:large, max-video-preview:-1\" \/>\n<link rel=\"canonical\" href=\"https:\/\/multifemmes.com\/es\/pongase-en-contacto-con\/\" \/>\n<meta property=\"og:locale\" content=\"es_ES\" \/>\n<meta property=\"og:type\" content=\"article\" \/>\n<meta property=\"og:title\" content=\"Multi-Femmes | Datos de contacto del refugio\" \/>\n<meta property=\"og:description\" content=\"Datos de contacto de Multi-Femmes para el coordinador, el asistente administrativo, los servicios externos o los trabajadores de alojamiento.\" \/>\n<meta property=\"og:url\" content=\"https:\/\/multifemmes.com\/es\/pongase-en-contacto-con\/\" \/>\n<meta property=\"og:site_name\" content=\"Multi-Femmes\" \/>\n<meta property=\"article:publisher\" content=\"https:\/\/www.facebook.com\/multifemmesviolenceconjugale\/\" \/>\n<meta property=\"article:modified_time\" content=\"2023-09-26T14:18:14+00:00\" \/>\n<meta name=\"twitter:card\" content=\"summary_large_image\" \/>\n<script type=\"application\/ld+json\" class=\"yoast-schema-graph\">{\"@context\":\"https:\/\/schema.org\",\"@graph\":[{\"@type\":\"WebPage\",\"@id\":\"https:\/\/multifemmes.com\/es\/pongase-en-contacto-con\/\",\"url\":\"https:\/\/multifemmes.com\/es\/pongase-en-contacto-con\/\",\"name\":\"Multi-Femmes | Datos de contacto del refugio\",\"isPartOf\":{\"@id\":\"https:\/\/multifemmes.com\/es\/#website\"},\"datePublished\":\"2023-09-06T18:20:24+00:00\",\"dateModified\":\"2023-09-26T14:18:14+00:00\",\"description\":\"Datos de contacto de Multi-Femmes para el coordinador, el asistente administrativo, los servicios externos o los trabajadores de alojamiento.\",\"breadcrumb\":{\"@id\":\"https:\/\/multifemmes.com\/es\/pongase-en-contacto-con\/#breadcrumb\"},\"inLanguage\":\"es\",\"potentialAction\":[{\"@type\":\"ReadAction\",\"target\":[\"https:\/\/multifemmes.com\/es\/pongase-en-contacto-con\/\"]}]},{\"@type\":\"BreadcrumbList\",\"@id\":\"https:\/\/multifemmes.com\/es\/pongase-en-contacto-con\/#breadcrumb\",\"itemListElement\":[{\"@type\":\"ListItem\",\"position\":1,\"name\":\"Accueil\",\"item\":\"https:\/\/multifemmes.com\/es\/\"},{\"@type\":\"ListItem\",\"position\":2,\"name\":\"Contacto\"}]},{\"@type\":\"WebSite\",\"@id\":\"https:\/\/multifemmes.com\/es\/#website\",\"url\":\"https:\/\/multifemmes.com\/es\/\",\"name\":\"Multi-Femmes\",\"description\":\"H\u00e9bergement pour femmes victimes de violence conjugale\",\"publisher\":{\"@id\":\"https:\/\/multifemmes.com\/es\/#organization\"},\"potentialAction\":[{\"@type\":\"SearchAction\",\"target\":{\"@type\":\"EntryPoint\",\"urlTemplate\":\"https:\/\/multifemmes.com\/es\/?s={search_term_string}\"},\"query-input\":{\"@type\":\"PropertyValueSpecification\",\"valueRequired\":true,\"valueName\":\"search_term_string\"}}],\"inLanguage\":\"es\"},{\"@type\":\"Organization\",\"@id\":\"https:\/\/multifemmes.com\/es\/#organization\",\"name\":\"multi-femmes\",\"url\":\"https:\/\/multifemmes.com\/es\/\",\"logo\":{\"@type\":\"ImageObject\",\"inLanguage\":\"es\",\"@id\":\"https:\/\/multifemmes.com\/es\/#\/schema\/logo\/image\/\",\"url\":\"http:\/\/multifemmes.com\/wp-content\/uploads\/2016\/06\/banner-1.jpg\",\"contentUrl\":\"http:\/\/multifemmes.com\/wp-content\/uploads\/2016\/06\/banner-1.jpg\",\"width\":309,\"height\":125,\"caption\":\"multi-femmes\"},\"image\":{\"@id\":\"https:\/\/multifemmes.com\/es\/#\/schema\/logo\/image\/\"},\"sameAs\":[\"https:\/\/www.facebook.com\/multifemmesviolenceconjugale\/\"]}]}<\/script>\n<!-- \/ Yoast SEO plugin. -->","yoast_head_json":{"title":"Multi-Femmes | Datos de contacto del refugio","description":"Datos de contacto de Multi-Femmes para el coordinador, el asistente administrativo, los servicios externos o los trabajadores de alojamiento.","robots":{"index":"index","follow":"follow","max-snippet":"max-snippet:-1","max-image-preview":"max-image-preview:large","max-video-preview":"max-video-preview:-1"},"canonical":"https:\/\/multifemmes.com\/es\/pongase-en-contacto-con\/","og_locale":"es_ES","og_type":"article","og_title":"Multi-Femmes | Datos de contacto del refugio","og_description":"Datos de contacto de Multi-Femmes para el coordinador, el asistente administrativo, los servicios externos o los trabajadores de alojamiento.","og_url":"https:\/\/multifemmes.com\/es\/pongase-en-contacto-con\/","og_site_name":"Multi-Femmes","article_publisher":"https:\/\/www.facebook.com\/multifemmesviolenceconjugale\/","article_modified_time":"2023-09-26T14:18:14+00:00","twitter_card":"summary_large_image","schema":{"@context":"https:\/\/schema.org","@graph":[{"@type":"WebPage","@id":"https:\/\/multifemmes.com\/es\/pongase-en-contacto-con\/","url":"https:\/\/multifemmes.com\/es\/pongase-en-contacto-con\/","name":"Multi-Femmes | Datos de contacto del refugio","isPartOf":{"@id":"https:\/\/multifemmes.com\/es\/#website"},"datePublished":"2023-09-06T18:20:24+00:00","dateModified":"2023-09-26T14:18:14+00:00","description":"Datos de contacto de Multi-Femmes para el coordinador, el asistente administrativo, los servicios externos o los trabajadores de alojamiento.","breadcrumb":{"@id":"https:\/\/multifemmes.com\/es\/pongase-en-contacto-con\/#breadcrumb"},"inLanguage":"es","potentialAction":[{"@type":"ReadAction","target":["https:\/\/multifemmes.com\/es\/pongase-en-contacto-con\/"]}]},{"@type":"BreadcrumbList","@id":"https:\/\/multifemmes.com\/es\/pongase-en-contacto-con\/#breadcrumb","itemListElement":[{"@type":"ListItem","position":1,"name":"Accueil","item":"https:\/\/multifemmes.com\/es\/"},{"@type":"ListItem","position":2,"name":"Contacto"}]},{"@type":"WebSite","@id":"https:\/\/multifemmes.com\/es\/#website","url":"https:\/\/multifemmes.com\/es\/","name":"Multi-Femmes","description":"H\u00e9bergement pour femmes victimes de violence conjugale","publisher":{"@id":"https:\/\/multifemmes.com\/es\/#organization"},"potentialAction":[{"@type":"SearchAction","target":{"@type":"EntryPoint","urlTemplate":"https:\/\/multifemmes.com\/es\/?s={search_term_string}"},"query-input":{"@type":"PropertyValueSpecification","valueRequired":true,"valueName":"search_term_string"}}],"inLanguage":"es"},{"@type":"Organization","@id":"https:\/\/multifemmes.com\/es\/#organization","name":"multi-femmes","url":"https:\/\/multifemmes.com\/es\/","logo":{"@type":"ImageObject","inLanguage":"es","@id":"https:\/\/multifemmes.com\/es\/#\/schema\/logo\/image\/","url":"http:\/\/multifemmes.com\/wp-content\/uploads\/2016\/06\/banner-1.jpg","contentUrl":"http:\/\/multifemmes.com\/wp-content\/uploads\/2016\/06\/banner-1.jpg","width":309,"height":125,"caption":"multi-femmes"},"image":{"@id":"https:\/\/multifemmes.com\/es\/#\/schema\/logo\/image\/"},"sameAs":["https:\/\/www.facebook.com\/multifemmesviolenceconjugale\/"]}]}},"_links":{"self":[{"href":"https:\/\/multifemmes.com\/es\/wp-json\/wp\/v2\/pages\/1329","targetHints":{"allow":["GET"]}}],"collection":[{"href":"https:\/\/multifemmes.com\/es\/wp-json\/wp\/v2\/pages"}],"about":[{"href":"https:\/\/multifemmes.com\/es\/wp-json\/wp\/v2\/types\/page"}],"author":[{"embeddable":true,"href":"https:\/\/multifemmes.com\/es\/wp-json\/wp\/v2\/users\/2"}],"replies":[{"embeddable":true,"href":"https:\/\/multifemmes.com\/es\/wp-json\/wp\/v2\/comments?post=1329"}],"version-history":[{"count":0,"href":"https:\/\/multifemmes.com\/es\/wp-json\/wp\/v2\/pages\/1329\/revisions"}],"wp:attachment":[{"href":"https:\/\/multifemmes.com\/es\/wp-json\/wp\/v2\/media?parent=1329"}],"curies":[{"name":"wp","href":"https:\/\/api.w.org\/{rel}","templated":true}]}}