{"id":692,"date":"2023-10-10T08:33:48","date_gmt":"2023-10-10T12:33:48","guid":{"rendered":"http:\/\/multifemmes.com\/?page_id=692"},"modified":"2023-10-10T08:35:42","modified_gmt":"2023-10-10T12:35:42","slug":"home","status":"publish","type":"page","link":"https:\/\/multifemmes.com\/en\/","title":{"rendered":"Home"},"content":{"rendered":"\t\t<div data-elementor-type=\"wp-post\" data-elementor-id=\"692\" class=\"elementor elementor-692 elementor-2\" data-elementor-post-type=\"page\">\n\t\t\t\t\t\t<section class=\"elementor-section elementor-top-section elementor-element elementor-element-29589f47 elementor-section-full_width elementor-section-height-default elementor-section-height-default\" data-id=\"29589f47\" data-element_type=\"section\" data-e-type=\"section\">\n\t\t\t\t\t\t<div class=\"elementor-container elementor-column-gap-no\">\n\t\t\t\t\t<div class=\"elementor-column elementor-col-100 elementor-top-column elementor-element elementor-element-17cf9374\" data-id=\"17cf9374\" data-element_type=\"column\" data-e-type=\"column\">\n\t\t\t<div class=\"elementor-widget-wrap elementor-element-populated\">\n\t\t\t\t\t\t<div class=\"elementor-element elementor-element-62f5395 elementor--h-position-right elementor--v-position-middle elementor-widget elementor-widget-global elementor-global-1478 elementor-global-627 elementor-widget-slides\" data-id=\"62f5395\" data-element_type=\"widget\" data-e-type=\"widget\" data-settings=\"{&quot;navigation&quot;:&quot;none&quot;,&quot;autoplay_speed&quot;:2000,&quot;transition&quot;:&quot;fade&quot;,&quot;transition_speed&quot;:1000,&quot;autoplay&quot;:&quot;yes&quot;,&quot;pause_on_interaction&quot;:&quot;yes&quot;,&quot;infinite&quot;:&quot;yes&quot;}\" data-widget_type=\"slides.default\">\n\t\t\t\t<div class=\"elementor-widget-container\">\n\t\t\t\t\t\t\t\t\t<div class=\"elementor-swiper\">\n\t\t\t\t\t<div class=\"elementor-slides-wrapper elementor-main-swiper swiper\" role=\"region\" aria-roledescription=\"carousel\" aria-label=\"Slides\" dir=\"ltr\" data-animation=\"\">\n\t\t\t\t<div class=\"swiper-wrapper elementor-slides\">\n\t\t\t\t\t\t\t\t\t\t<div class=\"elementor-repeater-item-bd5e2a5 swiper-slide\" role=\"group\" aria-roledescription=\"slide\"><div class=\"swiper-slide-bg\" role=\"img\" aria-label=\"multifemmes_banner_03\"><\/div><div class=\"swiper-slide-inner\" ><div class=\"swiper-slide-contents\"><div class=\"elementor-slide-heading\">External services <\/div><div class=\"elementor-slide-description\"><p><strong>24\/7<\/strong><br \/>\nFree and confidential services<\/p>\n<\/div><\/div><\/div><\/div><div class=\"elementor-repeater-item-ea0ee7b swiper-slide\" role=\"group\" aria-roledescription=\"slide\"><div class=\"swiper-slide-bg\" role=\"img\" aria-label=\"multifemmes_banner_01\"><\/div><div class=\"swiper-slide-inner\" ><div class=\"swiper-slide-contents\"><div class=\"elementor-slide-heading\">Shelter house<\/div><div class=\"elementor-slide-description\"><p><strong>24\/7<\/strong><br \/>\nFree external services<\/p>\n<\/div><\/div><\/div><\/div><div class=\"elementor-repeater-item-9c91975 swiper-slide\" role=\"group\" aria-roledescription=\"slide\"><div class=\"swiper-slide-bg\" role=\"img\" aria-label=\"multifemmes_banner_06\"><\/div><div class=\"swiper-slide-inner\" ><div class=\"swiper-slide-contents\"><div class=\"elementor-slide-heading\">External services<\/div><div class=\"elementor-slide-description\"><p><strong>24\/7<\/strong><br \/>\nAccompaniment without accommodation for women and their children<\/p>\n<\/div><\/div><\/div><\/div><div class=\"elementor-repeater-item-68dcb22 swiper-slide\" role=\"group\" aria-roledescription=\"slide\"><div class=\"swiper-slide-bg\" role=\"img\" aria-label=\"multifemmes_banner_02\"><\/div><div class=\"swiper-slide-inner\" ><div class=\"swiper-slide-contents\"><div class=\"elementor-slide-heading\">Shelter house<\/div><div class=\"elementor-slide-description\"><p><strong>24\/7<\/strong><br \/>\nFree and confidential services<\/p>\n<\/div><\/div><\/div><\/div><div class=\"elementor-repeater-item-2e020fa swiper-slide\" role=\"group\" aria-roledescription=\"slide\"><div class=\"swiper-slide-bg\" role=\"img\" aria-label=\"multifemmes_banner_04\"><\/div><div class=\"swiper-slide-inner\" ><div class=\"swiper-slide-contents\"><div class=\"elementor-slide-heading\">Shelter house<\/div><div class=\"elementor-slide-description\"><p><strong>24\/7<\/strong><br \/>\nFor women and their children<\/p>\n<\/div><\/div><\/div><\/div><div class=\"elementor-repeater-item-2855305 swiper-slide\" role=\"group\" aria-roledescription=\"slide\"><div class=\"swiper-slide-bg\" role=\"img\" aria-label=\"multifemmes_banner_08\"><\/div><div class=\"swiper-slide-inner\" ><div class=\"swiper-slide-contents\"><div class=\"elementor-slide-heading\">Shelter house<\/div><div class=\"elementor-slide-description\"><p><strong>24\/7<\/strong><br \/>\nInterpreters available free of charge<\/p>\n<\/div><\/div><\/div><\/div><div class=\"elementor-repeater-item-adec63c swiper-slide\" role=\"group\" aria-roledescription=\"slide\"><div class=\"swiper-slide-bg\" role=\"img\" aria-label=\"multifemmes_banner_05\"><\/div><div class=\"swiper-slide-inner\" ><div class=\"swiper-slide-contents\"><div class=\"elementor-slide-heading\">Shelter house<\/div><div class=\"elementor-slide-description\"><p><strong>24\/7<\/strong><br \/>\nFor women and their children<\/p>\n<\/div><\/div><\/div><\/div>\t\t\t\t<\/div>\n\t\t\t\t\t\t\t\t\t\t\t\t\t\t\t\t\t\t\t\t\t<\/div>\n\t\t\t\t<\/div>\n\t\t\t\t\t\t\t\t<\/div>\n\t\t\t\t<\/div>\n\t\t\t\t\t<\/div>\n\t\t<\/div>\n\t\t\t\t\t<\/div>\n\t\t<\/section>\n\t\t\t\t<section class=\"elementor-section elementor-top-section elementor-element elementor-element-e082c97 elementor-section-boxed elementor-section-height-default elementor-section-height-default\" data-id=\"e082c97\" data-element_type=\"section\" data-e-type=\"section\" data-settings=\"{&quot;background_background&quot;:&quot;classic&quot;}\">\n\t\t\t\t\t\t<div class=\"elementor-container elementor-column-gap-no\">\n\t\t\t\t\t<div class=\"elementor-column elementor-col-100 elementor-top-column elementor-element elementor-element-d1bbfe2\" data-id=\"d1bbfe2\" data-element_type=\"column\" data-e-type=\"column\">\n\t\t\t<div class=\"elementor-widget-wrap elementor-element-populated\">\n\t\t\t\t\t\t<section class=\"elementor-section elementor-inner-section elementor-element elementor-element-db6b87d elementor-section-boxed elementor-section-height-default elementor-section-height-default\" data-id=\"db6b87d\" data-element_type=\"section\" data-e-type=\"section\">\n\t\t\t\t\t\t<div class=\"elementor-container elementor-column-gap-default\">\n\t\t\t\t\t<div class=\"elementor-column elementor-col-33 elementor-inner-column elementor-element elementor-element-584b10a\" data-id=\"584b10a\" data-element_type=\"column\" data-e-type=\"column\">\n\t\t\t<div class=\"elementor-widget-wrap elementor-element-populated\">\n\t\t\t\t\t\t<div class=\"elementor-element elementor-element-5fbf1d65 elementor-widget elementor-widget-heading\" data-id=\"5fbf1d65\" data-element_type=\"widget\" data-e-type=\"widget\" data-widget_type=\"heading.default\">\n\t\t\t\t<div class=\"elementor-widget-container\">\n\t\t\t\t\t<h2 class=\"elementor-heading-title elementor-size-default\">Accomodation services<\/h2>\t\t\t\t<\/div>\n\t\t\t\t<\/div>\n\t\t\t\t\t<\/div>\n\t\t<\/div>\n\t\t\t\t<div class=\"elementor-column elementor-col-66 elementor-inner-column elementor-element elementor-element-f92e017\" data-id=\"f92e017\" data-element_type=\"column\" data-e-type=\"column\">\n\t\t\t<div class=\"elementor-widget-wrap elementor-element-populated\">\n\t\t\t\t\t\t<div class=\"elementor-element elementor-element-74acf9e7 elementor-widget elementor-widget-text-editor\" data-id=\"74acf9e7\" data-element_type=\"widget\" data-e-type=\"widget\" data-widget_type=\"text-editor.default\">\n\t\t\t\t<div class=\"elementor-widget-container\">\n\t\t\t\t\t\t\t\t\t<h5>Multi-Femmes is a shelter for women victims of domestic violence. The house has a capacity of 15 places, 6 women and 9 children. The stay is short term and can vary from a few days to a few months.<\/h5><p>All services offered are free and confidential. Formal, informal, individual or group meetings, as well as assistance for formalities are services offered during the accommodation.<\/p><p>The shelter is a home. Each family has its own room, the other rooms are common areas.<\/p><h5>Call us at 514-523-1095<\/h5><p>* Interpreter service available as needed<\/p>\t\t\t\t\t\t\t\t<\/div>\n\t\t\t\t<\/div>\n\t\t\t\t\t<\/div>\n\t\t<\/div>\n\t\t\t\t\t<\/div>\n\t\t<\/section>\n\t\t\t\t<section class=\"elementor-section elementor-inner-section elementor-element elementor-element-46351ac elementor-section-boxed elementor-section-height-default elementor-section-height-default\" data-id=\"46351ac\" data-element_type=\"section\" data-e-type=\"section\">\n\t\t\t\t\t\t<div class=\"elementor-container elementor-column-gap-default\">\n\t\t\t\t\t<div class=\"elementor-column elementor-col-33 elementor-inner-column elementor-element elementor-element-a42df87\" data-id=\"a42df87\" data-element_type=\"column\" data-e-type=\"column\">\n\t\t\t<div class=\"elementor-widget-wrap elementor-element-populated\">\n\t\t\t\t\t\t<div class=\"elementor-element elementor-element-ec3de13 elementor-widget elementor-widget-heading\" data-id=\"ec3de13\" data-element_type=\"widget\" data-e-type=\"widget\" data-widget_type=\"heading.default\">\n\t\t\t\t<div class=\"elementor-widget-container\">\n\t\t\t\t\t<h2 class=\"elementor-heading-title elementor-size-default\">External services<\/h2>\t\t\t\t<\/div>\n\t\t\t\t<\/div>\n\t\t\t\t\t<\/div>\n\t\t<\/div>\n\t\t\t\t<div class=\"elementor-column elementor-col-66 elementor-inner-column elementor-element elementor-element-c16baee\" data-id=\"c16baee\" data-element_type=\"column\" data-e-type=\"column\">\n\t\t\t<div class=\"elementor-widget-wrap elementor-element-populated\">\n\t\t\t\t\t\t<div class=\"elementor-element elementor-element-b765829 elementor-widget elementor-widget-text-editor\" data-id=\"b765829\" data-element_type=\"widget\" data-e-type=\"widget\" data-widget_type=\"text-editor.default\">\n\t\t\t\t<div class=\"elementor-widget-container\">\n\t\t\t\t\t\t\t\t\t<h5>Multi-Femmes also offers external services that focus on two areas: follow-ups without accommodation and post-accommodation follow-ups.<\/h5><p>Women who do not need or need to be sheltered can benefit from listening services, support in their experience and their formalities, always with a view to regaining power over their lives. Their children, exposed to domestic violence or post-separation violence, can also be supported in what they are going through.<\/p><h5>Call us at 514-523-2645<\/h5>\t\t\t\t\t\t\t\t<\/div>\n\t\t\t\t<\/div>\n\t\t\t\t\t<\/div>\n\t\t<\/div>\n\t\t\t\t\t<\/div>\n\t\t<\/section>\n\t\t\t\t\t<\/div>\n\t\t<\/div>\n\t\t\t\t\t<\/div>\n\t\t<\/section>\n\t\t\t\t<section class=\"elementor-section elementor-top-section elementor-element elementor-element-35b46810 elementor-section-full_width elementor-section-height-default elementor-section-height-default\" data-id=\"35b46810\" data-element_type=\"section\" data-e-type=\"section\">\n\t\t\t\t\t\t<div class=\"elementor-container elementor-column-gap-no\">\n\t\t\t\t\t<div class=\"elementor-column elementor-col-100 elementor-top-column elementor-element elementor-element-2c18ce30\" data-id=\"2c18ce30\" data-element_type=\"column\" data-e-type=\"column\">\n\t\t\t<div class=\"elementor-widget-wrap elementor-element-populated\">\n\t\t\t\t\t\t<section class=\"elementor-section elementor-inner-section elementor-element elementor-element-f9c5e54 elementor-section-full_width elementor-section-content-middle elementor-section-height-default elementor-section-height-default\" data-id=\"f9c5e54\" data-element_type=\"section\" data-e-type=\"section\">\n\t\t\t\t\t\t<div class=\"elementor-container elementor-column-gap-no\">\n\t\t\t\t\t<div class=\"elementor-column elementor-col-33 elementor-inner-column elementor-element elementor-element-1b00392e\" data-id=\"1b00392e\" data-element_type=\"column\" data-e-type=\"column\">\n\t\t\t<div class=\"elementor-widget-wrap elementor-element-populated\">\n\t\t\t\t\t\t<div class=\"elementor-element elementor-element-481c5f2 elementor-cta--skin-cover elementor-cta--valign-middle elementor-widget elementor-widget-call-to-action\" data-id=\"481c5f2\" data-element_type=\"widget\" data-e-type=\"widget\" data-widget_type=\"call-to-action.default\">\n\t\t\t\t<div class=\"elementor-widget-container\">\n\t\t\t\t\t\t\t<a class=\"elementor-cta\" href=\"https:\/\/multifemmes.com\/en\/preparing-to-leave\/\">\n\t\t\t\t\t<div class=\"elementor-cta__bg-wrapper\">\n\t\t\t\t<div class=\"elementor-cta__bg elementor-bg\" style=\"background-image: url(https:\/\/multifemmes.com\/wp-content\/uploads\/bg-protect@2x.jpg);\" role=\"img\" aria-label=\"bg-protect@2x\"><\/div>\n\t\t\t\t<div class=\"elementor-cta__bg-overlay\"><\/div>\n\t\t\t<\/div>\n\t\t\t\t\t\t\t<div class=\"elementor-cta__content\">\n\t\t\t\t\t\t\t\t\t<div class=\"elementor-content-item elementor-cta__content-item elementor-cta__image\">\n\t\t\t\t\t\t<img decoding=\"async\" src=\"https:\/\/multifemmes.com\/wp-content\/uploads\/icon-protect.svg\" title=\"icon-protect\" alt=\"icon-protect\" loading=\"lazy\" \/>\t\t\t\t\t<\/div>\n\t\t\t\t\n\t\t\t\t\t\t\t\t\t<h2 class=\"elementor-cta__title elementor-cta__content-item elementor-content-item\">\n\t\t\t\t\t\tProtect Yourself\t\t\t\t\t<\/h2>\n\t\t\t\t\n\t\t\t\t\t\t\t\t\t<div class=\"elementor-cta__description elementor-cta__content-item elementor-content-item\">\n\t\t\t\t\t\tHow to protect yourself\t\t\t\t\t<\/div>\n\t\t\t\t\n\t\t\t\t\t\t\t<\/div>\n\t\t\t\t\t\t<\/a>\n\t\t\t\t\t\t<\/div>\n\t\t\t\t<\/div>\n\t\t\t\t\t<\/div>\n\t\t<\/div>\n\t\t\t\t<div class=\"elementor-column elementor-col-33 elementor-inner-column elementor-element elementor-element-4f10ae96\" data-id=\"4f10ae96\" data-element_type=\"column\" data-e-type=\"column\">\n\t\t\t<div class=\"elementor-widget-wrap elementor-element-populated\">\n\t\t\t\t\t\t<div class=\"elementor-element elementor-element-1fe5e477 elementor-cta--skin-cover elementor-cta--valign-middle elementor-widget elementor-widget-call-to-action\" data-id=\"1fe5e477\" data-element_type=\"widget\" data-e-type=\"widget\" data-widget_type=\"call-to-action.default\">\n\t\t\t\t<div class=\"elementor-widget-container\">\n\t\t\t\t\t\t\t<a class=\"elementor-cta\" href=\"https:\/\/multifemmes.com\/en\/domestic-violence\/\">\n\t\t\t\t\t<div class=\"elementor-cta__bg-wrapper\">\n\t\t\t\t<div class=\"elementor-cta__bg elementor-bg\" style=\"background-image: url(https:\/\/multifemmes.com\/wp-content\/uploads\/bg-fight@2x.jpg);\" role=\"img\" aria-label=\"bg-fight@2x\"><\/div>\n\t\t\t\t<div class=\"elementor-cta__bg-overlay\"><\/div>\n\t\t\t<\/div>\n\t\t\t\t\t\t\t<div class=\"elementor-cta__content\">\n\t\t\t\t\t\t\t\t\t<div class=\"elementor-content-item elementor-cta__content-item elementor-cta__image\">\n\t\t\t\t\t\t<img decoding=\"async\" src=\"https:\/\/multifemmes.com\/wp-content\/uploads\/icon-fight.svg\" title=\"icon-fight\" alt=\"icon-fight\" loading=\"lazy\" \/>\t\t\t\t\t<\/div>\n\t\t\t\t\n\t\t\t\t\t\t\t\t\t<h2 class=\"elementor-cta__title elementor-cta__content-item elementor-content-item\">\n\t\t\t\t\t\tDomestic violence\t\t\t\t\t<\/h2>\n\t\t\t\t\n\t\t\t\t\t\t\t\t\t<div class=\"elementor-cta__description elementor-cta__content-item elementor-content-item\">\n\t\t\t\t\t\tHow to identify violence by recognizing the cycle\t\t\t\t\t<\/div>\n\t\t\t\t\n\t\t\t\t\t\t\t<\/div>\n\t\t\t\t\t\t<\/a>\n\t\t\t\t\t\t<\/div>\n\t\t\t\t<\/div>\n\t\t\t\t\t<\/div>\n\t\t<\/div>\n\t\t\t\t<div class=\"elementor-column elementor-col-33 elementor-inner-column elementor-element elementor-element-62981b15\" data-id=\"62981b15\" data-element_type=\"column\" data-e-type=\"column\">\n\t\t\t<div class=\"elementor-widget-wrap elementor-element-populated\">\n\t\t\t\t\t\t<div class=\"elementor-element elementor-element-5ce950ca elementor-cta--skin-cover elementor-cta--valign-middle elementor-widget elementor-widget-call-to-action\" data-id=\"5ce950ca\" data-element_type=\"widget\" data-e-type=\"widget\" data-widget_type=\"call-to-action.default\">\n\t\t\t\t<div class=\"elementor-widget-container\">\n\t\t\t\t\t\t\t<a class=\"elementor-cta\" href=\"https:\/\/www.canadahelps.org\/en\/dn\/26763\" target=\"_blank\">\n\t\t\t\t\t<div class=\"elementor-cta__bg-wrapper\">\n\t\t\t\t<div class=\"elementor-cta__bg elementor-bg\" style=\"background-image: url(https:\/\/multifemmes.com\/wp-content\/uploads\/bg-give@2x.jpg);\" role=\"img\" aria-label=\"bg-give@2x\"><\/div>\n\t\t\t\t<div class=\"elementor-cta__bg-overlay\"><\/div>\n\t\t\t<\/div>\n\t\t\t\t\t\t\t<div class=\"elementor-cta__content\">\n\t\t\t\t\t\t\t\t\t<div class=\"elementor-content-item elementor-cta__content-item elementor-cta__image\">\n\t\t\t\t\t\t<img decoding=\"async\" src=\"https:\/\/multifemmes.com\/wp-content\/uploads\/icon-give.svg\" title=\"icon-give\" alt=\"icon-give\" loading=\"lazy\" \/>\t\t\t\t\t<\/div>\n\t\t\t\t\n\t\t\t\t\t\t\t\t\t<h2 class=\"elementor-cta__title elementor-cta__content-item elementor-content-item\">\n\t\t\t\t\t\tDonate !\t\t\t\t\t<\/h2>\n\t\t\t\t\n\t\t\t\t\t\t\t\t\t<div class=\"elementor-cta__description elementor-cta__content-item elementor-content-item\">\n\t\t\t\t\t\tSupport domestic violence victims. Visit canadon.org to donate easily!\t\t\t\t\t<\/div>\n\t\t\t\t\n\t\t\t\t\t\t\t<\/div>\n\t\t\t\t\t\t<\/a>\n\t\t\t\t\t\t<\/div>\n\t\t\t\t<\/div>\n\t\t\t\t\t<\/div>\n\t\t<\/div>\n\t\t\t\t\t<\/div>\n\t\t<\/section>\n\t\t\t\t\t<\/div>\n\t\t<\/div>\n\t\t\t\t\t<\/div>\n\t\t<\/section>\n\t\t\t\t<\/div>\n\t\t","protected":false},"excerpt":{"rendered":"<p>External services 24\/7 Free and confidential services Shelter house 24\/7 Free external services External services 24\/7 Accompaniment without accommodation for women and their children Shelter house 24\/7 Free and confidential services Shelter house 24\/7 For women and their children Shelter house 24\/7 Interpreters available free of charge Shelter house 24\/7 For women and their children [&hellip;]<\/p>\n","protected":false},"author":2,"featured_media":0,"parent":0,"menu_order":0,"comment_status":"closed","ping_status":"open","template":"","meta":{"footnotes":""},"class_list":["post-692","page","type-page","status-publish","hentry"],"yoast_head":"<!-- This site is optimized with the Yoast SEO plugin v27.2 - https:\/\/yoast.com\/product\/yoast-seo-wordpress\/ -->\n<title>Multi-femmes | H\u00e9bergement pour femmes victimes de violence conjugale<\/title>\n<meta name=\"description\" content=\"Maison d\u2019h\u00e9bergement pour les femmes victimes de violence conjugale. Situ\u00e9e \u00e0 Montr\u00e9al, la maison offre des services gratuits, confidentiels et s\u00e9curitaires\" \/>\n<meta name=\"robots\" content=\"index, follow, max-snippet:-1, max-image-preview:large, max-video-preview:-1\" \/>\n<link rel=\"canonical\" href=\"https:\/\/multifemmes.com\/en\/\" \/>\n<meta property=\"og:locale\" content=\"en_US\" \/>\n<meta property=\"og:type\" content=\"article\" \/>\n<meta property=\"og:title\" content=\"Multi-femmes | H\u00e9bergement pour femmes victimes de violence conjugale\" \/>\n<meta property=\"og:description\" content=\"Maison d\u2019h\u00e9bergement pour les femmes victimes de violence conjugale. Situ\u00e9e \u00e0 Montr\u00e9al, la maison offre des services gratuits, confidentiels et s\u00e9curitaires\" \/>\n<meta property=\"og:url\" content=\"https:\/\/multifemmes.com\/en\/\" \/>\n<meta property=\"og:site_name\" content=\"Multi-Femmes\" \/>\n<meta property=\"article:publisher\" content=\"https:\/\/www.facebook.com\/multifemmesviolenceconjugale\/\" \/>\n<meta property=\"article:modified_time\" content=\"2023-10-10T12:35:42+00:00\" \/>\n<meta property=\"og:image\" content=\"https:\/\/multifemmes.com\/wp-content\/uploads\/icon-protect.svg\" \/>\n<meta name=\"twitter:card\" content=\"summary_large_image\" \/>\n<meta name=\"twitter:label1\" content=\"Est. reading time\" \/>\n\t<meta name=\"twitter:data1\" content=\"3 minutes\" \/>\n<script type=\"application\/ld+json\" class=\"yoast-schema-graph\">{\"@context\":\"https:\/\/schema.org\",\"@graph\":[{\"@type\":\"WebPage\",\"@id\":\"https:\/\/multifemmes.com\/en\/\",\"url\":\"https:\/\/multifemmes.com\/en\/\",\"name\":\"Multi-femmes | H\u00e9bergement pour femmes victimes de violence conjugale\",\"isPartOf\":{\"@id\":\"https:\/\/multifemmes.com\/en\/#website\"},\"primaryImageOfPage\":{\"@id\":\"https:\/\/multifemmes.com\/en\/#primaryimage\"},\"image\":{\"@id\":\"https:\/\/multifemmes.com\/en\/#primaryimage\"},\"thumbnailUrl\":\"https:\/\/multifemmes.com\/wp-content\/uploads\/icon-protect.svg\",\"datePublished\":\"2023-10-10T12:33:48+00:00\",\"dateModified\":\"2023-10-10T12:35:42+00:00\",\"description\":\"Maison d\u2019h\u00e9bergement pour les femmes victimes de violence conjugale. Situ\u00e9e \u00e0 Montr\u00e9al, la maison offre des services gratuits, confidentiels et s\u00e9curitaires\",\"breadcrumb\":{\"@id\":\"https:\/\/multifemmes.com\/en\/#breadcrumb\"},\"inLanguage\":\"en-US\",\"potentialAction\":[{\"@type\":\"ReadAction\",\"target\":[\"https:\/\/multifemmes.com\/en\/\"]}]},{\"@type\":\"ImageObject\",\"inLanguage\":\"en-US\",\"@id\":\"https:\/\/multifemmes.com\/en\/#primaryimage\",\"url\":\"https:\/\/multifemmes.com\/wp-content\/uploads\/icon-protect.svg\",\"contentUrl\":\"https:\/\/multifemmes.com\/wp-content\/uploads\/icon-protect.svg\"},{\"@type\":\"BreadcrumbList\",\"@id\":\"https:\/\/multifemmes.com\/en\/#breadcrumb\",\"itemListElement\":[{\"@type\":\"ListItem\",\"position\":1,\"name\":\"Accueil\",\"item\":\"https:\/\/multifemmes.com\/en\/\"},{\"@type\":\"ListItem\",\"position\":2,\"name\":\"Home\"}]},{\"@type\":\"WebSite\",\"@id\":\"https:\/\/multifemmes.com\/en\/#website\",\"url\":\"https:\/\/multifemmes.com\/en\/\",\"name\":\"Multi-Femmes\",\"description\":\"H\u00e9bergement pour femmes victimes de violence conjugale\",\"publisher\":{\"@id\":\"https:\/\/multifemmes.com\/en\/#organization\"},\"potentialAction\":[{\"@type\":\"SearchAction\",\"target\":{\"@type\":\"EntryPoint\",\"urlTemplate\":\"https:\/\/multifemmes.com\/en\/?s={search_term_string}\"},\"query-input\":{\"@type\":\"PropertyValueSpecification\",\"valueRequired\":true,\"valueName\":\"search_term_string\"}}],\"inLanguage\":\"en-US\"},{\"@type\":\"Organization\",\"@id\":\"https:\/\/multifemmes.com\/en\/#organization\",\"name\":\"multi-femmes\",\"url\":\"https:\/\/multifemmes.com\/en\/\",\"logo\":{\"@type\":\"ImageObject\",\"inLanguage\":\"en-US\",\"@id\":\"https:\/\/multifemmes.com\/en\/#\/schema\/logo\/image\/\",\"url\":\"http:\/\/multifemmes.com\/wp-content\/uploads\/2016\/06\/banner-1.jpg\",\"contentUrl\":\"http:\/\/multifemmes.com\/wp-content\/uploads\/2016\/06\/banner-1.jpg\",\"width\":309,\"height\":125,\"caption\":\"multi-femmes\"},\"image\":{\"@id\":\"https:\/\/multifemmes.com\/en\/#\/schema\/logo\/image\/\"},\"sameAs\":[\"https:\/\/www.facebook.com\/multifemmesviolenceconjugale\/\"]}]}<\/script>\n<!-- \/ Yoast SEO plugin. -->","yoast_head_json":{"title":"Multi-femmes | H\u00e9bergement pour femmes victimes de violence conjugale","description":"Maison d\u2019h\u00e9bergement pour les femmes victimes de violence conjugale. Situ\u00e9e \u00e0 Montr\u00e9al, la maison offre des services gratuits, confidentiels et s\u00e9curitaires","robots":{"index":"index","follow":"follow","max-snippet":"max-snippet:-1","max-image-preview":"max-image-preview:large","max-video-preview":"max-video-preview:-1"},"canonical":"https:\/\/multifemmes.com\/en\/","og_locale":"en_US","og_type":"article","og_title":"Multi-femmes | H\u00e9bergement pour femmes victimes de violence conjugale","og_description":"Maison d\u2019h\u00e9bergement pour les femmes victimes de violence conjugale. Situ\u00e9e \u00e0 Montr\u00e9al, la maison offre des services gratuits, confidentiels et s\u00e9curitaires","og_url":"https:\/\/multifemmes.com\/en\/","og_site_name":"Multi-Femmes","article_publisher":"https:\/\/www.facebook.com\/multifemmesviolenceconjugale\/","article_modified_time":"2023-10-10T12:35:42+00:00","og_image":[{"url":"https:\/\/multifemmes.com\/wp-content\/uploads\/icon-protect.svg","type":"","width":"","height":""}],"twitter_card":"summary_large_image","twitter_misc":{"Est. reading time":"3 minutes"},"schema":{"@context":"https:\/\/schema.org","@graph":[{"@type":"WebPage","@id":"https:\/\/multifemmes.com\/en\/","url":"https:\/\/multifemmes.com\/en\/","name":"Multi-femmes | H\u00e9bergement pour femmes victimes de violence conjugale","isPartOf":{"@id":"https:\/\/multifemmes.com\/en\/#website"},"primaryImageOfPage":{"@id":"https:\/\/multifemmes.com\/en\/#primaryimage"},"image":{"@id":"https:\/\/multifemmes.com\/en\/#primaryimage"},"thumbnailUrl":"https:\/\/multifemmes.com\/wp-content\/uploads\/icon-protect.svg","datePublished":"2023-10-10T12:33:48+00:00","dateModified":"2023-10-10T12:35:42+00:00","description":"Maison d\u2019h\u00e9bergement pour les femmes victimes de violence conjugale. Situ\u00e9e \u00e0 Montr\u00e9al, la maison offre des services gratuits, confidentiels et s\u00e9curitaires","breadcrumb":{"@id":"https:\/\/multifemmes.com\/en\/#breadcrumb"},"inLanguage":"en-US","potentialAction":[{"@type":"ReadAction","target":["https:\/\/multifemmes.com\/en\/"]}]},{"@type":"ImageObject","inLanguage":"en-US","@id":"https:\/\/multifemmes.com\/en\/#primaryimage","url":"https:\/\/multifemmes.com\/wp-content\/uploads\/icon-protect.svg","contentUrl":"https:\/\/multifemmes.com\/wp-content\/uploads\/icon-protect.svg"},{"@type":"BreadcrumbList","@id":"https:\/\/multifemmes.com\/en\/#breadcrumb","itemListElement":[{"@type":"ListItem","position":1,"name":"Accueil","item":"https:\/\/multifemmes.com\/en\/"},{"@type":"ListItem","position":2,"name":"Home"}]},{"@type":"WebSite","@id":"https:\/\/multifemmes.com\/en\/#website","url":"https:\/\/multifemmes.com\/en\/","name":"Multi-Femmes","description":"H\u00e9bergement pour femmes victimes de violence conjugale","publisher":{"@id":"https:\/\/multifemmes.com\/en\/#organization"},"potentialAction":[{"@type":"SearchAction","target":{"@type":"EntryPoint","urlTemplate":"https:\/\/multifemmes.com\/en\/?s={search_term_string}"},"query-input":{"@type":"PropertyValueSpecification","valueRequired":true,"valueName":"search_term_string"}}],"inLanguage":"en-US"},{"@type":"Organization","@id":"https:\/\/multifemmes.com\/en\/#organization","name":"multi-femmes","url":"https:\/\/multifemmes.com\/en\/","logo":{"@type":"ImageObject","inLanguage":"en-US","@id":"https:\/\/multifemmes.com\/en\/#\/schema\/logo\/image\/","url":"http:\/\/multifemmes.com\/wp-content\/uploads\/2016\/06\/banner-1.jpg","contentUrl":"http:\/\/multifemmes.com\/wp-content\/uploads\/2016\/06\/banner-1.jpg","width":309,"height":125,"caption":"multi-femmes"},"image":{"@id":"https:\/\/multifemmes.com\/en\/#\/schema\/logo\/image\/"},"sameAs":["https:\/\/www.facebook.com\/multifemmesviolenceconjugale\/"]}]}},"_links":{"self":[{"href":"https:\/\/multifemmes.com\/en\/wp-json\/wp\/v2\/pages\/692","targetHints":{"allow":["GET"]}}],"collection":[{"href":"https:\/\/multifemmes.com\/en\/wp-json\/wp\/v2\/pages"}],"about":[{"href":"https:\/\/multifemmes.com\/en\/wp-json\/wp\/v2\/types\/page"}],"author":[{"embeddable":true,"href":"https:\/\/multifemmes.com\/en\/wp-json\/wp\/v2\/users\/2"}],"replies":[{"embeddable":true,"href":"https:\/\/multifemmes.com\/en\/wp-json\/wp\/v2\/comments?post=692"}],"version-history":[{"count":4,"href":"https:\/\/multifemmes.com\/en\/wp-json\/wp\/v2\/pages\/692\/revisions"}],"predecessor-version":[{"id":1589,"href":"https:\/\/multifemmes.com\/en\/wp-json\/wp\/v2\/pages\/692\/revisions\/1589"}],"wp:attachment":[{"href":"https:\/\/multifemmes.com\/en\/wp-json\/wp\/v2\/media?parent=692"}],"curies":[{"name":"wp","href":"https:\/\/api.w.org\/{rel}","templated":true}]}}